{"id":264053,"date":"2026-03-12T15:58:18","date_gmt":"2026-03-12T13:58:18","guid":{"rendered":"https:\/\/tellimused.stiilne.ee\/toode\/helesinine-suvine-pusa-liblikad-kohe-laos-viimane-m38-40-suurus-super-hind\/"},"modified":"2026-04-07T11:07:34","modified_gmt":"2026-04-07T08:07:34","slug":"sviesiai-melyna-vasarine-palaidine-drugeliai-naujausias-m38-40-dydis-super-kaina","status":"publish","type":"product","link":"https:\/\/tellimused.stiilne.ee\/lt\/produktas\/sviesiai-melyna-vasarine-palaidine-drugeliai-naujausias-m38-40-dydis-super-kaina\/","title":{"rendered":"\u0160viesiai m\u0117lyna vasarin\u0117 palaidin\u0117 &#8222;Drugeliai&#8221; &#8211; naujausias M(38-40) dydis &#8211; SUPER KAINA"},"content":{"rendered":"<div class=\"relative basis-auto flex-col -mb-(--composer-overlap-px) [--composer-overlap-px:28px] grow flex overflow-hidden\">\n<div class=\"relative h-full\">\n<div class=\"flex h-full flex-col overflow-y-auto [scrollbar-gutter:stable_both-edges] thread-xl:pt-(--header-height)\">\n<div class=\"flex flex-col text-sm thread-xl:pt-header-height pb-25\">\n<article class=\"text-token-text-primary w-full focus:outline-none scroll-mt-[calc(var(--header-height)+min(200px,max(70px,20svh)))]\" dir=\"auto\" tabindex=\"-1\" data-turn-id=\"ea5d345f-5bba-4ebb-ae06-1728f29cc64a\" data-testid=\"conversation-turn-2\" data-scroll-anchor=\"true\" data-turn=\"assistant\">\n<div class=\"text-base my-auto mx-auto pb-10 [--thread-content-margin:--spacing(4)] thread-sm:[--thread-content-margin:--spacing(6)] thread-lg:[--thread-content-margin:--spacing(16)] px-(--thread-content-margin)\">\n<div class=\"[--thread-content-max-width:40rem] thread-sm:[--thread-content-max-width:40rem] thread-lg:[--thread-content-max-width:48rem] mx-auto max-w-(--thread-content-max-width) flex-1 group\/turn-messages focus-visible:outline-hidden relative flex w-full min-w-0 flex-col agent-turn\" tabindex=\"-1\">\n<div class=\"flex max-w-full flex-col grow\">\n<div class=\"min-h-8 text-message relative flex w-full flex-col items-end gap-2 text-start break-words whitespace-normal [.text-message+&amp;]:mt-5\" dir=\"auto\" data-message-author-role=\"assistant\" data-message-id=\"122c2a78-8a37-4161-9832-b9b894803df7\" data-message-model-slug=\"gpt-5\">\n<div class=\"flex w-full flex-col gap-1 empty:hidden first:pt-[3px]\">\n<div class=\"markdown prose dark:prose-invert w-full break-words light markdown-new-styling\">\n<h3 data-start=\"134\" data-end=\"204\">&#8222;Yemi Design&#8221; megztiniai ir megztin\u0117s suknel\u0117s &#8211; patog\u016bs, mink\u0161ti ir jauk\u016bs<\/h3>\n<p data-start=\"206\" data-end=\"410\">&#8222;Yemi Design&#8221; palaidin\u0117s ir palaidini\u0173 suknel\u0117s sukurtos atsi\u017evelgiant \u012f patogum\u0105, gro\u017e\u012f ir prakti\u0161kum\u0105. Estijoje rank\u0173 darbo, jos tinka d\u0117v\u0117ti bet kuriuo met\u0173 laiku &#8211; darbe, namuose ar laisvalaikiu. <\/p>\n<p data-start=\"412\" data-end=\"461\"><strong data-start=\"412\" data-end=\"459\">Kod\u0117l verta rinktis &#8222;Yemi Design&#8221; palaidin\u0119 arba palaidin\u0117s suknel\u0119?<\/strong><\/p>\n<ul data-start=\"462\" data-end=\"816\">\n<li data-start=\"462\" data-end=\"526\">\n<p data-start=\"464\" data-end=\"526\"><strong data-start=\"464\" data-end=\"488\">Patogi ir universali<\/strong> &#8211; tinka visiems keturiems met\u0173 laikams.<\/p>\n<\/li>\n<li data-start=\"527\" data-end=\"646\">\n<p data-start=\"529\" data-end=\"646\"><strong data-start=\"529\" data-end=\"554\">Mink\u0161tas ir draugi\u0161kas odai<\/strong> &#8211; pagamintas tik i\u0161 &#8222;Oeko-Tex 100&#8221; sertifikuot\u0173 audini\u0173, tinkam\u0173 alergi\u0161kiems \u017emon\u0117ms.<\/p>\n<\/li>\n<li data-start=\"647\" data-end=\"732\">\n<p data-start=\"649\" data-end=\"732\"><strong data-start=\"649\" data-end=\"663\">Prakti\u0161kas<\/strong> &#8211; idealiai tinka ir kasdieniam darbui, ir laisvalaikiui.<\/p>\n<\/li>\n<li data-start=\"733\" data-end=\"816\">\n<p data-start=\"735\" data-end=\"816\"><strong data-start=\"735\" data-end=\"756\">Vietiniai rankdarbiai<\/strong> &#8211; visos palaidin\u0117s ir suknel\u0117s kuriamos ir siuvamos Estijoje.<\/p>\n<\/li>\n<\/ul>\n<p data-start=\"818\" data-end=\"989\"><strong data-start=\"818\" data-end=\"831\">Audinys:<\/strong><br data-start=\"831\" data-end=\"834\">95 % medviln\u0117 ir 5 % elastanas &#8211; elastingas, mink\u0161tas ir patvarus. Visi audiniai turi &#8222;Oeko-Tex 100&#8221; sertifikat\u0105, o tai rei\u0161kia, kad jie saug\u016bs ir jautriai odai.<\/p>\n<p data-start=\"991\" data-end=\"1006\"><strong data-start=\"991\" data-end=\"1004\">Pristatymo laikas:<\/strong><\/p>\n<ul data-start=\"1007\" data-end=\"1194\">\n<li data-start=\"1007\" data-end=\"1114\">\n<p data-start=\"1009\" data-end=\"1114\"><strong data-start=\"1009\" data-end=\"1038\">Dyd\u017eiai sand\u0117lyje<\/strong>: 1-4 dienos (u\u017esakymai, pateikti darbo dien\u0105 iki 17:00, bus i\u0161si\u0173sti t\u0105 pa\u010di\u0105 dien\u0105).<\/p>\n<\/li>\n<li data-start=\"1115\" data-end=\"1194\">\n<p data-start=\"1117\" data-end=\"1194\"><strong data-start=\"1117\" data-end=\"1140\">Dyd\u017eiai pagal u\u017esakym\u0105<\/strong>: iki 15 dien\u0173 (siuntiniai da\u017enai pristatomi grei\u010diau).<\/p>\n<\/li>\n<\/ul>\n<p data-start=\"1196\" data-end=\"1435\"><strong data-start=\"1196\" data-end=\"1230\">Kod\u0117l klientai mus m\u0117gsta?<\/strong><br data-start=\"1230\" data-end=\"1233\">M\u016bs\u0173 palaidini\u0173 kirpimai kuriami ir pritaikomi atsi\u017evelgiant \u012f klient\u0173 atsiliepimus, kad b\u016bt\u0173 u\u017etikrintas geriausias \u012fmanomas patogumas ir prigludimas. Tod\u0117l tiek daug klient\u0173 v\u0117l ir v\u0117l pas mus sugr\u012f\u017eta. <\/p>\n<p data-start=\"1437\" data-end=\"1606\"><strong data-start=\"1437\" data-end=\"1452\">Stiliaus patarimas:<\/strong><br data-start=\"1452\" data-end=\"1455\">I\u0161sirinkite m\u0117gstam\u0105 ra\u0161tuot\u0105 palaidin\u0119 ir derinkite j\u0105 su keln\u0117mis arba vienspalviu sijonu &#8211; taip greitai sukursite patogi\u0105 ir stiling\u0105 aprang\u0105 naujai dienai.<\/p>\n<p data-start=\"1608\" data-end=\"1623\"><strong data-start=\"1608\" data-end=\"1621\">Daugiau informacijos:<\/strong><\/p>\n<ul data-start=\"1624\" data-end=\"1830\">\n<li data-start=\"1624\" data-end=\"1722\">\n<p data-start=\"1626\" data-end=\"1722\">S\u0117dmenys atitinka standartinius dyd\u017eius. Jei norite erdvesni\u0173 kelnai\u010di\u0173, padidinkite dyd\u012f vienu dyd\u017eiu. <\/p>\n<\/li>\n<li data-start=\"1723\" data-end=\"1830\">\n<p data-start=\"1725\" data-end=\"1830\">J\u0173 taip pat galite \u012fsigyti i\u0161 m\u016bs\u0173 sand\u0117lio: Kanarbiku tee 15\/3, J\u00e4rvek\u00fcla (5 min. nuo \u00dclemiste centro).<\/p>\n<\/li>\n<\/ul>\n<p data-start=\"1832\" data-end=\"1931\">  Palaidin\u0117 &#8211; puiki dovana sau arba mylimam \u017emogui &#8211; draugei, mamai, sesei ar dukrai.<\/p>\n<p data-start=\"1933\" data-end=\"2023\">  Rinkit\u0117s vietoje ir u\u017esisakykite &#8222;Yemi Design&#8221; palaidin\u0119 &#8211; patogi\u0105, stiling\u0105 ir ilgaam\u017e\u0119.<\/p>\n<hr data-start=\"2025\" data-end=\"2028\">\n<\/div>\n<\/div>\n<\/div>\n<\/div>\n<\/div>\n<\/div>\n<\/article>\n<div class=\"pointer-events-none h-px w-px\" aria-hidden=\"true\" data-edge=\"true\"><\/div>\n<div><\/div>\n<div><\/div>\n<\/div>\n<\/div>\n<\/div>\n<\/div>\n<div id=\"thread-bottom-container\" class=\"relative isolate z-10 w-full basis-auto has-data-has-thread-error:pt-2 has-data-has-thread-error:[box-shadow:var(--sharp-edge-bottom-shadow)] md:border-transparent md:pt-0 dark:border-white\/20 md:dark:border-transparent content-fade single-line flex flex-col\">\n<div id=\"thread-bottom\">\n<div class=\"text-base mx-auto [--thread-content-margin:--spacing(4)] thread-sm:[--thread-content-margin:--spacing(6)] thread-lg:[--thread-content-margin:--spacing(16)] px-(--thread-content-margin)\">\n<div class=\"[--thread-content-max-width:40rem] thread-sm:[--thread-content-max-width:40rem] thread-lg:[--thread-content-max-width:48rem] mx-auto max-w-(--thread-content-max-width) flex-1\">\n<div class=\"flex justify-center empty:hidden\"><\/div>\n<div class=\"relative z-1 flex h-full max-w-full flex-1 flex-col\">\n<form class=\"group\/composer w-full\" data-type=\"unified-composer\">\n<div class=\"\">\n<div class=\"bg-token-bg-primary cursor-text overflow-clip bg-clip-padding p-2.5 contain-inline-size dark:bg-[#303030] grid grid-cols-[auto_1fr_auto] [grid-template-areas:'header_header_header'_'leading_primary_trailing'_'._footer_.'] group-data-expanded\/composer:[grid-template-areas:'header_header_header'_'primary_primary_primary'_'leading_footer_trailing'] shadow-short\">\n<div class=\"-my-2.5 flex min-h-14 items-center overflow-x-hidden px-1.5 [grid-area:primary] group-data-expanded\/composer:mb-0 group-data-expanded\/composer:px-2.5\">\n<div class=\"_prosemirror-parent_ebv8s_2 text-token-text-primary max-h-[max(35svh,5rem)] max-h-52 flex-1 overflow-auto [scrollbar-width:thin] default-browser vertical-scroll-fade-mask\">\n<div id=\"prompt-textarea\" class=\"ProseMirror\" contenteditable=\"true\" translate=\"no\" data-virtualkeyboard=\"true\"><\/div>\n<\/div>\n<\/div>\n<div class=\"[grid-area:leading]\"><\/div>\n<div class=\"flex items-center gap-2 [grid-area:trailing]\">\n<div class=\"ms-auto flex items-center gap-1.5\">\n<p>&nbsp;<\/p>\n<div class=\"min-w-9\" data-testid=\"composer-speech-button-container\">\n<div class=\"flex items-center justify-center\"><\/div>\n<\/div>\n<\/div>\n<\/div>\n<\/div>\n<\/div>\n<\/form>\n<\/div>\n<\/div>\n<\/div>\n<\/div>\n<\/div>\n<p>&nbsp;<\/p>\n","protected":false},"excerpt":{"rendered":"<p>&#8222;Yemi Design&#8221; megztiniai ir megztin\u0117s suknel\u0117s &#8211; patog\u016bs, mink\u0161ti ir jauk\u016bs &#8222;Yemi Design&#8221; palaidin\u0117s ir palaidini\u0173 suknel\u0117s sukurtos atsi\u017evelgiant \u012f patogum\u0105, gro\u017e\u012f ir prakti\u0161kum\u0105. Estijoje rank\u0173 darbo, jos tinka d\u0117v\u0117ti bet kuriuo met\u0173 laiku &#8211; darbe, namuose ar laisvalaikiu. Kod\u0117l verta rinktis &#8222;Yemi Design&#8221; palaidin\u0119 arba palaidin\u0117s suknel\u0119? Patogi ir universali &#8211; tinka visiems keturiems [&hellip;]<\/p>\n","protected":false},"featured_media":264054,"comment_status":"open","ping_status":"closed","template":"","meta":{"_acf_changed":false},"product_brand":[],"product_cat":[278],"product_tag":[],"class_list":{"0":"post-264053","1":"product","2":"type-product","3":"status-publish","4":"has-post-thumbnail","6":"product_cat-yemi-disain-ranku-darbo-megztiniai","7":"product_shipping_class-tarneaeg-1-4-paeva","9":"first","10":"instock","11":"taxable","12":"shipping-taxable","13":"purchasable","14":"product-type-variable","15":"has-default-attributes","16":"add-to-wishlist-after_add_to_cart"},"acf":[],"_links":{"self":[{"href":"https:\/\/tellimused.stiilne.ee\/lt\/wp-json\/wp\/v2\/product\/264053","targetHints":{"allow":["GET"]}}],"collection":[{"href":"https:\/\/tellimused.stiilne.ee\/lt\/wp-json\/wp\/v2\/product"}],"about":[{"href":"https:\/\/tellimused.stiilne.ee\/lt\/wp-json\/wp\/v2\/types\/product"}],"replies":[{"embeddable":true,"href":"https:\/\/tellimused.stiilne.ee\/lt\/wp-json\/wp\/v2\/comments?post=264053"}],"wp:featuredmedia":[{"embeddable":true,"href":"https:\/\/tellimused.stiilne.ee\/lt\/wp-json\/wp\/v2\/media\/264054"}],"wp:attachment":[{"href":"https:\/\/tellimused.stiilne.ee\/lt\/wp-json\/wp\/v2\/media?parent=264053"}],"wp:term":[{"taxonomy":"product_brand","embeddable":true,"href":"https:\/\/tellimused.stiilne.ee\/lt\/wp-json\/wp\/v2\/product_brand?post=264053"},{"taxonomy":"product_cat","embeddable":true,"href":"https:\/\/tellimused.stiilne.ee\/lt\/wp-json\/wp\/v2\/product_cat?post=264053"},{"taxonomy":"product_tag","embeddable":true,"href":"https:\/\/tellimused.stiilne.ee\/lt\/wp-json\/wp\/v2\/product_tag?post=264053"}],"curies":[{"name":"wp","href":"https:\/\/api.w.org\/{rel}","templated":true}]}}