{"id":264098,"date":"2026-03-12T15:55:56","date_gmt":"2026-03-12T13:55:56","guid":{"rendered":"https:\/\/tellimused.stiilne.ee\/toode\/stiilne-naturaalsest-nahast-marco-mazzini-mahukas-roheline-naiste-kaekott-kohe-laos-hea-hind\/"},"modified":"2026-04-07T11:07:37","modified_gmt":"2026-04-07T08:07:37","slug":"stilinga-naturalios-odos-marco-mazzini-talpi-zalia-moteriska-rankine-naudojamos-didele-kaina","status":"publish","type":"product","link":"https:\/\/tellimused.stiilne.ee\/lt\/produktas\/stilinga-naturalios-odos-marco-mazzini-talpi-zalia-moteriska-rankine-naudojamos-didele-kaina\/","title":{"rendered":"Stilinga nat\u016bralios odos Marco Mazzini talpi \u017ealia moteri\u0161ka rankin\u0117 &#8211; NAUDOJAMOS &#8211; DIDEL\u0116 KAINA"},"content":{"rendered":"<p>&nbsp;<\/p>\n<p><b>Rankin\u0117s med\u017eiaga &#8211; nat\u016brali<\/b>oda<\/p>\n<p>Rankin\u0117 u\u017esegama u\u017etrauktuku vir\u0161uje, viduje yra ma\u017eesn\u0117 u\u017esegama ki\u0161en\u0117<\/p>\n<p> Rankin\u0117s<b>matmenys<\/b><br \/>\nAuk\u0161tis 24 cm<br \/>\nPlotis 32 cm<br \/>\nGylis 9 cm<\/p>\n<p>Rankin\u0117 pagaminta rankomis Italijoje ir yra sand\u0117lyje &#8211; pristatymo laikas &#8211; kelios darbo dienos.<\/p>\n","protected":false},"excerpt":{"rendered":"<p>&nbsp; Rankin\u0117s med\u017eiaga &#8211; nat\u016bralioda Rankin\u0117 u\u017esegama u\u017etrauktuku vir\u0161uje, viduje yra ma\u017eesn\u0117 u\u017esegama ki\u0161en\u0117 Rankin\u0117smatmenys Auk\u0161tis 24 cm Plotis 32 cm Gylis 9 cm Rankin\u0117 pagaminta rankomis Italijoje ir yra sand\u0117lyje &#8211; pristatymo laikas &#8211; kelios darbo dienos.<\/p>\n","protected":false},"featured_media":264099,"comment_status":"closed","ping_status":"closed","template":"","meta":{"_acf_changed":false},"product_brand":[],"product_cat":[322,321,320],"product_tag":[],"class_list":{"0":"post-264098","1":"product","2":"type-product","3":"status-publish","4":"has-post-thumbnail","6":"product_cat-didesnes-rankines","7":"product_cat-moterims","8":"product_cat-moteriskos-rankines","9":"product_shipping_class-tarneaeg-1-4-paeva","11":"first","12":"instock","13":"sale","14":"taxable","15":"shipping-taxable","16":"purchasable","17":"product-type-variable","18":"has-default-attributes","19":"add-to-wishlist-after_add_to_cart"},"acf":[],"_links":{"self":[{"href":"https:\/\/tellimused.stiilne.ee\/lt\/wp-json\/wp\/v2\/product\/264098","targetHints":{"allow":["GET"]}}],"collection":[{"href":"https:\/\/tellimused.stiilne.ee\/lt\/wp-json\/wp\/v2\/product"}],"about":[{"href":"https:\/\/tellimused.stiilne.ee\/lt\/wp-json\/wp\/v2\/types\/product"}],"replies":[{"embeddable":true,"href":"https:\/\/tellimused.stiilne.ee\/lt\/wp-json\/wp\/v2\/comments?post=264098"}],"wp:featuredmedia":[{"embeddable":true,"href":"https:\/\/tellimused.stiilne.ee\/lt\/wp-json\/wp\/v2\/media\/264099"}],"wp:attachment":[{"href":"https:\/\/tellimused.stiilne.ee\/lt\/wp-json\/wp\/v2\/media?parent=264098"}],"wp:term":[{"taxonomy":"product_brand","embeddable":true,"href":"https:\/\/tellimused.stiilne.ee\/lt\/wp-json\/wp\/v2\/product_brand?post=264098"},{"taxonomy":"product_cat","embeddable":true,"href":"https:\/\/tellimused.stiilne.ee\/lt\/wp-json\/wp\/v2\/product_cat?post=264098"},{"taxonomy":"product_tag","embeddable":true,"href":"https:\/\/tellimused.stiilne.ee\/lt\/wp-json\/wp\/v2\/product_tag?post=264098"}],"curies":[{"name":"wp","href":"https:\/\/api.w.org\/{rel}","templated":true}]}}