{"id":264101,"date":"2026-03-12T15:55:56","date_gmt":"2026-03-12T13:55:56","guid":{"rendered":"https:\/\/tellimused.stiilne.ee\/toode\/hide-stiches-naturaalnahast-klassikaline-must-unisexsobib-nii-naistele-kui-meestele-arvuti-kott-kohe-laos-super-hind\/"},"modified":"2026-04-07T11:07:35","modified_gmt":"2026-04-07T08:07:35","slug":"hide-stiches-naturalios-odos-klasikinis-juodas-unisex-tinka-tiek-vyrams-tiek-moterims-kompiuterio-krepsys-naujai-islaikyta-didele-kaina","status":"publish","type":"product","link":"https:\/\/tellimused.stiilne.ee\/lt\/produktas\/hide-stiches-naturalios-odos-klasikinis-juodas-unisex-tinka-tiek-vyrams-tiek-moterims-kompiuterio-krepsys-naujai-islaikyta-didele-kaina\/","title":{"rendered":"&#8222;Hide Stiches&#8221; nat\u016bralios odos klasikinis juodas unisex (tinka tiek vyrams, tiek moterims) kompiuterio krep\u0161ys &#8211; NAUJAI I\u0160LAIKYTA &#8211; DIDEL\u0116 KAINA"},"content":{"rendered":"<p>&nbsp;<\/p>\n<p>Klasikin\u0117s stilingos i\u0161vaizdos kompiuterio krep\u0161ys pagamintas i\u0161 nat\u016bralios juodos lygios odos &#8211; tai unisex modelis &#8211; \u0161is kompiuterio krep\u0161ys tinka ir vyrams, ir moterims<\/p>\n<p><strong>Kompiuterio krep\u0161ys yra 35 cm plo\u010dio ir 19,4 cm auk\u0161\u010dio &#8211; jame telpa kompiuteris su 15 coli\u0173 ekranu<\/strong><\/p>\n<p>Krep\u0161ys u\u017esegamas u\u017etrauktuku, o viduje yra ma\u017eesni\u0173 ki\u0161en\u0117li\u0173, kuriose galima laikyti tai, ko reikia<\/p>\n<p>Krep\u0161ys taip pat turi ilgesn\u012f dir\u017e\u0105 per pet\u012f, jei prireikt\u0173, jei norite krep\u0161\u012f ne\u0161ioti ant peties<\/p>\n<p>Krep\u0161io i\u0161or\u0117je yra didel\u0117 papildoma ki\u0161en\u0117 smulkesniems daiktams laikyti<\/p>\n<p>Kompiuterio krep\u0161ys yra sand\u0117lyje ir gali b\u016bti pristatytas \u012f siunt\u0173 ma\u0161in\u0105 per kelias dienas &#8211; jei pageidaujate, kompiuterio krep\u0161\u012f taip pat galite \u012fsigyti tiesiai i\u0161 m\u016bs\u0173 sand\u0117lio adresu Kanarbiku tee 15\/3, J\u00e4rvek\u00fcla &#8211; 5 minut\u0117s kelio automobiliu nuo \u00dclemiste Keskus.<\/p>\n<p>&nbsp;<\/p>\n","protected":false},"excerpt":{"rendered":"<p>&nbsp; Klasikin\u0117s stilingos i\u0161vaizdos kompiuterio krep\u0161ys pagamintas i\u0161 nat\u016bralios juodos lygios odos &#8211; tai unisex modelis &#8211; \u0161is kompiuterio krep\u0161ys tinka ir vyrams, ir moterims Kompiuterio krep\u0161ys yra 35 cm plo\u010dio ir 19,4 cm auk\u0161\u010dio &#8211; jame telpa kompiuteris su 15 coli\u0173 ekranu Krep\u0161ys u\u017esegamas u\u017etrauktuku, o viduje yra ma\u017eesni\u0173 ki\u0161en\u0117li\u0173, kuriose galima laikyti tai, [&hellip;]<\/p>\n","protected":false},"featured_media":264102,"comment_status":"open","ping_status":"closed","template":"","meta":{"_acf_changed":false},"product_brand":[],"product_cat":[341,362],"product_tag":[],"class_list":{"0":"post-264101","1":"product","2":"type-product","3":"status-publish","4":"has-post-thumbnail","6":"product_cat-kuprines","7":"product_cat-vyrams-2","8":"product_shipping_class-tarneaeg-1-4-paeva","10":"first","11":"instock","12":"sale","13":"taxable","14":"shipping-taxable","15":"purchasable","16":"product-type-variable","17":"has-default-attributes","18":"add-to-wishlist-after_add_to_cart"},"acf":[],"_links":{"self":[{"href":"https:\/\/tellimused.stiilne.ee\/lt\/wp-json\/wp\/v2\/product\/264101","targetHints":{"allow":["GET"]}}],"collection":[{"href":"https:\/\/tellimused.stiilne.ee\/lt\/wp-json\/wp\/v2\/product"}],"about":[{"href":"https:\/\/tellimused.stiilne.ee\/lt\/wp-json\/wp\/v2\/types\/product"}],"replies":[{"embeddable":true,"href":"https:\/\/tellimused.stiilne.ee\/lt\/wp-json\/wp\/v2\/comments?post=264101"}],"wp:featuredmedia":[{"embeddable":true,"href":"https:\/\/tellimused.stiilne.ee\/lt\/wp-json\/wp\/v2\/media\/264102"}],"wp:attachment":[{"href":"https:\/\/tellimused.stiilne.ee\/lt\/wp-json\/wp\/v2\/media?parent=264101"}],"wp:term":[{"taxonomy":"product_brand","embeddable":true,"href":"https:\/\/tellimused.stiilne.ee\/lt\/wp-json\/wp\/v2\/product_brand?post=264101"},{"taxonomy":"product_cat","embeddable":true,"href":"https:\/\/tellimused.stiilne.ee\/lt\/wp-json\/wp\/v2\/product_cat?post=264101"},{"taxonomy":"product_tag","embeddable":true,"href":"https:\/\/tellimused.stiilne.ee\/lt\/wp-json\/wp\/v2\/product_tag?post=264101"}],"curies":[{"name":"wp","href":"https:\/\/api.w.org\/{rel}","templated":true}]}}