{"id":264110,"date":"2026-03-12T15:53:39","date_gmt":"2026-03-12T13:53:39","guid":{"rendered":"https:\/\/tellimused.stiilne.ee\/toode\/vero-moda-must-pusa-sonja-uudis-kohe-laos\/"},"modified":"2026-04-07T11:07:36","modified_gmt":"2026-04-07T08:07:36","slug":"vero-moda-juoda-palaidine-sonja-udis-book","status":"publish","type":"product","link":"https:\/\/tellimused.stiilne.ee\/lt\/produktas\/vero-moda-juoda-palaidine-sonja-udis-book\/","title":{"rendered":"VERO MODA juoda palaidin\u0117 Sonja-NAUJIENOS-BOOK"},"content":{"rendered":"<p>&nbsp;<\/p>\n<p>Patogu d\u0117v\u0117ti laisvalaikiu, sode ar namuose.<\/p>\n<p>Derinkite su d\u017einsais, rankin\u0117mis ar sportin\u0117mis keln\u0117mis.<\/p>\n<p>Palaidin\u0117s med\u017eiaga &#8211; 52 % medviln\u0117s ir 48 % poliesterio<\/p>\n<p>Dyd\u017eiai gra\u017eiai atitinka standartinius europieti\u0161kus dyd\u017eius.<\/p>\n<p>Jei palaidin\u0119 norite d\u0117v\u0117ti su patogiomis &#8222;Vero Moda&#8221; sportin\u0117mis keln\u0117mis, sportini\u0173 kelni\u0173 rasite \u010dia <a href=\"https:\/\/www.stiilne.ee\/pood\/?s=dressip%C3%BCksid\">https:\/\/www. stiilne.ee\/pood\/?s=dresspants<\/a><\/p>\n<p>Gra\u017ei\u0105 medvilnin\u0119 Estijoje rank\u0173 darbo kepurait\u0119, kuri\u0105 galima d\u0117v\u0117ti i\u0161tisus metus, rasite \u010dia <a href=\"\/?product_cat=naiste-mutsid\">https:\/\/www.stiilne.ee\/tootekategooria\/naistele\/riided\/naiste-mutsid\/<\/a><\/p>\n<p>&#8222;Vero Moda&#8221; palaidin\u0117 dabar yra sand\u0117lyje &#8211; pristatymas per kelias dienas.<\/p>\n","protected":false},"excerpt":{"rendered":"<p>&nbsp; Patogu d\u0117v\u0117ti laisvalaikiu, sode ar namuose. Derinkite su d\u017einsais, rankin\u0117mis ar sportin\u0117mis keln\u0117mis. Palaidin\u0117s med\u017eiaga &#8211; 52 % medviln\u0117s ir 48 % poliesterio Dyd\u017eiai gra\u017eiai atitinka standartinius europieti\u0161kus dyd\u017eius. Jei palaidin\u0119 norite d\u0117v\u0117ti su patogiomis &#8222;Vero Moda&#8221; sportin\u0117mis keln\u0117mis, sportini\u0173 kelni\u0173 rasite \u010dia https:\/\/www. stiilne.ee\/pood\/?s=dresspants Gra\u017ei\u0105 medvilnin\u0119 Estijoje rank\u0173 darbo kepurait\u0119, kuri\u0105 galima d\u0117v\u0117ti [&hellip;]<\/p>\n","protected":false},"featured_media":264111,"comment_status":"open","ping_status":"closed","template":"","meta":{"_acf_changed":false},"product_brand":[],"product_cat":[363],"product_tag":[],"class_list":{"0":"post-264110","1":"product","2":"type-product","3":"status-publish","4":"has-post-thumbnail","6":"product_cat-vero-moda-kelnes","7":"product_shipping_class-tarneaeg-1-4-paeva","9":"first","10":"instock","11":"sale","12":"taxable","13":"shipping-taxable","14":"purchasable","15":"product-type-variable","16":"has-default-attributes","17":"add-to-wishlist-after_add_to_cart"},"acf":[],"_links":{"self":[{"href":"https:\/\/tellimused.stiilne.ee\/lt\/wp-json\/wp\/v2\/product\/264110","targetHints":{"allow":["GET"]}}],"collection":[{"href":"https:\/\/tellimused.stiilne.ee\/lt\/wp-json\/wp\/v2\/product"}],"about":[{"href":"https:\/\/tellimused.stiilne.ee\/lt\/wp-json\/wp\/v2\/types\/product"}],"replies":[{"embeddable":true,"href":"https:\/\/tellimused.stiilne.ee\/lt\/wp-json\/wp\/v2\/comments?post=264110"}],"wp:featuredmedia":[{"embeddable":true,"href":"https:\/\/tellimused.stiilne.ee\/lt\/wp-json\/wp\/v2\/media\/264111"}],"wp:attachment":[{"href":"https:\/\/tellimused.stiilne.ee\/lt\/wp-json\/wp\/v2\/media?parent=264110"}],"wp:term":[{"taxonomy":"product_brand","embeddable":true,"href":"https:\/\/tellimused.stiilne.ee\/lt\/wp-json\/wp\/v2\/product_brand?post=264110"},{"taxonomy":"product_cat","embeddable":true,"href":"https:\/\/tellimused.stiilne.ee\/lt\/wp-json\/wp\/v2\/product_cat?post=264110"},{"taxonomy":"product_tag","embeddable":true,"href":"https:\/\/tellimused.stiilne.ee\/lt\/wp-json\/wp\/v2\/product_tag?post=264110"}],"curies":[{"name":"wp","href":"https:\/\/api.w.org\/{rel}","templated":true}]}}