{"id":264117,"date":"2026-03-12T15:53:15","date_gmt":"2026-03-12T13:53:15","guid":{"rendered":"https:\/\/tellimused.stiilne.ee\/toode\/vero-moda-mustad-naiste-dressipuksid-sonja-uudis-kohe-laos\/"},"modified":"2026-04-07T11:07:35","modified_gmt":"2026-04-07T08:07:35","slug":"vero-moda-juodos-moteriskos-sportines-kelnes-sonja-udis-cia-parduodamos","status":"publish","type":"product","link":"https:\/\/tellimused.stiilne.ee\/lt\/produktas\/vero-moda-juodos-moteriskos-sportines-kelnes-sonja-udis-cia-parduodamos\/","title":{"rendered":"VERO MODA juodos moteri\u0161kos sportin\u0117s keln\u0117s Sonja-UDIS-\u010cIA PARDUODAMOS"},"content":{"rendered":"<p>&nbsp;<\/p>\n<p>Maloniai patogios sportin\u0117s keln\u0117s, skirtos laisvalaikiui, darbui sode ar d\u0117v\u0117jimui namuose.<\/p>\n<p>Med\u017eiaga 52 % medviln\u0117 ir 48 % poliesteris<\/p>\n<p>Dyd\u017eiai atitinka standartinius europieti\u0161kus dyd\u017eius &#8211; jei norite laisvesni\u0173 kelni\u0173, u\u017esisakykite didesn\u012f dyd\u012f.<\/p>\n<p>Jei norite d\u0117v\u0117ti sportines kelnes su patogia bomber striuke ir suteikti visai aprangai spalvingumo, &#8222;Yemi Design&#8221; rank\u0173 darbo medvilnines bomber striukes rasite \u010dia <a href=\"https:\/\/www.stiilne.ee\/pood\/?s=bomber\">https:\/\/www.stiilne.ee\/pood\/?s=bomber<\/a><\/p>\n<p>Miel\u0105 medvilnin\u0119 Estijoje rank\u0173 darbo kepurait\u0119, kuri\u0105 gal\u0117site d\u0117v\u0117ti i\u0161tisus metus, rasite \u010dia <a href=\"\/?product_cat=naiste-mutsid\">https:\/\/www.stiilne.ee\/tootekategooria\/naistele\/riided\/naiste-mutsid\/<\/a><\/p>\n<p>Sportin\u0117s keln\u0117s jau sand\u0117lyje &#8211; pristatymas per kelias dienas.<\/p>\n","protected":false},"excerpt":{"rendered":"<p>&nbsp; Maloniai patogios sportin\u0117s keln\u0117s, skirtos laisvalaikiui, darbui sode ar d\u0117v\u0117jimui namuose. Med\u017eiaga 52 % medviln\u0117 ir 48 % poliesteris Dyd\u017eiai atitinka standartinius europieti\u0161kus dyd\u017eius &#8211; jei norite laisvesni\u0173 kelni\u0173, u\u017esisakykite didesn\u012f dyd\u012f. Jei norite d\u0117v\u0117ti sportines kelnes su patogia bomber striuke ir suteikti visai aprangai spalvingumo, &#8222;Yemi Design&#8221; rank\u0173 darbo medvilnines bomber striukes rasite [&hellip;]<\/p>\n","protected":false},"featured_media":264118,"comment_status":"open","ping_status":"closed","template":"","meta":{"_acf_changed":false},"product_brand":[],"product_cat":[363],"product_tag":[],"class_list":{"0":"post-264117","1":"product","2":"type-product","3":"status-publish","4":"has-post-thumbnail","6":"product_cat-vero-moda-kelnes","7":"product_shipping_class-tarneaeg-1-4-paeva","9":"first","10":"instock","11":"sale","12":"taxable","13":"shipping-taxable","14":"purchasable","15":"product-type-variable","16":"has-default-attributes","17":"add-to-wishlist-after_add_to_cart"},"acf":[],"_links":{"self":[{"href":"https:\/\/tellimused.stiilne.ee\/lt\/wp-json\/wp\/v2\/product\/264117","targetHints":{"allow":["GET"]}}],"collection":[{"href":"https:\/\/tellimused.stiilne.ee\/lt\/wp-json\/wp\/v2\/product"}],"about":[{"href":"https:\/\/tellimused.stiilne.ee\/lt\/wp-json\/wp\/v2\/types\/product"}],"replies":[{"embeddable":true,"href":"https:\/\/tellimused.stiilne.ee\/lt\/wp-json\/wp\/v2\/comments?post=264117"}],"wp:featuredmedia":[{"embeddable":true,"href":"https:\/\/tellimused.stiilne.ee\/lt\/wp-json\/wp\/v2\/media\/264118"}],"wp:attachment":[{"href":"https:\/\/tellimused.stiilne.ee\/lt\/wp-json\/wp\/v2\/media?parent=264117"}],"wp:term":[{"taxonomy":"product_brand","embeddable":true,"href":"https:\/\/tellimused.stiilne.ee\/lt\/wp-json\/wp\/v2\/product_brand?post=264117"},{"taxonomy":"product_cat","embeddable":true,"href":"https:\/\/tellimused.stiilne.ee\/lt\/wp-json\/wp\/v2\/product_cat?post=264117"},{"taxonomy":"product_tag","embeddable":true,"href":"https:\/\/tellimused.stiilne.ee\/lt\/wp-json\/wp\/v2\/product_tag?post=264117"}],"curies":[{"name":"wp","href":"https:\/\/api.w.org\/{rel}","templated":true}]}}