{"id":264123,"date":"2026-03-12T15:53:14","date_gmt":"2026-03-12T13:53:14","guid":{"rendered":"https:\/\/tellimused.stiilne.ee\/toode\/avara-loikega-pikem-figuurisobralik-taskute-ja-kapuutsiga-kleit-helen-varvide-mang-kohe-laos-xl-viimased-jaanud\/"},"modified":"2026-04-07T11:07:35","modified_gmt":"2026-04-07T08:07:35","slug":"atviro-kirpimo-ilgesne-figura-primenanti-suknele-su-kisenemis-ir-gobtuvu-helen-colours-play-dress-sandelyje-xl-like-vienetu","status":"publish","type":"product","link":"https:\/\/tellimused.stiilne.ee\/lt\/produktas\/atviro-kirpimo-ilgesne-figura-primenanti-suknele-su-kisenemis-ir-gobtuvu-helen-colours-play-dress-sandelyje-xl-like-vienetu\/","title":{"rendered":"Atviro kirpimo ilgesn\u0117 fig\u016br\u0105 primenanti suknel\u0117 su ki\u0161en\u0117mis ir gobtuvu Helen Colours Play-Dress sand\u0117lyje XL lik\u0119 vienet\u0173"},"content":{"rendered":"<p>&nbsp;<\/p>\n<p>Puiki suknel\u0117 \u0161iek tiek v\u0117juotam ir v\u0117sesniam orui Estijoje &#8211; d\u0117v\u0117kite j\u0105 laisvalaikiu, darbe ar kavin\u0117je su draugais &#8211; Helen suknel\u0119 Estijoje galima d\u0117v\u0117ti i\u0161tisus metus.<\/p>\n<p>Estijoje sukurta ir rank\u0173 darbo suknel\u0117 su mink\u0161tomis ki\u0161en\u0117mis, primenanti fig\u016br\u0105.<\/p>\n<p>Suknel\u0117s med\u017eiaga &#8211; 95 % medviln\u0117s ir 5 % elastano<\/p>\n<p>Suknel\u0117s yra sand\u0117lyje &#8211; pristatymo laikas kelios darbo dienos<\/p>\n<p>D\u0116MESIO! Suknel\u0117s audinys yra tampri med\u017eiaga &#8211; suknel\u0117 \u0161iek tiek i\u0161sitempia u\u017esid\u0117jus ant nugaros<\/p>\n<p>Nuotraukoje pavaizduotas modelis yra 158 cm \u016bgio &#8211; daugumos moter\u0173 \u016bgis yra vir\u0161 keli\u0173.<\/p>\n<p>&nbsp;<\/p>\n","protected":false},"excerpt":{"rendered":"<p>&nbsp; Puiki suknel\u0117 \u0161iek tiek v\u0117juotam ir v\u0117sesniam orui Estijoje &#8211; d\u0117v\u0117kite j\u0105 laisvalaikiu, darbe ar kavin\u0117je su draugais &#8211; Helen suknel\u0119 Estijoje galima d\u0117v\u0117ti i\u0161tisus metus. Estijoje sukurta ir rank\u0173 darbo suknel\u0117 su mink\u0161tomis ki\u0161en\u0117mis, primenanti fig\u016br\u0105. Suknel\u0117s med\u017eiaga &#8211; 95 % medviln\u0117s ir 5 % elastano Suknel\u0117s yra sand\u0117lyje &#8211; pristatymo laikas kelios [&hellip;]<\/p>\n","protected":false},"featured_media":264124,"comment_status":"open","ping_status":"closed","template":"","meta":{"_acf_changed":false},"product_brand":[],"product_cat":[299],"product_tag":[],"class_list":{"0":"post-264123","1":"product","2":"type-product","3":"status-publish","4":"has-post-thumbnail","6":"product_cat-yemi-disain-sukneles","7":"product_shipping_class-tarneaeg-5-15-paeva","9":"first","10":"instock","11":"taxable","12":"shipping-taxable","13":"purchasable","14":"product-type-variable","15":"has-default-attributes","16":"add-to-wishlist-after_add_to_cart"},"acf":[],"_links":{"self":[{"href":"https:\/\/tellimused.stiilne.ee\/lt\/wp-json\/wp\/v2\/product\/264123","targetHints":{"allow":["GET"]}}],"collection":[{"href":"https:\/\/tellimused.stiilne.ee\/lt\/wp-json\/wp\/v2\/product"}],"about":[{"href":"https:\/\/tellimused.stiilne.ee\/lt\/wp-json\/wp\/v2\/types\/product"}],"replies":[{"embeddable":true,"href":"https:\/\/tellimused.stiilne.ee\/lt\/wp-json\/wp\/v2\/comments?post=264123"}],"wp:featuredmedia":[{"embeddable":true,"href":"https:\/\/tellimused.stiilne.ee\/lt\/wp-json\/wp\/v2\/media\/264124"}],"wp:attachment":[{"href":"https:\/\/tellimused.stiilne.ee\/lt\/wp-json\/wp\/v2\/media?parent=264123"}],"wp:term":[{"taxonomy":"product_brand","embeddable":true,"href":"https:\/\/tellimused.stiilne.ee\/lt\/wp-json\/wp\/v2\/product_brand?post=264123"},{"taxonomy":"product_cat","embeddable":true,"href":"https:\/\/tellimused.stiilne.ee\/lt\/wp-json\/wp\/v2\/product_cat?post=264123"},{"taxonomy":"product_tag","embeddable":true,"href":"https:\/\/tellimused.stiilne.ee\/lt\/wp-json\/wp\/v2\/product_tag?post=264123"}],"curies":[{"name":"wp","href":"https:\/\/api.w.org\/{rel}","templated":true}]}}