{"id":264134,"date":"2026-03-12T15:52:00","date_gmt":"2026-03-12T13:52:00","guid":{"rendered":"https:\/\/tellimused.stiilne.ee\/toode\/avara-loikega-pikem-figuurisobralik-taskute-ja-kapuutsiga-kleit-helen-rabamets-kohe-laos-suurus-xl\/"},"modified":"2026-04-07T11:07:39","modified_gmt":"2026-04-07T08:07:39","slug":"ilgesne-figura-primenanti-suknele-su-kisenemis-ir-gobtuvu-helen-rabamets-kohe-sandelyje-yra-xl-dydzio","status":"publish","type":"product","link":"https:\/\/tellimused.stiilne.ee\/lt\/produktas\/ilgesne-figura-primenanti-suknele-su-kisenemis-ir-gobtuvu-helen-rabamets-kohe-sandelyje-yra-xl-dydzio\/","title":{"rendered":"Ilgesn\u0117 fig\u016br\u0105 primenanti suknel\u0117 su ki\u0161en\u0117mis ir gobtuvu Helen Rabamets-Kohe, sand\u0117lyje yra XL dyd\u017eio"},"content":{"rendered":"<p>&nbsp;<\/p>\n<p>Puiki suknel\u0117 \u0161iek tiek v\u0117juotam ir v\u0117sesniam orui Estijoje &#8211; d\u0117v\u0117kite laisvalaikiu, darbe ar kavin\u0117je su draugais &#8211; &#8222;Helen&#8221; suknel\u0119 Estijoje galima d\u0117v\u0117ti i\u0161tisus metus.<\/p>\n<p>&nbsp;<\/p>\n<p>\u0160i fig\u016br\u0105 i\u0161ry\u0161kinanti suknel\u0117 su mink\u0161tomis ki\u0161en\u0117mis sukurta ir rankomis pagaminta Estijoje.<\/p>\n<p>Suknel\u0117 pasi\u016bta i\u0161 95 % medviln\u0117s ir 5 % elastano.<\/p>\n<p>Suknel\u0117 siuvama pagal kliento u\u017esakym\u0105, o jos laukimo laikas &#8211; iki 15 darbo dien\u0173, paprastai prek\u0117s gali b\u016bti pristatytos per savait\u0119.<\/p>\n<p>&nbsp;<\/p>\n<p>NB!Suknel\u0117s audinys yra tampri med\u017eiaga &#8211; suknel\u0117 \u0161iek tiek i\u0161sitempia u\u017esid\u0117jus ant nugaros, prireikus ji taip pat \u0161iek tiek padid\u0117s.<\/p>\n<p>Nuotraukoje pavaizduoto modelio \u016bgis yra 158 cm &#8211; daugumos moter\u0173 \u016bgis vir\u0161 keli\u0173.<\/p>\n<p>&nbsp;<\/p>\n","protected":false},"excerpt":{"rendered":"<p>&nbsp; Puiki suknel\u0117 \u0161iek tiek v\u0117juotam ir v\u0117sesniam orui Estijoje &#8211; d\u0117v\u0117kite laisvalaikiu, darbe ar kavin\u0117je su draugais &#8211; &#8222;Helen&#8221; suknel\u0119 Estijoje galima d\u0117v\u0117ti i\u0161tisus metus. &nbsp; \u0160i fig\u016br\u0105 i\u0161ry\u0161kinanti suknel\u0117 su mink\u0161tomis ki\u0161en\u0117mis sukurta ir rankomis pagaminta Estijoje. Suknel\u0117 pasi\u016bta i\u0161 95 % medviln\u0117s ir 5 % elastano. Suknel\u0117 siuvama pagal kliento u\u017esakym\u0105, o [&hellip;]<\/p>\n","protected":false},"featured_media":264135,"comment_status":"open","ping_status":"closed","template":"","meta":{"_acf_changed":false},"product_brand":[],"product_cat":[299],"product_tag":[],"class_list":{"0":"post-264134","1":"product","2":"type-product","3":"status-publish","4":"has-post-thumbnail","6":"product_cat-yemi-disain-sukneles","7":"product_shipping_class-tarneaeg-1-4-paeva","9":"first","10":"instock","11":"taxable","12":"shipping-taxable","13":"purchasable","14":"product-type-variable","15":"has-default-attributes","16":"add-to-wishlist-after_add_to_cart"},"acf":[],"_links":{"self":[{"href":"https:\/\/tellimused.stiilne.ee\/lt\/wp-json\/wp\/v2\/product\/264134","targetHints":{"allow":["GET"]}}],"collection":[{"href":"https:\/\/tellimused.stiilne.ee\/lt\/wp-json\/wp\/v2\/product"}],"about":[{"href":"https:\/\/tellimused.stiilne.ee\/lt\/wp-json\/wp\/v2\/types\/product"}],"replies":[{"embeddable":true,"href":"https:\/\/tellimused.stiilne.ee\/lt\/wp-json\/wp\/v2\/comments?post=264134"}],"wp:featuredmedia":[{"embeddable":true,"href":"https:\/\/tellimused.stiilne.ee\/lt\/wp-json\/wp\/v2\/media\/264135"}],"wp:attachment":[{"href":"https:\/\/tellimused.stiilne.ee\/lt\/wp-json\/wp\/v2\/media?parent=264134"}],"wp:term":[{"taxonomy":"product_brand","embeddable":true,"href":"https:\/\/tellimused.stiilne.ee\/lt\/wp-json\/wp\/v2\/product_brand?post=264134"},{"taxonomy":"product_cat","embeddable":true,"href":"https:\/\/tellimused.stiilne.ee\/lt\/wp-json\/wp\/v2\/product_cat?post=264134"},{"taxonomy":"product_tag","embeddable":true,"href":"https:\/\/tellimused.stiilne.ee\/lt\/wp-json\/wp\/v2\/product_tag?post=264134"}],"curies":[{"name":"wp","href":"https:\/\/api.w.org\/{rel}","templated":true}]}}