{"id":264166,"date":"2026-03-12T15:49:22","date_gmt":"2026-03-12T13:49:22","guid":{"rendered":"https:\/\/tellimused.stiilne.ee\/toode\/varvikas-naiste-sall-sinistes-toonides-kohe-laos\/"},"modified":"2026-04-07T11:07:39","modified_gmt":"2026-04-07T08:07:39","slug":"moteriskas-spalvingas-melynu-atspalviu-salikas-dabar-naudojamas","status":"publish","type":"product","link":"https:\/\/tellimused.stiilne.ee\/lt\/produktas\/moteriskas-spalvingas-melynu-atspalviu-salikas-dabar-naudojamas\/","title":{"rendered":"Moteri\u0161kas spalvingas m\u0117lyn\u0173 atspalvi\u0173 \u0161alikas &#8211; DABAR NAUDOJAMAS"},"content":{"rendered":"<p>&nbsp;<\/p>\n<p>Puikus didelis ir spalvingas \u0161alikas, tinkamas d\u0117v\u0117ti i\u0161tisus metus &#8211; suteikite spalv\u0105 vienspalviams drabu\u017eiams arba naudokite kaip papildom\u0105 \u0161ilum\u0105 \u0161altuoju met\u0173 laiku.<\/p>\n<p>Taip pat puiki dovana seseriai, dukrai, mamai ar draugei.<\/p>\n<p>\u0160alikas dabar yra sand\u0117lyje &#8211; pristatymas per kelias dienas &#8211; u\u017esakymai, pateikti darbo dien\u0105 prie\u0161 termin\u0105, bus i\u0161si\u0173sti t\u0105 pa\u010di\u0105 dien\u0105.<\/p>\n","protected":false},"excerpt":{"rendered":"<p>&nbsp; Puikus didelis ir spalvingas \u0161alikas, tinkamas d\u0117v\u0117ti i\u0161tisus metus &#8211; suteikite spalv\u0105 vienspalviams drabu\u017eiams arba naudokite kaip papildom\u0105 \u0161ilum\u0105 \u0161altuoju met\u0173 laiku. Taip pat puiki dovana seseriai, dukrai, mamai ar draugei. \u0160alikas dabar yra sand\u0117lyje &#8211; pristatymas per kelias dienas &#8211; u\u017esakymai, pateikti darbo dien\u0105 prie\u0161 termin\u0105, bus i\u0161si\u0173sti t\u0105 pa\u010di\u0105 dien\u0105.<\/p>\n","protected":false},"featured_media":264167,"comment_status":"open","ping_status":"closed","template":"","meta":{"_acf_changed":false},"product_brand":[],"product_cat":[364,319,264],"product_tag":[],"class_list":{"0":"post-264166","1":"product","2":"type-product","3":"status-publish","4":"has-post-thumbnail","6":"product_cat-dovanos","7":"product_cat-dovanos-moterims","8":"product_cat-kepures-pirstines-salikai","9":"product_shipping_class-tarneaeg-1-4-paeva","11":"first","12":"instock","13":"sale","14":"taxable","15":"shipping-taxable","16":"purchasable","17":"product-type-variable","18":"has-default-attributes","19":"add-to-wishlist-after_add_to_cart"},"acf":[],"_links":{"self":[{"href":"https:\/\/tellimused.stiilne.ee\/lt\/wp-json\/wp\/v2\/product\/264166","targetHints":{"allow":["GET"]}}],"collection":[{"href":"https:\/\/tellimused.stiilne.ee\/lt\/wp-json\/wp\/v2\/product"}],"about":[{"href":"https:\/\/tellimused.stiilne.ee\/lt\/wp-json\/wp\/v2\/types\/product"}],"replies":[{"embeddable":true,"href":"https:\/\/tellimused.stiilne.ee\/lt\/wp-json\/wp\/v2\/comments?post=264166"}],"wp:featuredmedia":[{"embeddable":true,"href":"https:\/\/tellimused.stiilne.ee\/lt\/wp-json\/wp\/v2\/media\/264167"}],"wp:attachment":[{"href":"https:\/\/tellimused.stiilne.ee\/lt\/wp-json\/wp\/v2\/media?parent=264166"}],"wp:term":[{"taxonomy":"product_brand","embeddable":true,"href":"https:\/\/tellimused.stiilne.ee\/lt\/wp-json\/wp\/v2\/product_brand?post=264166"},{"taxonomy":"product_cat","embeddable":true,"href":"https:\/\/tellimused.stiilne.ee\/lt\/wp-json\/wp\/v2\/product_cat?post=264166"},{"taxonomy":"product_tag","embeddable":true,"href":"https:\/\/tellimused.stiilne.ee\/lt\/wp-json\/wp\/v2\/product_tag?post=264166"}],"curies":[{"name":"wp","href":"https:\/\/api.w.org\/{rel}","templated":true}]}}