{"id":264173,"date":"2026-03-12T15:49:22","date_gmt":"2026-03-12T13:49:22","guid":{"rendered":"https:\/\/tellimused.stiilne.ee\/toode\/soe-helesinine-naiste-muts-kohe-laos\/"},"modified":"2026-04-07T11:07:38","modified_gmt":"2026-04-07T08:07:38","slug":"silta-sviesiai-melyna-moteriska-kepure-naudojama","status":"publish","type":"product","link":"https:\/\/tellimused.stiilne.ee\/lt\/produktas\/silta-sviesiai-melyna-moteriska-kepure-naudojama\/","title":{"rendered":"\u0160ilta \u0161viesiai m\u0117lyna moteri\u0161ka kepur\u0117 &#8211; NAUDOJAMA"},"content":{"rendered":"<p>Kepur\u0117s med\u017eiaga &#8211; 100% akrilas<\/p>\n<p>Gera \u0161ilta kepur\u0117 pavasariui, rudeniui ir \u017eiemai<\/p>\n<p>Kepur\u0117 \u0161iuo metu yra sand\u0117lyje &#8211; pristatymo laikas 1-4 dienos.<\/p>\n","protected":false},"excerpt":{"rendered":"<p>Kepur\u0117s med\u017eiaga &#8211; 100% akrilas Gera \u0161ilta kepur\u0117 pavasariui, rudeniui ir \u017eiemai Kepur\u0117 \u0161iuo metu yra sand\u0117lyje &#8211; pristatymo laikas 1-4 dienos.<\/p>\n","protected":false},"featured_media":264174,"comment_status":"open","ping_status":"closed","template":"","meta":{"_acf_changed":false},"product_brand":[],"product_cat":[264],"product_tag":[],"class_list":{"0":"post-264173","1":"product","2":"type-product","3":"status-publish","4":"has-post-thumbnail","6":"product_cat-kepures-pirstines-salikai","8":"first","9":"instock","10":"sale","11":"taxable","12":"shipping-taxable","13":"purchasable","14":"product-type-variable","15":"has-default-attributes","16":"add-to-wishlist-after_add_to_cart"},"acf":[],"_links":{"self":[{"href":"https:\/\/tellimused.stiilne.ee\/lt\/wp-json\/wp\/v2\/product\/264173","targetHints":{"allow":["GET"]}}],"collection":[{"href":"https:\/\/tellimused.stiilne.ee\/lt\/wp-json\/wp\/v2\/product"}],"about":[{"href":"https:\/\/tellimused.stiilne.ee\/lt\/wp-json\/wp\/v2\/types\/product"}],"replies":[{"embeddable":true,"href":"https:\/\/tellimused.stiilne.ee\/lt\/wp-json\/wp\/v2\/comments?post=264173"}],"wp:featuredmedia":[{"embeddable":true,"href":"https:\/\/tellimused.stiilne.ee\/lt\/wp-json\/wp\/v2\/media\/264174"}],"wp:attachment":[{"href":"https:\/\/tellimused.stiilne.ee\/lt\/wp-json\/wp\/v2\/media?parent=264173"}],"wp:term":[{"taxonomy":"product_brand","embeddable":true,"href":"https:\/\/tellimused.stiilne.ee\/lt\/wp-json\/wp\/v2\/product_brand?post=264173"},{"taxonomy":"product_cat","embeddable":true,"href":"https:\/\/tellimused.stiilne.ee\/lt\/wp-json\/wp\/v2\/product_cat?post=264173"},{"taxonomy":"product_tag","embeddable":true,"href":"https:\/\/tellimused.stiilne.ee\/lt\/wp-json\/wp\/v2\/product_tag?post=264173"}],"curies":[{"name":"wp","href":"https:\/\/api.w.org\/{rel}","templated":true}]}}