{"id":264176,"date":"2026-03-12T15:48:32","date_gmt":"2026-03-12T13:48:32","guid":{"rendered":"https:\/\/tellimused.stiilne.ee\/toode\/tamaris-naturaalnahast-valged-naiste-slip-on-vabaaja-jalatsid-uudis-kohe-laos\/"},"modified":"2026-04-07T11:07:38","modified_gmt":"2026-04-07T08:07:38","slug":"tamaris-naturaalnahast-balti-moteriski-laisvalaikio-bateliai-udis-chart","status":"publish","type":"product","link":"https:\/\/tellimused.stiilne.ee\/lt\/produktas\/tamaris-naturaalnahast-balti-moteriski-laisvalaikio-bateliai-udis-chart\/","title":{"rendered":"TAMARIS NAT\u016aRALI ODA balti moteri\u0161ki laisvalaikio bateliai-NAUJIENOS-CHART"},"content":{"rendered":"<p>&nbsp;<\/p>\n<p>Paprasto moteri\u0161ko dizaino patog\u016bs &#8222;Tamaris&#8221; moteri\u0161ki laisvalaikio bateliai yra geras pasirinkimas pavasariui ir vasarai &#8211; d\u0117l klasikin\u0117s i\u0161vaizdos juos lengva derinti prie kelni\u0173 ar vasarini\u0173 sukneli\u0173.<\/p>\n<p>Bat\u0173 vidus ir i\u0161or\u0117 pagaminti i\u0161 nat\u016bralios odos. Vidpadis yra labai mink\u0161tas ir u\u017etikrina, kad kiekvienas \u017eingsnis b\u016bt\u0173 malonus. Batai yra labai lengvi ir nevargina koj\u0173 net po ilgesnio ne\u0161iojimo. idealiai tinka darbui patalpose.<\/p>\n<p>&#8222;Tamaris&#8221; laisvalaikio bateliai dabar yra sand\u0117lyje &#8211; pristatymas per kelias dienas.<\/p>\n<p>U\u017esakymai, pateikti darbo dien\u0105 prie\u0161 nuorod\u0105, bus i\u0161si\u0173sti t\u0105 pa\u010di\u0105 dien\u0105.<\/p>\n<p><strong>&#8222;Tamaris&#8221; moteri\u0161k\u0173 laisvalaikio bateli\u0173 vidpad\u017eio i\u0161matavimai:<\/strong><\/p>\n<p>37-23,6 cm<\/p>\n<p>38-24,4 cm<\/p>\n<p>39-25,1 cm<\/p>\n<p>40-25,9 cm<\/p>\n<p>41-26,6 cm<\/p>\n<p>42-27,4 cm<\/p>\n","protected":false},"excerpt":{"rendered":"<p>&nbsp; Paprasto moteri\u0161ko dizaino patog\u016bs &#8222;Tamaris&#8221; moteri\u0161ki laisvalaikio bateliai yra geras pasirinkimas pavasariui ir vasarai &#8211; d\u0117l klasikin\u0117s i\u0161vaizdos juos lengva derinti prie kelni\u0173 ar vasarini\u0173 sukneli\u0173. Bat\u0173 vidus ir i\u0161or\u0117 pagaminti i\u0161 nat\u016bralios odos. Vidpadis yra labai mink\u0161tas ir u\u017etikrina, kad kiekvienas \u017eingsnis b\u016bt\u0173 malonus. Batai yra labai lengvi ir nevargina koj\u0173 net po [&hellip;]<\/p>\n","protected":false},"featured_media":264177,"comment_status":"open","ping_status":"closed","template":"","meta":{"_acf_changed":false},"product_brand":[],"product_cat":[357],"product_tag":[],"class_list":{"0":"post-264176","1":"product","2":"type-product","3":"status-publish","4":"has-post-thumbnail","6":"product_cat-laisvalaikio-avalyne","7":"product_shipping_class-tarneaeg-1-4-paeva","9":"first","10":"instock","11":"sale","12":"taxable","13":"shipping-taxable","14":"purchasable","15":"product-type-variable","16":"has-default-attributes","17":"add-to-wishlist-after_add_to_cart"},"acf":[],"_links":{"self":[{"href":"https:\/\/tellimused.stiilne.ee\/lt\/wp-json\/wp\/v2\/product\/264176","targetHints":{"allow":["GET"]}}],"collection":[{"href":"https:\/\/tellimused.stiilne.ee\/lt\/wp-json\/wp\/v2\/product"}],"about":[{"href":"https:\/\/tellimused.stiilne.ee\/lt\/wp-json\/wp\/v2\/types\/product"}],"replies":[{"embeddable":true,"href":"https:\/\/tellimused.stiilne.ee\/lt\/wp-json\/wp\/v2\/comments?post=264176"}],"wp:featuredmedia":[{"embeddable":true,"href":"https:\/\/tellimused.stiilne.ee\/lt\/wp-json\/wp\/v2\/media\/264177"}],"wp:attachment":[{"href":"https:\/\/tellimused.stiilne.ee\/lt\/wp-json\/wp\/v2\/media?parent=264176"}],"wp:term":[{"taxonomy":"product_brand","embeddable":true,"href":"https:\/\/tellimused.stiilne.ee\/lt\/wp-json\/wp\/v2\/product_brand?post=264176"},{"taxonomy":"product_cat","embeddable":true,"href":"https:\/\/tellimused.stiilne.ee\/lt\/wp-json\/wp\/v2\/product_cat?post=264176"},{"taxonomy":"product_tag","embeddable":true,"href":"https:\/\/tellimused.stiilne.ee\/lt\/wp-json\/wp\/v2\/product_tag?post=264176"}],"curies":[{"name":"wp","href":"https:\/\/api.w.org\/{rel}","templated":true}]}}