{"id":264223,"date":"2026-03-12T15:44:03","date_gmt":"2026-03-12T13:44:03","guid":{"rendered":"https:\/\/tellimused.stiilne.ee\/toode\/vero-moda-tepitud-mustriga-roosa-naiste-kevad-sugis-jope-mallie-uudis-kohe-laos\/"},"modified":"2026-04-06T19:49:25","modified_gmt":"2026-04-06T16:49:25","slug":"vero-moda-tepitud-mustriga-roosa-naiste-kevad-sugis-jope-mallie-uudis-kohe-laos","status":"publish","type":"product","link":"https:\/\/tellimused.stiilne.ee\/lt\/produktas\/vero-moda-tepitud-mustriga-roosa-naiste-kevad-sugis-jope-mallie-uudis-kohe-laos\/","title":{"rendered":"VERO MODA tepitud mustriga roosa naiste kevad-s\u00fcgis jope Mallie -KOHE LAOS"},"content":{"rendered":"<p>&nbsp;<\/p>\n<p>Trendikas ja mugava pikkusega naiste\u00a0 kevad-s\u00fcgis jope Mallie on loodud Vero Moda br\u00e4ndi poolt.<\/p>\n<p>Vero Moda Mellie materjaliks on\u00a0 seest ja v\u00e4ljast\u00a0 100% pol\u00fcester<\/p>\n<p>Jope sobib kandmiseks aprill-oktoober<\/p>\n<p>Jope on kohe laos olemas- tarneaeg paar p\u00e4eva<\/p>\n<p>T\u00f6\u00f6p\u00e4eval enne viite tehtud tellimuse postitame samal p\u00e4eval<\/p>\n<p>&nbsp;<\/p>\n","protected":false},"excerpt":{"rendered":"<p>&nbsp; Trendikas ja mugava pikkusega naiste\u00a0 kevad-s\u00fcgis jope Mallie on loodud Vero Moda br\u00e4ndi poolt. Vero Moda Mellie materjaliks on\u00a0 seest ja v\u00e4ljast\u00a0 100% pol\u00fcester Jope sobib kandmiseks aprill-oktoober Jope on kohe laos olemas- tarneaeg paar p\u00e4eva T\u00f6\u00f6p\u00e4eval enne viite tehtud tellimuse postitame samal p\u00e4eval &nbsp;<\/p>\n","protected":false},"featured_media":264224,"comment_status":"open","ping_status":"closed","template":"","meta":{"_acf_changed":false},"product_brand":[],"product_cat":[270],"product_tag":[],"class_list":{"0":"post-264223","1":"product","2":"type-product","3":"status-publish","4":"has-post-thumbnail","6":"product_cat-pavasario-ir-rudens-striukes-bei-svarkai","7":"product_shipping_class-tarneaeg-1-4-paeva","9":"first","10":"instock","11":"sale","12":"taxable","13":"shipping-taxable","14":"purchasable","15":"product-type-variable","16":"has-default-attributes","17":"add-to-wishlist-after_add_to_cart"},"acf":[],"_links":{"self":[{"href":"https:\/\/tellimused.stiilne.ee\/lt\/wp-json\/wp\/v2\/product\/264223","targetHints":{"allow":["GET"]}}],"collection":[{"href":"https:\/\/tellimused.stiilne.ee\/lt\/wp-json\/wp\/v2\/product"}],"about":[{"href":"https:\/\/tellimused.stiilne.ee\/lt\/wp-json\/wp\/v2\/types\/product"}],"replies":[{"embeddable":true,"href":"https:\/\/tellimused.stiilne.ee\/lt\/wp-json\/wp\/v2\/comments?post=264223"}],"wp:featuredmedia":[{"embeddable":true,"href":"https:\/\/tellimused.stiilne.ee\/lt\/wp-json\/wp\/v2\/media\/264224"}],"wp:attachment":[{"href":"https:\/\/tellimused.stiilne.ee\/lt\/wp-json\/wp\/v2\/media?parent=264223"}],"wp:term":[{"taxonomy":"product_brand","embeddable":true,"href":"https:\/\/tellimused.stiilne.ee\/lt\/wp-json\/wp\/v2\/product_brand?post=264223"},{"taxonomy":"product_cat","embeddable":true,"href":"https:\/\/tellimused.stiilne.ee\/lt\/wp-json\/wp\/v2\/product_cat?post=264223"},{"taxonomy":"product_tag","embeddable":true,"href":"https:\/\/tellimused.stiilne.ee\/lt\/wp-json\/wp\/v2\/product_tag?post=264223"}],"curies":[{"name":"wp","href":"https:\/\/api.w.org\/{rel}","templated":true}]}}