{"id":264231,"date":"2026-03-12T15:44:03","date_gmt":"2026-03-12T13:44:03","guid":{"rendered":"https:\/\/tellimused.stiilne.ee\/toode\/vero-moda-tepitud-mustriga-roheline-naiste-kevad-sugis-jope-mallie-uudis-kohe-laos\/"},"modified":"2026-04-07T11:07:40","modified_gmt":"2026-04-07T08:07:40","slug":"vero-moda-dygsniuotas-modelis-zalias-moteriskas-pavasario-rudens-svarkas-mallie-mada-parduotuve","status":"publish","type":"product","link":"https:\/\/tellimused.stiilne.ee\/lt\/produktas\/vero-moda-dygsniuotas-modelis-zalias-moteriskas-pavasario-rudens-svarkas-mallie-mada-parduotuve\/","title":{"rendered":"VERO MODA dygsniuotas modelis \u017ealias moteri\u0161kas pavasario-rudens \u0161varkas Mallie &#8211; MADA parduotuv\u0117"},"content":{"rendered":"<p>&nbsp;<\/p>\n<p>Madingas ir patogaus ilgio moteri\u0161kas pavasario-rudens \u0161varkas Sukurta &#8222;Vero Moda&#8221;<\/p>\n<p>&#8222;Vero Moda Mellie&#8221; pagamintas i\u0161 100 % poliesterio viduje ir i\u0161or\u0117je<\/p>\n<p>\u0160varkas tinka d\u0117v\u0117ti baland\u017eio-spalio m\u0117nesiais<\/p>\n<p>\u0160varkas dabar yra sand\u0117lyje &#8211; pristatymas per kelias dienas<\/p>\n<p>U\u017esakymai, pateikti likus darbo dienai iki termino pabaigos, bus i\u0161si\u0173sti t\u0105 pa\u010di\u0105 dien\u0105.<\/p>\n<p>&nbsp;<\/p>\n","protected":false},"excerpt":{"rendered":"<p>&nbsp; Madingas ir patogaus ilgio moteri\u0161kas pavasario-rudens \u0161varkas Sukurta &#8222;Vero Moda&#8221; &#8222;Vero Moda Mellie&#8221; pagamintas i\u0161 100 % poliesterio viduje ir i\u0161or\u0117je \u0160varkas tinka d\u0117v\u0117ti baland\u017eio-spalio m\u0117nesiais \u0160varkas dabar yra sand\u0117lyje &#8211; pristatymas per kelias dienas U\u017esakymai, pateikti likus darbo dienai iki termino pabaigos, bus i\u0161si\u0173sti t\u0105 pa\u010di\u0105 dien\u0105. &nbsp;<\/p>\n","protected":false},"featured_media":264232,"comment_status":"open","ping_status":"closed","template":"","meta":{"_acf_changed":false},"product_brand":[],"product_cat":[270],"product_tag":[],"class_list":{"0":"post-264231","1":"product","2":"type-product","3":"status-publish","4":"has-post-thumbnail","6":"product_cat-pavasario-ir-rudens-striukes-bei-svarkai","7":"product_shipping_class-tarneaeg-1-4-paeva","9":"first","10":"instock","11":"sale","12":"taxable","13":"shipping-taxable","14":"purchasable","15":"product-type-variable","16":"has-default-attributes","17":"add-to-wishlist-after_add_to_cart"},"acf":[],"_links":{"self":[{"href":"https:\/\/tellimused.stiilne.ee\/lt\/wp-json\/wp\/v2\/product\/264231","targetHints":{"allow":["GET"]}}],"collection":[{"href":"https:\/\/tellimused.stiilne.ee\/lt\/wp-json\/wp\/v2\/product"}],"about":[{"href":"https:\/\/tellimused.stiilne.ee\/lt\/wp-json\/wp\/v2\/types\/product"}],"replies":[{"embeddable":true,"href":"https:\/\/tellimused.stiilne.ee\/lt\/wp-json\/wp\/v2\/comments?post=264231"}],"wp:featuredmedia":[{"embeddable":true,"href":"https:\/\/tellimused.stiilne.ee\/lt\/wp-json\/wp\/v2\/media\/264232"}],"wp:attachment":[{"href":"https:\/\/tellimused.stiilne.ee\/lt\/wp-json\/wp\/v2\/media?parent=264231"}],"wp:term":[{"taxonomy":"product_brand","embeddable":true,"href":"https:\/\/tellimused.stiilne.ee\/lt\/wp-json\/wp\/v2\/product_brand?post=264231"},{"taxonomy":"product_cat","embeddable":true,"href":"https:\/\/tellimused.stiilne.ee\/lt\/wp-json\/wp\/v2\/product_cat?post=264231"},{"taxonomy":"product_tag","embeddable":true,"href":"https:\/\/tellimused.stiilne.ee\/lt\/wp-json\/wp\/v2\/product_tag?post=264231"}],"curies":[{"name":"wp","href":"https:\/\/api.w.org\/{rel}","templated":true}]}}