{"id":264238,"date":"2026-03-12T15:42:35","date_gmt":"2026-03-12T13:42:35","guid":{"rendered":"https:\/\/tellimused.stiilne.ee\/toode\/lenne-naiste-kevad-sugis-ulemineku-parka-melissa-metsaroheline80-gr-soojustusega-kohe-laos\/"},"modified":"2026-04-07T11:07:40","modified_gmt":"2026-04-07T08:07:40","slug":"lenne-moteriska-pavasario-rudens-pereinamojo-laikotarpio-striuke-melissa-forest-green80-gr-apsiltinta-tuoj-bus-sandelyje","status":"publish","type":"product","link":"https:\/\/tellimused.stiilne.ee\/lt\/produktas\/lenne-moteriska-pavasario-rudens-pereinamojo-laikotarpio-striuke-melissa-forest-green80-gr-apsiltinta-tuoj-bus-sandelyje\/","title":{"rendered":"LENNE moteri\u0161ka pavasario-rudens pereinamojo laikotarpio striuk\u0117 Melissa forest green(80 gr. ap\u0161iltinta) &#8211; Tuoj bus sand\u0117lyje"},"content":{"rendered":"<p>&nbsp;<\/p>\n<p>Lenne Melissa moteri\u0161ka pavasario-rudens parka Savyb\u0117s:<\/p>\n<ul>\n<li>Atsparumas vandeniui 10 000 mm<\/li>\n<li>Kv\u0117puojantis i\u0161orinis audinys &#8211; gar\u0173 pralaidumas 10 000 g\/m2\/24h<\/li>\n<li>Neperpu\u010diamas v\u0117jas &#8211; oro pralaidumas 0 l\/m2s<\/li>\n<li>80 gram\u0173 vatos \u0161ildymas<\/li>\n<li>Purv\u0105 atstumiantis i\u0161orinis audinys-DWR apdorojimas<\/li>\n<li>Rankovi\u0173 rankogaliai su fiksatoriais rankov\u0117s apykaklei reguliuoti<\/li>\n<li>Dviej\u0173 kryp\u010di\u0173 u\u017etrauktukas, u\u017edengtas priekyje esan\u010diu krautuvu<\/li>\n<li>Reguliuojamos rankov\u0117s su kam\u0161\u010diais juosmens gale<\/li>\n<li>2 priekin\u0117s ki\u0161en\u0117s su u\u017etrauktukais 1 priekin\u0117 ki\u0161en\u0117 su u\u017etrauktukais<\/li>\n<li>Atspindin\u010dios detal\u0117s ant striuk\u0117s nugaros<\/li>\n<li>At\u0161vaito tvirtinimo laikiklis<\/li>\n<li>Estijoje pagaminta striuk\u0117<\/li>\n<li>Estijoje rekomenduojama keliauti pavasar\u012f ir ruden\u012f.<\/li>\n<\/ul>\n<p>&nbsp;<\/p>\n<p>&#8222;Melissa parka&#8221; dyd\u017eiai atitinka standartinius europieti\u0161kus dyd\u017eius &#8211; pasirinkite savo \u012fprast\u0105 dyd\u012f, t. y. t\u0105, kur\u012f da\u017eniausiai d\u0117vite.<\/p>\n<p><strong>\u012evair\u016bs dyd\u017eiai: S (36), M (38-40), L (42-44), XL (44-46).<\/strong><\/p>\n<p><strong>Kr\u016btin\u0117s apimtis 100, 108, 116, 126 cm<\/strong><\/p>\n<p><strong>Striuk\u0117s ilgis ties nugaros viduriu 100, 101, 102, 102 cm<\/strong><\/p>\n<p>Nuotraukoje pavaizduotas modelis Margeri yra 165 cm \u016bgio ir nuotraukose d\u0117vi S dyd\u012f, kuris tinka ir XS, ir S. Auk\u0161tesn\u0117ms moterims parka bus \u0161iek tiek trumpesn\u0117 nugaroje.<\/p>\n<p><strong>NB!Jei gavus u\u017esakyt\u0105 striuk\u0119 jos dydis yra ma\u017eas arba didelis, keitimas su DPD kupono kodu visada nemokamas.<\/strong><\/p>\n<p>Auk\u0161t\u0173j\u0173 technologij\u0173 &#8222;Active&#8221; audinys turi neper\u0161lampam\u0105 membran\u0105, kuri neleid\u017eia vandeniui patekti \u012f gaminio vid\u0173, o dr\u0117gm\u0117 i\u0161 gaminio vidaus gali i\u0161garuoti.Idealiai tinka moterims pavasario-rudens darbui ir laisvalaikiui.<\/p>\n<p>&#8222;Lenne&#8221; yra Estijos \u012fmon\u0117, gaminanti vaiki\u0161kus drabu\u017eius nuo 1991 m. &#8222;Lenne&#8221; pagrindin\u0117 b\u016bstin\u0117 yra Taline, o visus gaminius kuria vietos \u017emon\u0117s, atsi\u017evelgdami \u012f Estijos klimat\u0105 ir est\u0173 pageidavimus, tod\u0117l net ir at\u0161iauriausiu oru jums visada bus \u0161ilta ir sausa.<\/p>\n<p>&nbsp;<\/p>\n<p>&nbsp;<\/p>\n<p>&nbsp;<\/p>\n","protected":false},"excerpt":{"rendered":"<p>&nbsp; Lenne Melissa moteri\u0161ka pavasario-rudens parka Savyb\u0117s: Atsparumas vandeniui 10 000 mm Kv\u0117puojantis i\u0161orinis audinys &#8211; gar\u0173 pralaidumas 10 000 g\/m2\/24h Neperpu\u010diamas v\u0117jas &#8211; oro pralaidumas 0 l\/m2s 80 gram\u0173 vatos \u0161ildymas Purv\u0105 atstumiantis i\u0161orinis audinys-DWR apdorojimas Rankovi\u0173 rankogaliai su fiksatoriais rankov\u0117s apykaklei reguliuoti Dviej\u0173 kryp\u010di\u0173 u\u017etrauktukas, u\u017edengtas priekyje esan\u010diu krautuvu Reguliuojamos rankov\u0117s su kam\u0161\u010diais [&hellip;]<\/p>\n","protected":false},"featured_media":264239,"comment_status":"open","ping_status":"closed","template":"","meta":{"_acf_changed":false},"product_brand":[],"product_cat":[270],"product_tag":[],"class_list":{"0":"post-264238","1":"product","2":"type-product","3":"status-publish","4":"has-post-thumbnail","6":"product_cat-pavasario-ir-rudens-striukes-bei-svarkai","7":"product_shipping_class-tarneaeg-1-4-paeva","9":"first","10":"instock","11":"sale","12":"taxable","13":"shipping-taxable","14":"purchasable","15":"product-type-variable","16":"has-default-attributes","17":"add-to-wishlist-after_add_to_cart"},"acf":[],"_links":{"self":[{"href":"https:\/\/tellimused.stiilne.ee\/lt\/wp-json\/wp\/v2\/product\/264238","targetHints":{"allow":["GET"]}}],"collection":[{"href":"https:\/\/tellimused.stiilne.ee\/lt\/wp-json\/wp\/v2\/product"}],"about":[{"href":"https:\/\/tellimused.stiilne.ee\/lt\/wp-json\/wp\/v2\/types\/product"}],"replies":[{"embeddable":true,"href":"https:\/\/tellimused.stiilne.ee\/lt\/wp-json\/wp\/v2\/comments?post=264238"}],"wp:featuredmedia":[{"embeddable":true,"href":"https:\/\/tellimused.stiilne.ee\/lt\/wp-json\/wp\/v2\/media\/264239"}],"wp:attachment":[{"href":"https:\/\/tellimused.stiilne.ee\/lt\/wp-json\/wp\/v2\/media?parent=264238"}],"wp:term":[{"taxonomy":"product_brand","embeddable":true,"href":"https:\/\/tellimused.stiilne.ee\/lt\/wp-json\/wp\/v2\/product_brand?post=264238"},{"taxonomy":"product_cat","embeddable":true,"href":"https:\/\/tellimused.stiilne.ee\/lt\/wp-json\/wp\/v2\/product_cat?post=264238"},{"taxonomy":"product_tag","embeddable":true,"href":"https:\/\/tellimused.stiilne.ee\/lt\/wp-json\/wp\/v2\/product_tag?post=264238"}],"curies":[{"name":"wp","href":"https:\/\/api.w.org\/{rel}","templated":true}]}}