{"id":264293,"date":"2026-03-12T15:38:52","date_gmt":"2026-03-12T13:38:52","guid":{"rendered":"https:\/\/tellimused.stiilne.ee\/toode\/treats-bag-naturaalnahast-vaiksem-must-naiste-kaekott-vilde-uudis-kohe-laos\/"},"modified":"2026-04-07T11:07:42","modified_gmt":"2026-04-07T08:07:42","slug":"treats-bag-mazesne-juoda-naturalios-odos-moteriska-rankine-vilde-naujiena","status":"publish","type":"product","link":"https:\/\/tellimused.stiilne.ee\/lt\/produktas\/treats-bag-mazesne-juoda-naturalios-odos-moteriska-rankine-vilde-naujiena\/","title":{"rendered":"TREATS BAG ma\u017eesn\u0117 juoda nat\u016bralios odos moteri\u0161ka rankin\u0117 Vilde NAUJIENA"},"content":{"rendered":"<p>&nbsp;<\/p>\n<p>Klasikinio dizaino nat\u016bralios odos ma\u017eesn\u0117 rankin\u0117 yra paprasto dizaino, tod\u0117l lengvai dera prie \u012fvairi\u0173 tip\u0173 drabu\u017ei\u0173.<\/p>\n<p>Ji taip pat puikiai tinka teatre, koncertuose ir i\u0161kilmingesniuose renginiuose, kai norisi nedidel\u0117s, eleganti\u0161kos rankin\u0117s, tinkan\u010dios prie aprangos.<\/p>\n<p>Rankin\u0117s med\u017eiaga &#8211; nat\u016brali oda, ji pagaminta Indijoje.<\/p>\n<p>Krep\u0161ys u\u017esegamas auksiniu u\u017eraktu vir\u0161uje.<\/p>\n<p><strong>Krep\u0161io matmenys  <\/strong><\/p>\n<p><strong>Auk\u0161tis 16 cm  <\/strong><\/p>\n<p><strong>Plotis 20 cm<\/strong><\/p>\n<p><strong>Gylis 5 cm<\/strong><\/p>\n<p><strong>Rankin\u0117je puikiai telpa pinigin\u0117, mobilusis telefonas, raktai ir smulki kosmetika.<\/strong><\/p>\n<p>Krep\u0161io viduje yra 2 papildomos ma\u017eesn\u0117s ki\u0161en\u0117s &#8211; 1 atvira ki\u0161en\u0117 ir 1 u\u017esegama ki\u0161en\u0117.<\/p>\n<p>Ilgas reguliuojamas dir\u017eas per pet\u012f<\/p>\n<p>Rankin\u0117 yra sand\u0117lyje &#8211; pristatymas per kelias dienas.<\/p>\n<p>U\u017esakymai, pateikti darbo dien\u0105 prie\u0161 v\u0117lavim\u0105, i\u0161siun\u010diami t\u0105 pa\u010di\u0105 dien\u0105, o siuntinys paprastai b\u016bna siunt\u0173 pristatymo ma\u0161inoje iki kitos dienos.<\/p>\n<p>Rankin\u0119 galite ap\u017ei\u016br\u0117ti ir \u012fsigyti m\u016bs\u0173 sand\u0117lyje adresu Kanarbiku tee 15\/3, J\u00e4rvek\u00fcla &#8211; 5 minut\u0117s kelio automobiliu nuo \u00dclemiste centro.<\/p>\n","protected":false},"excerpt":{"rendered":"<p>&nbsp; Klasikinio dizaino nat\u016bralios odos ma\u017eesn\u0117 rankin\u0117 yra paprasto dizaino, tod\u0117l lengvai dera prie \u012fvairi\u0173 tip\u0173 drabu\u017ei\u0173. Ji taip pat puikiai tinka teatre, koncertuose ir i\u0161kilmingesniuose renginiuose, kai norisi nedidel\u0117s, eleganti\u0161kos rankin\u0117s, tinkan\u010dios prie aprangos. Rankin\u0117s med\u017eiaga &#8211; nat\u016brali oda, ji pagaminta Indijoje. Krep\u0161ys u\u017esegamas auksiniu u\u017eraktu vir\u0161uje. Krep\u0161io matmenys Auk\u0161tis 16 cm Plotis 20 [&hellip;]<\/p>\n","protected":false},"featured_media":264294,"comment_status":"open","ping_status":"closed","template":"","meta":{"_acf_changed":false},"product_brand":[],"product_cat":[325],"product_tag":[],"class_list":{"0":"post-264293","1":"product","2":"type-product","3":"status-publish","4":"has-post-thumbnail","6":"product_cat-mazesnes-rankines","7":"product_shipping_class-tarneaeg-1-4-paeva","9":"first","10":"instock","11":"sale","12":"taxable","13":"shipping-taxable","14":"purchasable","15":"product-type-variable","16":"has-default-attributes","17":"add-to-wishlist-after_add_to_cart"},"acf":[],"_links":{"self":[{"href":"https:\/\/tellimused.stiilne.ee\/lt\/wp-json\/wp\/v2\/product\/264293","targetHints":{"allow":["GET"]}}],"collection":[{"href":"https:\/\/tellimused.stiilne.ee\/lt\/wp-json\/wp\/v2\/product"}],"about":[{"href":"https:\/\/tellimused.stiilne.ee\/lt\/wp-json\/wp\/v2\/types\/product"}],"replies":[{"embeddable":true,"href":"https:\/\/tellimused.stiilne.ee\/lt\/wp-json\/wp\/v2\/comments?post=264293"}],"wp:featuredmedia":[{"embeddable":true,"href":"https:\/\/tellimused.stiilne.ee\/lt\/wp-json\/wp\/v2\/media\/264294"}],"wp:attachment":[{"href":"https:\/\/tellimused.stiilne.ee\/lt\/wp-json\/wp\/v2\/media?parent=264293"}],"wp:term":[{"taxonomy":"product_brand","embeddable":true,"href":"https:\/\/tellimused.stiilne.ee\/lt\/wp-json\/wp\/v2\/product_brand?post=264293"},{"taxonomy":"product_cat","embeddable":true,"href":"https:\/\/tellimused.stiilne.ee\/lt\/wp-json\/wp\/v2\/product_cat?post=264293"},{"taxonomy":"product_tag","embeddable":true,"href":"https:\/\/tellimused.stiilne.ee\/lt\/wp-json\/wp\/v2\/product_tag?post=264293"}],"curies":[{"name":"wp","href":"https:\/\/api.w.org\/{rel}","templated":true}]}}