{"id":264318,"date":"2026-03-12T15:38:11","date_gmt":"2026-03-12T13:38:11","guid":{"rendered":"https:\/\/tellimused.stiilne.ee\/toode\/huppa-naiste-kevad-sugis-parka-minna-mahe-lilleline-40-gr-soojustusega-kohe-laos-viimased-hea-hind\/"},"modified":"2026-04-07T11:07:44","modified_gmt":"2026-04-07T08:07:44","slug":"huppa-mild-floral-moteriska-pavasario-rudens-striuke-minna-40-gr-apsiltinta-naujiena-ispardavime-seven-didele-kaina","status":"publish","type":"product","link":"https:\/\/tellimused.stiilne.ee\/lt\/produktas\/huppa-mild-floral-moteriska-pavasario-rudens-striuke-minna-40-gr-apsiltinta-naujiena-ispardavime-seven-didele-kaina\/","title":{"rendered":"HUPPA mild floral moteri\u0161ka pavasario-rudens striuk\u0117 Minna 40 gr, ap\u0161iltinta &#8211; NAUJIENA I\u0160PARDAVIME SEVEN &#8211; DIDEL\u0116 KAINA"},"content":{"rendered":"<h3 data-start=\"177\" data-end=\"275\"><strong data-start=\"181\" data-end=\"275\">&#8222;Huppa&#8221; moteri\u0161ka pavasario-rudens striuk\u0117 &#8222;Minna&#8221; &#8211; patikima ir moteri\u0161ka apsauga nuo permaining\u0173 oro s\u0105lyg\u0173<\/strong><\/h3>\n<p data-start=\"277\" data-end=\"583\">Jei ie\u0161kote dar daugiau apr\u0117pties ir \u0161ilumos suteikian\u010dios, bet kartu prakti\u0161kos ir stilingos parka, <strong data-start=\"383\" data-end=\"423\">&#8222;Huppa&#8221; moteri\u0161ka pavasario-rudens parka &#8222;Minna&#8221;<\/strong> yra puikus pasirinkimas. Ji sukurta patogum\u0105, funkcionalum\u0105 ir eleganti\u0161k\u0105 i\u0161vaizd\u0105 vertinan\u010diai moteriai &#8211; nesvarbu, ar tai b\u016bt\u0173 lietinga diena mieste, ar pasivaik\u0161\u010diojimas gamtoje. <\/p>\n<p data-start=\"585\" data-end=\"705\"><strong data-start=\"585\" data-end=\"625\">&#8222;Minna&#8221; pavasario-rudens park\u0105 galima d\u0117v\u0117ti nuo kovo iki spalio m\u0117nesio,<\/strong> kai orai gali b\u016bti \u012fvair\u016bs &#8211; nuo v\u0117juot\u0173 li\u016b\u010di\u0173 iki saul\u0117t\u0173, bet v\u0117si\u0173 dien\u0173.<\/p>\n<hr data-start=\"707\" data-end=\"710\">\n<h3 data-start=\"712\" data-end=\"750\"><strong data-start=\"716\" data-end=\"750\">Kod\u0117l verta rinktis &#8222;Huppa Minna parka&#8221;?<\/strong><\/h3>\n<p data-start=\"752\" data-end=\"1169\"> <strong data-start=\"754\" data-end=\"777\">V\u0117jui ir vandeniui atspari<\/strong> <strong data-start=\"854\" data-end=\"873\">med\u017eiaga<\/strong> &#8211; patikima apsauga permainingu Estijos oru (atsparumas vandeniui 10 000 mm)<br data-start=\"849\" data-end=\"852\"> <strong data-start=\"854\" data-end=\"873\">Kv\u0117puojanti med\u017eiaga<\/strong> &#8211; u\u017etikrina ger\u0105 oro srauto pralaidum\u0105 (pralaidumas orui 10 000 g\/m\u00b2)<br data-start=\"921\" data-end=\"924\"> <strong data-start=\"926\" data-end=\"943\">40 g izoliacija<\/strong> &#8211; i\u0161laiko \u0161ilum\u0105 pavasar\u012f, ruden\u012f ir v\u0117siomis vasaros naktimis<br data-start=\"1009\" data-end=\"1012\"> <strong data-start=\"1014\" data-end=\"1029\">Ilgesnis kirpimas<\/strong> &#8211; geriau dengia klubus ir \u0161launis, suteikia daugiau \u0161ilumos ir apsaugos<br data-start=\"1090\" data-end=\"1093\"> <strong data-start=\"1095\" data-end=\"1127\">Fig\u016brai priglud\u0119s kirpimas moterims<\/strong> &#8211; reguliuojamas rai\u0161telis vir\u0161 dir\u017eo.<\/p>\n<hr data-start=\"1171\" data-end=\"1174\">\n<h3 data-start=\"1176\" data-end=\"1217\"><strong data-start=\"1180\" data-end=\"1217\">Stilingos ir prakti\u0161kos detal\u0117s:<\/strong><\/h3>\n<ul data-start=\"1219\" data-end=\"1682\">\n<li data-start=\"1219\" data-end=\"1309\">\n<p data-start=\"1221\" data-end=\"1309\"><strong data-start=\"1221\" data-end=\"1258\">\u0160ilti briaunuoti rankovi\u0173 rankogaliai su<\/strong> laiko v\u0117j\u0105 ir padidina d\u0117v\u0117jimo patogum\u0105<\/p>\n<\/li>\n<li data-start=\"1310\" data-end=\"1412\">\n<p data-start=\"1312\" data-end=\"1412\"><strong data-start=\"1312\" data-end=\"1345\">\u0160onin\u0117s ki\u0161en\u0117s, u\u017esegamos \u0161akiniu keltuvu<\/strong> &#8211; saugus ir prakti\u0161kas sprendimas asmeniniams daiktams laikyti<\/p>\n<\/li>\n<li data-start=\"1413\" data-end=\"1476\">\n<p data-start=\"1415\" data-end=\"1476\"><strong data-start=\"1415\" data-end=\"1446\">Dviem kryptimis atidaromas priekinis u\u017eraktas<\/strong> &#8211; patogu s\u0117d\u0117ti ir va\u017eiuoti automobilyje<\/p>\n<\/li>\n<li data-start=\"1477\" data-end=\"1538\">\n<p data-start=\"1479\" data-end=\"1538\"><strong data-start=\"1479\" data-end=\"1512\">Vandeniui atsparios u\u017eklijuotos si\u016bl\u0117s<\/strong> (kapi\u0161onas, pe\u010diai, kaklas)<\/p>\n<\/li>\n<li data-start=\"1539\" data-end=\"1607\">\n<p data-start=\"1541\" data-end=\"1607\"><b>Reguliuojamas gobtuvo kra\u0161tas<\/b> &#8211; geriau laikosi v\u0117juotomis s\u0105lygomis<\/p>\n<\/li>\n<li data-start=\"1608\" data-end=\"1682\">\n<p data-start=\"1610\" data-end=\"1682\"><strong data-start=\"1610\" data-end=\"1628\">Atspindin\u010dios detal\u0117s<\/strong> priekyje, nugaroje ir <strong data-start=\"1610\" data-end=\"1628\">ant<\/strong> rankovi\u0173 &#8211; geresniam matomumui tamsoje<\/p>\n<\/li>\n<\/ul>\n<hr data-start=\"1684\" data-end=\"1687\">\n<h3 data-start=\"1689\" data-end=\"1718\"><strong data-start=\"1693\" data-end=\"1718\">Med\u017eiaga ir kokyb\u0117<\/strong><\/h3>\n<ul data-start=\"1720\" data-end=\"1884\">\n<li data-start=\"1720\" data-end=\"1761\">\n<p data-start=\"1722\" data-end=\"1761\"><strong data-start=\"1722\" data-end=\"1744\">I\u0161orin\u0117 med\u017eiaga:<\/strong> 100% poliesteris<\/p>\n<\/li>\n<li data-start=\"1762\" data-end=\"1792\">\n<p data-start=\"1764\" data-end=\"1792\"><strong data-start=\"1764\" data-end=\"1775\">Pamu\u0161alas:<\/strong> 100% poliesteris<\/p>\n<\/li>\n<li data-start=\"1793\" data-end=\"1826\">\n<p data-start=\"1795\" data-end=\"1826\"><strong data-start=\"1795\" data-end=\"1809\">Reguliavimas:<\/strong> 40 g\/m\u00b2 medvilnin\u0117 vata<\/p>\n<\/li>\n<li data-start=\"1827\" data-end=\"1856\">\n<p data-start=\"1829\" data-end=\"1856\"><strong data-start=\"1829\" data-end=\"1844\">Atsparumas vandeniui:<\/strong> 10 000 mm<\/p>\n<\/li>\n<li data-start=\"1857\" data-end=\"1884\">\n<p data-start=\"1859\" data-end=\"1884\"><strong data-start=\"1859\" data-end=\"1872\">Tankis:<\/strong> 10 000 g\/m\u00b2<\/p>\n<\/li>\n<\/ul>\n<p data-start=\"1886\" data-end=\"2027\"><strong data-start=\"1886\" data-end=\"1914\">&#8222;Huppa&#8221; moteri\u0161ka striuk\u0117 &#8222;Minna&#8221;<\/strong> sukurta \u0161iaurieti\u0161kam pavasariui ir rudeniui &#8211; joje dera prakti\u0161kumas ir moteri\u0161kas dizainas.<\/p>\n<hr data-start=\"2029\" data-end=\"2032\">\n<h3 data-start=\"2034\" data-end=\"2061\"><strong data-start=\"2038\" data-end=\"2061\">Dyd\u017eiai ir tinkamumas<\/strong><\/h3>\n<p data-start=\"2063\" data-end=\"2202\">&#8222;Minna&#8221; striuk\u0119 galima rinktis <strong data-start=\"2097\" data-end=\"2112\">nuo XS iki 3XL<\/strong> dyd\u017eio, kad tikt\u0173 \u012fvairiems k\u016bno tipams.<\/p>\n<p data-start=\"2063\" data-end=\"2202\">\u017dr. dyd\u017ei\u0173 lentel\u0119, kad i\u0161sirinktum\u0117te jums tinkamiausi\u0105 dyd\u012f.<\/p>\n<p><strong>Dyd\u017eiai XS(34), S(36), M(38-40), L(42-44), XL(44-46), XXL(46-50), 3XL(50-..)<\/strong><\/p>\n<p><strong>Kr\u016btin\u0117s apimtis 96(XS), 102(S), 108(M), 114(L), 122(XL), 130(XXL), 138(3XL) cm<\/strong><\/p>\n<p>Pe\u010di\u0173 plotis 40, 41, 42, 42, 42, 44, 46, 47,5 cm<\/p>\n<p>93, 94,5, 96, 97, 99, 100, 102 cm ilgio striuk\u0117s<\/p>\n<p>Striuk\u0117s ilgis nugaroje 96, 97,5, 99, 100, 102, 103, 105 cm<\/p>\n<p>I\u0161orinis rankov\u0117s ilgis 63, 64, 65, 66, 67, 68, 68, 68 cm cm cm<\/p>\n<p><strong data-start=\"2294\" data-end=\"2377\">Dyd\u017eio keitimas visada NEMOKAMAS, jei naudojamas DPD keitimo kodas.<\/strong><\/p>\n<p>&nbsp;<\/p>\n<blockquote data-start=\"2204\" data-end=\"2334\">\n<p data-start=\"2206\" data-end=\"2334\"><strong data-start=\"2129\" data-end=\"2152\">Kod\u0117l verta u\u017esisakyti i\u0161 m\u016bs\u0173?<\/strong><\/p>\n<\/blockquote>\n<p data-start=\"2154\" data-end=\"2429\"> <strong data-start=\"2157\" data-end=\"2213\">Parka dabar yra sand\u0117lyje &#8211; pristatymas vos per kelias dienas.<\/strong><br data-start=\"2213\" data-end=\"2216\"> <strong data-start=\"2219\" data-end=\"2288\">U\u017esakymai, pateikti darbo dien\u0105 iki 17:00, bus i\u0161si\u0173sti t\u0105 pa\u010di\u0105 dien\u0105.<\/strong><br data-start=\"2288\" data-end=\"2291\"> <strong data-start=\"2294\" data-end=\"2377\">Netinkamas dydis arba spalva? Nesvarbu! Keitimas visada NEMOKAMAS su DPD keitimo kodu.  <\/strong><br data-start=\"2377\" data-end=\"2380\">&#8211; keisti dyd\u012f, spalv\u0105 ir model\u012f<\/p>\n<hr data-start=\"2586\" data-end=\"2589\">\n<h3 data-start=\"2591\" data-end=\"2643\"><strong data-start=\"2595\" data-end=\"2643\">Minna parka &#8211; daugiau ilgio, daugiau apsaugos<\/strong><\/h3>\n<p data-start=\"2645\" data-end=\"2936\">Tai <strong data-start=\"2652\" data-end=\"2693\">prakti\u0161ka, patvari ir patogi striuk\u0117<\/strong>, puikiai tinkanti kasdieniam d\u0117v\u0117jimui mieste arba lauko pramogoms gamtoje. D\u0117l ilgesnio kirpimo, \u0161ilt\u0173 detali\u0173 ir gerai apgalvoto dizaino ji yra idealus pasirinkimas tiems, kurie nenori daryti kompromis\u0173 d\u0117l stiliaus ar patogumo. <\/p>\n<h3 data-start=\"159\" data-end=\"240\"><strong data-start=\"163\" data-end=\"240\">Kod\u0117l verta rinktis &#8222;Huppa&#8221; moteri\u0161k\u0105 pavasario-rudens park\u0105 &#8222;Minna&#8221; su g\u0117li\u0173 ra\u0161tu?<\/strong><\/h3>\n<p data-start=\"242\" data-end=\"295\"><strong data-start=\"242\" data-end=\"295\">G\u0117l\u0117ta parka &#8211; gaivi ir moteri\u0161ka, traukianti ak\u012f.<\/strong><\/p>\n<p data-start=\"297\" data-end=\"537\">G\u0117li\u0173 ra\u0161tas \u012fne\u0161a pavasari\u0161kumo \u012f kiekvien\u0105 dien\u0105, net jei u\u017e lango lyja lietus ar pu\u010dia \u017evarbus rudens v\u0117jas. Tai puikus pasirinkimas tiems, kurie m\u0117gsta moteri\u0161k\u0105 stili\u0173, detali\u0173 dizain\u0105 ir nori savo aprangai suteikti asmeni\u0161kumo. <\/p>\n<p data-start=\"539\" data-end=\"783\">Violetinis ra\u0161tas simbolizuoja gyvyb\u0119, augim\u0105 ir gro\u017e\u012f &#8211; tai ne tik prakti\u0161ka, bet ir nuotaik\u0105 gerinanti striuk\u0117. J\u0105 puikiai tinka d\u0117v\u0117ti miesto gatv\u0117se ar savaitgalio pasivaik\u0161\u010diojimams gamtoje, nes kiekvien\u0105 akimirk\u0105 ji suteiks d\u017eiaugsmo ir spalv\u0173. <\/p>\n<p data-start=\"785\" data-end=\"1099\">&#8222;<strong data-start=\"785\" data-end=\"806\">Huppa Minna&#8221; striuk\u0117<\/strong> skirta \u0161iauriniam pavasariui ir rudeniui: <strong data-start=\"852\" data-end=\"867\">ilgesnis kirpimas<\/strong> apsaugo nuo v\u0117jo ir lietaus, <strong data-start=\"897\" data-end=\"934\">\u0161ilti briaunuoti rankovi\u0173 rankogaliai su<\/strong> laiko \u0161alt\u012f, o <strong data-start=\"960\" data-end=\"978\">ki\u0161en\u0117s su atvartu<\/strong> suteikia patogumo ir saugumo. \u0160i parka yra ir ak\u012f traukianti, ir funkcionali &#8211; puikus pasirinkimas bet kuriai dienai. <\/p>\n<p>&nbsp;<\/p>\n","protected":false},"excerpt":{"rendered":"<p>&#8222;Huppa&#8221; moteri\u0161ka pavasario-rudens striuk\u0117 &#8222;Minna&#8221; &#8211; patikima ir moteri\u0161ka apsauga nuo permaining\u0173 oro s\u0105lyg\u0173 Jei ie\u0161kote dar daugiau apr\u0117pties ir \u0161ilumos suteikian\u010dios, bet kartu prakti\u0161kos ir stilingos parka, &#8222;Huppa&#8221; moteri\u0161ka pavasario-rudens parka &#8222;Minna&#8221; yra puikus pasirinkimas. Ji sukurta patogum\u0105, funkcionalum\u0105 ir eleganti\u0161k\u0105 i\u0161vaizd\u0105 vertinan\u010diai moteriai &#8211; nesvarbu, ar tai b\u016bt\u0173 lietinga diena mieste, ar pasivaik\u0161\u010diojimas [&hellip;]<\/p>\n","protected":false},"featured_media":264319,"comment_status":"open","ping_status":"closed","template":"","meta":{"_acf_changed":false},"product_brand":[],"product_cat":[270],"product_tag":[],"class_list":{"0":"post-264318","1":"product","2":"type-product","3":"status-publish","4":"has-post-thumbnail","6":"product_cat-pavasario-ir-rudens-striukes-bei-svarkai","7":"product_shipping_class-tarneaeg-1-4-paeva","9":"first","10":"instock","11":"sale","12":"taxable","13":"shipping-taxable","14":"purchasable","15":"product-type-variable","16":"has-default-attributes","17":"add-to-wishlist-after_add_to_cart"},"acf":[],"_links":{"self":[{"href":"https:\/\/tellimused.stiilne.ee\/lt\/wp-json\/wp\/v2\/product\/264318","targetHints":{"allow":["GET"]}}],"collection":[{"href":"https:\/\/tellimused.stiilne.ee\/lt\/wp-json\/wp\/v2\/product"}],"about":[{"href":"https:\/\/tellimused.stiilne.ee\/lt\/wp-json\/wp\/v2\/types\/product"}],"replies":[{"embeddable":true,"href":"https:\/\/tellimused.stiilne.ee\/lt\/wp-json\/wp\/v2\/comments?post=264318"}],"wp:featuredmedia":[{"embeddable":true,"href":"https:\/\/tellimused.stiilne.ee\/lt\/wp-json\/wp\/v2\/media\/264319"}],"wp:attachment":[{"href":"https:\/\/tellimused.stiilne.ee\/lt\/wp-json\/wp\/v2\/media?parent=264318"}],"wp:term":[{"taxonomy":"product_brand","embeddable":true,"href":"https:\/\/tellimused.stiilne.ee\/lt\/wp-json\/wp\/v2\/product_brand?post=264318"},{"taxonomy":"product_cat","embeddable":true,"href":"https:\/\/tellimused.stiilne.ee\/lt\/wp-json\/wp\/v2\/product_cat?post=264318"},{"taxonomy":"product_tag","embeddable":true,"href":"https:\/\/tellimused.stiilne.ee\/lt\/wp-json\/wp\/v2\/product_tag?post=264318"}],"curies":[{"name":"wp","href":"https:\/\/api.w.org\/{rel}","templated":true}]}}