{"id":264374,"date":"2026-03-12T15:33:33","date_gmt":"2026-03-12T13:33:33","guid":{"rendered":"https:\/\/tellimused.stiilne.ee\/toode\/efektne-varvikas-naiste-sall-kohe-laos\/"},"modified":"2026-04-07T11:08:07","modified_gmt":"2026-04-07T08:08:07","slug":"efektyvus-spalvingas-moteriskas-salikas-dabar-naudojamas","status":"publish","type":"product","link":"https:\/\/tellimused.stiilne.ee\/lt\/produktas\/efektyvus-spalvingas-moteriskas-salikas-dabar-naudojamas\/","title":{"rendered":"Efektyvus spalvingas moteri\u0161kas \u0161alikas &#8211; DABAR NAUDOJAMAS"},"content":{"rendered":"<p>&nbsp;<\/p>\n<p>Gra\u017eus, didelis ir spalvingas \u0161alikas, kad rudens-\u017eiemos sezonu \u0161ildyt\u0173 kakl\u0105<\/p>\n<p>Gra\u017ei dovana seseriai, dukrai, mamai ar draugei.<\/p>\n<p>\u0160alikas yra sand\u0117lyje &#8211; pristatymo laikas kelios dienos &#8211; u\u017esakymai, pateikti darbo dien\u0105 prie\u0161 termin\u0105, bus i\u0161si\u0173sti t\u0105 pa\u010di\u0105 dien\u0105.<\/p>\n","protected":false},"excerpt":{"rendered":"<p>&nbsp; Gra\u017eus, didelis ir spalvingas \u0161alikas, kad rudens-\u017eiemos sezonu \u0161ildyt\u0173 kakl\u0105 Gra\u017ei dovana seseriai, dukrai, mamai ar draugei. \u0160alikas yra sand\u0117lyje &#8211; pristatymo laikas kelios dienos &#8211; u\u017esakymai, pateikti darbo dien\u0105 prie\u0161 termin\u0105, bus i\u0161si\u0173sti t\u0105 pa\u010di\u0105 dien\u0105.<\/p>\n","protected":false},"featured_media":264375,"comment_status":"open","ping_status":"closed","template":"","meta":{"_acf_changed":false},"product_brand":[],"product_cat":[364,319,264],"product_tag":[],"class_list":{"0":"post-264374","1":"product","2":"type-product","3":"status-publish","4":"has-post-thumbnail","6":"product_cat-dovanos","7":"product_cat-dovanos-moterims","8":"product_cat-kepures-pirstines-salikai","9":"product_shipping_class-tarneaeg-1-4-paeva","11":"first","12":"instock","13":"taxable","14":"shipping-taxable","15":"purchasable","16":"product-type-variable","17":"has-default-attributes","18":"add-to-wishlist-after_add_to_cart"},"acf":[],"_links":{"self":[{"href":"https:\/\/tellimused.stiilne.ee\/lt\/wp-json\/wp\/v2\/product\/264374","targetHints":{"allow":["GET"]}}],"collection":[{"href":"https:\/\/tellimused.stiilne.ee\/lt\/wp-json\/wp\/v2\/product"}],"about":[{"href":"https:\/\/tellimused.stiilne.ee\/lt\/wp-json\/wp\/v2\/types\/product"}],"replies":[{"embeddable":true,"href":"https:\/\/tellimused.stiilne.ee\/lt\/wp-json\/wp\/v2\/comments?post=264374"}],"wp:featuredmedia":[{"embeddable":true,"href":"https:\/\/tellimused.stiilne.ee\/lt\/wp-json\/wp\/v2\/media\/264375"}],"wp:attachment":[{"href":"https:\/\/tellimused.stiilne.ee\/lt\/wp-json\/wp\/v2\/media?parent=264374"}],"wp:term":[{"taxonomy":"product_brand","embeddable":true,"href":"https:\/\/tellimused.stiilne.ee\/lt\/wp-json\/wp\/v2\/product_brand?post=264374"},{"taxonomy":"product_cat","embeddable":true,"href":"https:\/\/tellimused.stiilne.ee\/lt\/wp-json\/wp\/v2\/product_cat?post=264374"},{"taxonomy":"product_tag","embeddable":true,"href":"https:\/\/tellimused.stiilne.ee\/lt\/wp-json\/wp\/v2\/product_tag?post=264374"}],"curies":[{"name":"wp","href":"https:\/\/api.w.org\/{rel}","templated":true}]}}