{"id":264383,"date":"2026-03-12T15:33:11","date_gmt":"2026-03-12T13:33:11","guid":{"rendered":"https:\/\/tellimused.stiilne.ee\/toode\/soe-pastelsetes-toonidesroosa-hall-sugis-talvine-sall-kohe-laos\/"},"modified":"2026-04-07T11:08:08","modified_gmt":"2026-04-07T08:08:08","slug":"siltas-pasteliniu-atspalviu-rozines-pilkos-spalvos-rudens-ziemos-salikas-naudojamas-dabar","status":"publish","type":"product","link":"https:\/\/tellimused.stiilne.ee\/lt\/produktas\/siltas-pasteliniu-atspalviu-rozines-pilkos-spalvos-rudens-ziemos-salikas-naudojamas-dabar\/","title":{"rendered":"\u0160iltas pastelini\u0173 atspalvi\u0173 (ro\u017ein\u0117s, pilkos spalvos) rudens-\u017eiemos \u0161alikas &#8211; NAUDOJAMAS dabar!"},"content":{"rendered":"<p>&nbsp;<\/p>\n<p>Gra\u017eus didelis ir \u0161iltas pastelini\u0173 spalv\u0173 \u0161alikas su\u0161ildys kakl\u0105 rudens-\u017eiemos sezonu<\/p>\n<p>Gra\u017ei dovana sesei, dukrai, mamai ar draugei Kal\u0117d\u0173 proga<\/p>\n<p>\u0160alikas pagamintas i\u0161 70 % viskoz\u0117s ir 30 % vilnos<\/p>\n<p>\u0160alikas yra sand\u0117lyje &#8211; pristatymo laikas kelios dienos &#8211; u\u017esakymai, pateikti darbo dien\u0105 prie\u0161 termin\u0105, bus i\u0161si\u0173sti t\u0105 pa\u010di\u0105 dien\u0105.<\/p>\n","protected":false},"excerpt":{"rendered":"<p>&nbsp; Gra\u017eus didelis ir \u0161iltas pastelini\u0173 spalv\u0173 \u0161alikas su\u0161ildys kakl\u0105 rudens-\u017eiemos sezonu Gra\u017ei dovana sesei, dukrai, mamai ar draugei Kal\u0117d\u0173 proga \u0160alikas pagamintas i\u0161 70 % viskoz\u0117s ir 30 % vilnos \u0160alikas yra sand\u0117lyje &#8211; pristatymo laikas kelios dienos &#8211; u\u017esakymai, pateikti darbo dien\u0105 prie\u0161 termin\u0105, bus i\u0161si\u0173sti t\u0105 pa\u010di\u0105 dien\u0105.<\/p>\n","protected":false},"featured_media":264384,"comment_status":"open","ping_status":"closed","template":"","meta":{"_acf_changed":false},"product_brand":[],"product_cat":[364,264],"product_tag":[],"class_list":{"0":"post-264383","1":"product","2":"type-product","3":"status-publish","4":"has-post-thumbnail","6":"product_cat-dovanos","7":"product_cat-kepures-pirstines-salikai","8":"product_shipping_class-tarneaeg-1-4-paeva","10":"first","11":"instock","12":"taxable","13":"shipping-taxable","14":"purchasable","15":"product-type-variable","16":"has-default-attributes","17":"add-to-wishlist-after_add_to_cart"},"acf":[],"_links":{"self":[{"href":"https:\/\/tellimused.stiilne.ee\/lt\/wp-json\/wp\/v2\/product\/264383","targetHints":{"allow":["GET"]}}],"collection":[{"href":"https:\/\/tellimused.stiilne.ee\/lt\/wp-json\/wp\/v2\/product"}],"about":[{"href":"https:\/\/tellimused.stiilne.ee\/lt\/wp-json\/wp\/v2\/types\/product"}],"replies":[{"embeddable":true,"href":"https:\/\/tellimused.stiilne.ee\/lt\/wp-json\/wp\/v2\/comments?post=264383"}],"wp:featuredmedia":[{"embeddable":true,"href":"https:\/\/tellimused.stiilne.ee\/lt\/wp-json\/wp\/v2\/media\/264384"}],"wp:attachment":[{"href":"https:\/\/tellimused.stiilne.ee\/lt\/wp-json\/wp\/v2\/media?parent=264383"}],"wp:term":[{"taxonomy":"product_brand","embeddable":true,"href":"https:\/\/tellimused.stiilne.ee\/lt\/wp-json\/wp\/v2\/product_brand?post=264383"},{"taxonomy":"product_cat","embeddable":true,"href":"https:\/\/tellimused.stiilne.ee\/lt\/wp-json\/wp\/v2\/product_cat?post=264383"},{"taxonomy":"product_tag","embeddable":true,"href":"https:\/\/tellimused.stiilne.ee\/lt\/wp-json\/wp\/v2\/product_tag?post=264383"}],"curies":[{"name":"wp","href":"https:\/\/api.w.org\/{rel}","templated":true}]}}