{"id":264406,"date":"2026-03-12T15:32:50","date_gmt":"2026-03-12T13:32:50","guid":{"rendered":"https:\/\/tellimused.stiilne.ee\/toode\/vero-moda-tullseelik-naja-must-uudis-kohe-laos\/"},"modified":"2026-04-07T11:08:07","modified_gmt":"2026-04-07T08:08:07","slug":"vero-moda-tiulio-sijonas-naja-juodas-udis-book-pasiulymas","status":"publish","type":"product","link":"https:\/\/tellimused.stiilne.ee\/lt\/produktas\/vero-moda-tiulio-sijonas-naja-juodas-udis-book-pasiulymas\/","title":{"rendered":"VERO MODA tiulio sijonas Naja juodas-NAUJIENOS-BOOK PASI\u016aLYMAS"},"content":{"rendered":"<p>&nbsp;<\/p>\n<p>Geras ilgesnio ilgio juodas tiulio sijonas tinka tiek kasdieniam d\u0117v\u0117jimui, tiek \u0161venti\u0161kesniam renginiui &#8211; gimtadienio vakar\u0117liui, teatrui, koncertui ar kal\u0117diniam vakar\u0117liui.Tiesiog prid\u0117kite m\u0117gstam\u0105 palaidin\u0119, mar\u0161kin\u0117lius ar megztin\u012f ir b\u016bsite pasiruo\u0161usi.<\/p>\n<p>Vir\u0161utin\u0117 sijono dalis pagaminta i\u0161 tamprios gumin\u0117s med\u017eiagos, tod\u0117l j\u012f lengva u\u017esid\u0117ti ir jis i\u0161sitempia pagal d\u0117vint\u012fj\u012f.<\/p>\n<p>Sijono med\u017eiaga &#8211; 100 % poliesteris<\/p>\n<p>Sijonas dabar yra sand\u0117lyje &#8211; pristatymas per kelias dienas.<\/p>\n<p>U\u017esakymai, pateikti darbo dien\u0105 prie\u0161 termin\u0105, bus i\u0161si\u0173sti t\u0105 pa\u010di\u0105 dien\u0105.<\/p>\n","protected":false},"excerpt":{"rendered":"<p>&nbsp; Geras ilgesnio ilgio juodas tiulio sijonas tinka tiek kasdieniam d\u0117v\u0117jimui, tiek \u0161venti\u0161kesniam renginiui &#8211; gimtadienio vakar\u0117liui, teatrui, koncertui ar kal\u0117diniam vakar\u0117liui.Tiesiog prid\u0117kite m\u0117gstam\u0105 palaidin\u0119, mar\u0161kin\u0117lius ar megztin\u012f ir b\u016bsite pasiruo\u0161usi. Vir\u0161utin\u0117 sijono dalis pagaminta i\u0161 tamprios gumin\u0117s med\u017eiagos, tod\u0117l j\u012f lengva u\u017esid\u0117ti ir jis i\u0161sitempia pagal d\u0117vint\u012fj\u012f. Sijono med\u017eiaga &#8211; 100 % poliesteris Sijonas [&hellip;]<\/p>\n","protected":false},"featured_media":264407,"comment_status":"open","ping_status":"closed","template":"","meta":{"_acf_changed":false},"product_brand":[],"product_cat":[364,295],"product_tag":[],"class_list":{"0":"post-264406","1":"product","2":"type-product","3":"status-publish","4":"has-post-thumbnail","6":"product_cat-dovanos","7":"product_cat-moteriski-megztiniai-marskineliai","8":"product_shipping_class-tarneaeg-1-4-paeva","10":"first","11":"instock","12":"sale","13":"taxable","14":"shipping-taxable","15":"purchasable","16":"product-type-variable","17":"has-default-attributes","18":"add-to-wishlist-after_add_to_cart"},"acf":[],"_links":{"self":[{"href":"https:\/\/tellimused.stiilne.ee\/lt\/wp-json\/wp\/v2\/product\/264406","targetHints":{"allow":["GET"]}}],"collection":[{"href":"https:\/\/tellimused.stiilne.ee\/lt\/wp-json\/wp\/v2\/product"}],"about":[{"href":"https:\/\/tellimused.stiilne.ee\/lt\/wp-json\/wp\/v2\/types\/product"}],"replies":[{"embeddable":true,"href":"https:\/\/tellimused.stiilne.ee\/lt\/wp-json\/wp\/v2\/comments?post=264406"}],"wp:featuredmedia":[{"embeddable":true,"href":"https:\/\/tellimused.stiilne.ee\/lt\/wp-json\/wp\/v2\/media\/264407"}],"wp:attachment":[{"href":"https:\/\/tellimused.stiilne.ee\/lt\/wp-json\/wp\/v2\/media?parent=264406"}],"wp:term":[{"taxonomy":"product_brand","embeddable":true,"href":"https:\/\/tellimused.stiilne.ee\/lt\/wp-json\/wp\/v2\/product_brand?post=264406"},{"taxonomy":"product_cat","embeddable":true,"href":"https:\/\/tellimused.stiilne.ee\/lt\/wp-json\/wp\/v2\/product_cat?post=264406"},{"taxonomy":"product_tag","embeddable":true,"href":"https:\/\/tellimused.stiilne.ee\/lt\/wp-json\/wp\/v2\/product_tag?post=264406"}],"curies":[{"name":"wp","href":"https:\/\/api.w.org\/{rel}","templated":true}]}}