{"id":264427,"date":"2026-03-12T15:31:33","date_gmt":"2026-03-12T13:31:33","guid":{"rendered":"https:\/\/tellimused.stiilne.ee\/toode\/huppa-pikem-meeste-talveparka-dawson-tumesinine-200-grammi-soojustusega-vihma-ja-tuulekindel-l-kohe-laos-teised-suurused-tarneaeg-kuni-5-paeva\/"},"modified":"2026-04-07T11:08:06","modified_gmt":"2026-04-07T08:08:06","slug":"huppa-ilgesne-vyriska-ziemine-striuke-dawson-navy-blue-200-gramu-izoliacija-atspari-lietui-ir-vejui-l-dabar-sandelyje-kai-kurie-dydziai-pristatymo-laikas-iki-5-dienu","status":"publish","type":"product","link":"https:\/\/tellimused.stiilne.ee\/lt\/produktas\/huppa-ilgesne-vyriska-ziemine-striuke-dawson-navy-blue-200-gramu-izoliacija-atspari-lietui-ir-vejui-l-dabar-sandelyje-kai-kurie-dydziai-pristatymo-laikas-iki-5-dienu\/","title":{"rendered":"HUPPA Ilgesn\u0117 vyri\u0161ka \u017eiemin\u0117 striuk\u0117 Dawson Navy Blue 200 gram\u0173 izoliacija &#8211; atspari lietui ir v\u0117jui L &#8211; dabar sand\u0117lyje &#8211; kai kurie dyd\u017eiai Pristatymo laikas iki 5 dien\u0173"},"content":{"rendered":"<p>&nbsp;<\/p>\n<p>&#8222;Huppa&#8221; vyri\u0161kos \u017eiemin\u0117s striuk\u0117s modelis &#8222;Dawson&#8221; yra populiarus ir \u0161iltas vyri\u0161kos \u017eiemin\u0117s striuk\u0117s modelis.Stilingo kirpimo ir 200 g ap\u0161iltinimo vyri\u0161ka \u017eiemin\u0117 striuk\u0117 idealiai tinka kasdieniam d\u0117v\u0117jimui tiek darbe, tiek laisvalaikiu. I\u0161orinis audinys yra atsparus v\u0117jui ir vandeniui, o u\u017eklijuotos si\u016bl\u0117s u\u017etikrina \u0161ilum\u0105 ir sausum\u0105 net aktyviai sportuojant. Priekyje yra 2 kr\u016btin\u0117s ki\u0161en\u0117s, o didel\u0117s priekin\u0117s ki\u0161en\u0117s turi patog\u0173 magnetin\u012f u\u017esegim\u0105. Kapi\u0161onas turi patog\u0173 nuimam\u0105 dirbtinio kailio apdar\u0105 su u\u017etrauktuku. Kad b\u016bt\u0173 matomas tamsoje, priekyje, nugaroje ir ant rankovi\u0173 yra \u0161vies\u0105 atspindin\u010di\u0173 detali\u0173.    <\/p>\n<p>Huppa vyri\u0161ka \u017eiemin\u0117 striuk\u0117 Davwson Visos g\u0117ryb\u0117s \u010dia<\/p>\n<ul>\n<li>Atsparus v\u0117jui ir lietui<\/li>\n<li>Atspindin\u010dios detal\u0117s trijose skirtingose vietose &#8211; priekyje, nugaroje ir rankov\u0117je<\/li>\n<li>U\u017eklijuotos si\u016bl\u0117s &#8211; per si\u016bles neprasiskverbia sniegas ir lietus<\/li>\n<li>U\u017erakinama didel\u0117 priekin\u0117 ki\u0161en\u0117 &#8211; patogi raktams ir mobiliajam telefonui laikyti<\/li>\n<li>Ki\u0161en\u0117s ant kr\u016btin\u0117s<\/li>\n<li>Dvipusis u\u017eraktas &#8211; kad b\u016bt\u0173 patogiau s\u0117d\u0117ti ir vairuoti, nes u\u017erakt\u0105 galima atidaryti ir i\u0161 apa\u010dios.<\/li>\n<li>Gumin\u0117 virvel\u0117, esanti striuk\u0117s viduje, skirta centrinei pad\u0117\u010diai reguliuoti<\/li>\n<li>Reguliuojama \u012fvor\u0117 su \u0161akute<\/li>\n<li>&#8222;Sonic&#8221; rankov\u0117s rankogalis &#8211; neleid\u017eia \u0161altam orui patekti \u012f rankov\u0119<\/li>\n<li>Atsparumas vandeniui 10 000<\/li>\n<li>Nepasitenkinimas 10 000<\/li>\n<li>Audinys 100 % poliesteris &#8211; labiausiai paplitusi med\u017eiaga \u017eiemos parkams<\/li>\n<li>Plaukuotas gobtuvo kra\u0161tas, lengvai nuimamas u\u017etrauktuku<\/li>\n<li>Parka ap\u0161iltinta 200 g medvilnin\u0117s vatos ant nugaros ir gobtuvo viduje su avies vilnos izoliacija<\/li>\n<\/ul>\n<p>&#8222;Huppa&#8221; vyri\u0161ka ir berniuk\u0173 \u017eiemin\u0117 striuk\u0117 Dawson Gamintojo matmen\u0173 lentel\u0117<\/p>\n<table style=\"height: 222px;\" border=\"0\" width=\"637\" cellspacing=\"0\">\n<colgroup width=\"102\"><\/colgroup>\n<colgroup width=\"307\"><\/colgroup>\n<colgroup span=\"6\" width=\"68\"><\/colgroup>\n<colgroup width=\"64\"><\/colgroup>\n<tbody>\n<tr>\n<td align=\"left\" valign=\"bottom\" bgcolor=\"#C5E0B4\" height=\"22\"><span style=\"color: #000000; font-family: Comic Sans MS;\">DAWSON  <\/span><\/td>\n<td align=\"left\" valign=\"bottom\" bgcolor=\"#C5E0B4\"><span style=\"color: #000000; font-family: Comic Sans MS;\"> <\/span><\/td>\n<td align=\"center\" valign=\"bottom\" bgcolor=\"#C5E0B4\"><b><span style=\"color: #000000; font-family: Comic Sans MS;\">XS<\/span><\/b><\/td>\n<td align=\"center\" valign=\"bottom\" bgcolor=\"#C5E0B4\"><b><span style=\"color: #000000; font-family: Comic Sans MS;\">S<\/span><\/b><\/td>\n<td align=\"center\" valign=\"bottom\" bgcolor=\"#C5E0B4\"><b><span style=\"color: #000000; font-family: Comic Sans MS;\">M<\/span><\/b><\/td>\n<td align=\"center\" valign=\"bottom\" bgcolor=\"#C5E0B4\"><b><span style=\"color: #000000; font-family: Comic Sans MS;\">L<\/span><\/b><\/td>\n<td align=\"center\" valign=\"bottom\" bgcolor=\"#C5E0B4\"><b><span style=\"color: #000000; font-family: Comic Sans MS;\">XL<\/span><\/b><\/td>\n<td align=\"center\" valign=\"bottom\" bgcolor=\"#C5E0B4\"><b><span style=\"color: #000000; font-family: Comic Sans MS;\">XXL<\/span><\/b><\/td>\n<td align=\"center\" valign=\"bottom\" bgcolor=\"#C5E0B4\"><b><span style=\"color: #000000; font-family: Comic Sans MS;\">3XL<\/span><\/b><\/td>\n<\/tr>\n<tr>\n<td align=\"left\" valign=\"bottom\" height=\"21\"><\/td>\n<td align=\"left\" valign=\"bottom\"><span style=\"color: #000000; font-family: Comic Sans MS;\">\u00bd jautienos<\/span><\/td>\n<td align=\"center\" valign=\"bottom\"><span style=\"color: #000000; font-family: Comic Sans MS;\">53.5<\/span><\/td>\n<td align=\"center\" valign=\"bottom\"><span style=\"color: #000000; font-family: Comic Sans MS;\">56.5<\/span><\/td>\n<td align=\"center\" valign=\"bottom\"><span style=\"color: #000000; font-family: Comic Sans MS;\">59.5<\/span><\/td>\n<td align=\"center\" valign=\"bottom\"><span style=\"color: #000000; font-family: Comic Sans MS;\">62.5<\/span><\/td>\n<td align=\"center\" valign=\"bottom\"><span style=\"color: #000000; font-family: Comic Sans MS;\">66.5<\/span><\/td>\n<td align=\"center\" valign=\"bottom\"><span style=\"color: #000000; font-family: Comic Sans MS;\">70.5<\/span><\/td>\n<td align=\"center\" valign=\"bottom\"><span style=\"color: #000000; font-family: Comic Sans MS;\">75.5<\/span><\/td>\n<\/tr>\n<tr>\n<td align=\"left\" valign=\"bottom\" height=\"21\"><\/td>\n<td align=\"left\" valign=\"bottom\"><span style=\"color: #000000; font-family: Comic Sans MS;\">Pe\u010di\u0173 plotis<\/span><\/td>\n<td align=\"center\" valign=\"bottom\"><span style=\"color: #000000; font-family: Comic Sans MS;\">45.0<\/span><\/td>\n<td align=\"center\" valign=\"bottom\"><span style=\"color: #000000; font-family: Comic Sans MS;\">46.0<\/span><\/td>\n<td align=\"center\" valign=\"bottom\"><span style=\"color: #000000; font-family: Comic Sans MS;\">48.0<\/span><\/td>\n<td align=\"center\" valign=\"bottom\"><span style=\"color: #000000; font-family: Comic Sans MS;\">50.0<\/span><\/td>\n<td align=\"center\" valign=\"bottom\"><span style=\"color: #000000; font-family: Comic Sans MS;\">52.5<\/span><\/td>\n<td align=\"center\" valign=\"bottom\"><span style=\"color: #000000; font-family: Comic Sans MS;\">55.0<\/span><\/td>\n<td align=\"center\" valign=\"bottom\"><span style=\"color: #000000; font-family: Comic Sans MS;\">57.5<\/span><\/td>\n<\/tr>\n<tr>\n<td align=\"left\" valign=\"bottom\" height=\"21\"><\/td>\n<td align=\"left\" valign=\"bottom\"><span style=\"color: #000000; font-family: Comic Sans MS;\">Rankovi\u0173 ilgis<\/span><\/td>\n<td align=\"center\" valign=\"bottom\"><span style=\"color: #000000; font-family: Comic Sans MS;\">65.0<\/span><\/td>\n<td align=\"center\" valign=\"bottom\"><span style=\"color: #000000; font-family: Comic Sans MS;\">66.0<\/span><\/td>\n<td align=\"center\" valign=\"bottom\"><span style=\"color: #000000; font-family: Comic Sans MS;\">67.0<\/span><\/td>\n<td align=\"center\" valign=\"bottom\"><span style=\"color: #000000; font-family: Comic Sans MS;\">68.0<\/span><\/td>\n<td align=\"center\" valign=\"bottom\"><span style=\"color: #000000; font-family: Comic Sans MS;\">69.0<\/span><\/td>\n<td align=\"center\" valign=\"bottom\"><span style=\"color: #000000; font-family: Comic Sans MS;\">70.0<\/span><\/td>\n<td align=\"center\" valign=\"bottom\"><span style=\"color: #000000; font-family: Comic Sans MS;\">71.0<\/span><\/td>\n<\/tr>\n<tr>\n<td align=\"left\" valign=\"bottom\" height=\"21\"><\/td>\n<td align=\"left\" valign=\"middle\"><span style=\"color: #000000; font-family: Comic Sans MS;\">Parka ilgis<\/span><\/td>\n<td align=\"center\" valign=\"bottom\"><\/td>\n<td align=\"center\" valign=\"bottom\"><\/td>\n<td align=\"center\" valign=\"bottom\"><\/td>\n<td align=\"center\" valign=\"bottom\"><\/td>\n<td align=\"center\" valign=\"bottom\"><\/td>\n<td align=\"center\" valign=\"bottom\"><\/td>\n<td align=\"center\" valign=\"bottom\"><\/td>\n<\/tr>\n<tr>\n<td align=\"left\" valign=\"bottom\" height=\"21\"><\/td>\n<td align=\"left\" valign=\"middle\"><span style=\"color: #000000; font-family: Comic Sans MS;\">Parka ilgis nugaroje<\/span><\/td>\n<td align=\"center\" valign=\"bottom\"><\/td>\n<td align=\"center\" valign=\"bottom\"><\/td>\n<td align=\"center\" valign=\"bottom\"><\/td>\n<td align=\"center\" valign=\"bottom\"><\/td>\n<td align=\"center\" valign=\"bottom\"><\/td>\n<td align=\"center\" valign=\"bottom\"><\/td>\n<td align=\"center\" valign=\"bottom\"><\/td>\n<\/tr>\n<tr>\n<td align=\"left\" valign=\"bottom\" height=\"21\"><\/td>\n<td align=\"left\" valign=\"bottom\"><\/td>\n<td align=\"center\" valign=\"bottom\"><\/td>\n<td align=\"center\" valign=\"bottom\"><\/td>\n<td align=\"center\" valign=\"bottom\"><\/td>\n<td align=\"center\" valign=\"bottom\"><\/td>\n<td align=\"center\" valign=\"bottom\"><\/td>\n<td align=\"center\" valign=\"bottom\"><\/td>\n<td align=\"center\" valign=\"bottom\"><\/td>\n<\/tr>\n<tr>\n<td align=\"left\" valign=\"bottom\" height=\"21\"><\/td>\n<td align=\"left\" valign=\"bottom\"><\/td>\n<td align=\"center\" valign=\"bottom\"><\/td>\n<td align=\"center\" valign=\"bottom\"><\/td>\n<td align=\"center\" valign=\"bottom\"><\/td>\n<td align=\"center\" valign=\"bottom\"><\/td>\n<td align=\"center\" valign=\"bottom\"><\/td>\n<td align=\"center\" valign=\"bottom\"><\/td>\n<td align=\"center\" valign=\"bottom\"><\/td>\n<\/tr>\n<\/tbody>\n<\/table>\n<p>Stilinga ir \u0161ilta rudens-\u017eiemos sezonui skirta vyri\u0161ka \u017eiemin\u0117 striuk\u0117, gero ilgio ir tvirto kirpimo.<\/p>\n<p><strong>NB!Jei u\u017esakytos striuk\u0117s dydis ar spalva jums netinka, kai j\u0105 gaunate, keitimas \u012f kit\u0105 dyd\u012f, spalv\u0105 ar striuk\u0117s model\u012f visada nemokamas, jei naudojat\u0117s DPD keitimo kodu.<\/strong><\/p>\n<p>Parka yra sand\u0117lyje &#8211; pristatymo laikas 1-4 dienos.<\/p>\n<p>&nbsp;<\/p>\n","protected":false},"excerpt":{"rendered":"<p>&nbsp; &#8222;Huppa&#8221; vyri\u0161kos \u017eiemin\u0117s striuk\u0117s modelis &#8222;Dawson&#8221; yra populiarus ir \u0161iltas vyri\u0161kos \u017eiemin\u0117s striuk\u0117s modelis.Stilingo kirpimo ir 200 g ap\u0161iltinimo vyri\u0161ka \u017eiemin\u0117 striuk\u0117 idealiai tinka kasdieniam d\u0117v\u0117jimui tiek darbe, tiek laisvalaikiu. I\u0161orinis audinys yra atsparus v\u0117jui ir vandeniui, o u\u017eklijuotos si\u016bl\u0117s u\u017etikrina \u0161ilum\u0105 ir sausum\u0105 net aktyviai sportuojant. Priekyje yra 2 kr\u016btin\u0117s ki\u0161en\u0117s, o didel\u0117s [&hellip;]<\/p>\n","protected":false},"featured_media":264428,"comment_status":"open","ping_status":"closed","template":"","meta":{"_acf_changed":false},"product_brand":[],"product_cat":[304],"product_tag":[],"class_list":{"0":"post-264427","1":"product","2":"type-product","3":"status-publish","4":"has-post-thumbnail","6":"product_cat-huppa-vyriski-ir-berniuku-ziemos-striukes","7":"product_shipping_class-tarneaeg-1-4-paeva","9":"first","10":"instock","11":"sale","12":"taxable","13":"shipping-taxable","14":"purchasable","15":"product-type-variable","16":"has-default-attributes","17":"add-to-wishlist-after_add_to_cart"},"acf":[],"_links":{"self":[{"href":"https:\/\/tellimused.stiilne.ee\/lt\/wp-json\/wp\/v2\/product\/264427","targetHints":{"allow":["GET"]}}],"collection":[{"href":"https:\/\/tellimused.stiilne.ee\/lt\/wp-json\/wp\/v2\/product"}],"about":[{"href":"https:\/\/tellimused.stiilne.ee\/lt\/wp-json\/wp\/v2\/types\/product"}],"replies":[{"embeddable":true,"href":"https:\/\/tellimused.stiilne.ee\/lt\/wp-json\/wp\/v2\/comments?post=264427"}],"wp:featuredmedia":[{"embeddable":true,"href":"https:\/\/tellimused.stiilne.ee\/lt\/wp-json\/wp\/v2\/media\/264428"}],"wp:attachment":[{"href":"https:\/\/tellimused.stiilne.ee\/lt\/wp-json\/wp\/v2\/media?parent=264427"}],"wp:term":[{"taxonomy":"product_brand","embeddable":true,"href":"https:\/\/tellimused.stiilne.ee\/lt\/wp-json\/wp\/v2\/product_brand?post=264427"},{"taxonomy":"product_cat","embeddable":true,"href":"https:\/\/tellimused.stiilne.ee\/lt\/wp-json\/wp\/v2\/product_cat?post=264427"},{"taxonomy":"product_tag","embeddable":true,"href":"https:\/\/tellimused.stiilne.ee\/lt\/wp-json\/wp\/v2\/product_tag?post=264427"}],"curies":[{"name":"wp","href":"https:\/\/api.w.org\/{rel}","templated":true}]}}