{"id":264467,"date":"2026-03-12T15:29:33","date_gmt":"2026-03-12T13:29:33","guid":{"rendered":"https:\/\/tellimused.stiilne.ee\/toode\/huppa-pikem-naiste-talveparka-vienna-tumeroheline-naturaalkarvaga-kohe-laos-viimane-m38-40\/"},"modified":"2026-04-07T11:08:04","modified_gmt":"2026-04-07T08:08:04","slug":"huppa-ilga-moteriska-ziemine-striuke-vienna-tamsiai-zalia-natural-carpet-white-skaidyje-seven-m38-40","status":"publish","type":"product","link":"https:\/\/tellimused.stiilne.ee\/lt\/produktas\/huppa-ilga-moteriska-ziemine-striuke-vienna-tamsiai-zalia-natural-carpet-white-skaidyje-seven-m38-40\/","title":{"rendered":"HUPPA ilga moteri\u0161ka \u017eiemin\u0117 striuk\u0117 Vienna tamsiai \u017ealia NATURAL CARPET-WHITE SKAIDYJE SEVEN M(38-40)"},"content":{"rendered":"<h3 data-start=\"247\" data-end=\"283\">&#8222;Huppa&#8221; moteri\u0161ka \u017eiemin\u0117 striuk\u0117 Vienna<\/h3>\n<p data-start=\"285\" data-end=\"627\">&#8222;Huppa <strong data-start=\"291\" data-end=\"319\">Vienna&#8221; moteri\u0161ka \u017eiemin\u0117 striuk\u0117<\/strong> yra stilingas, prakti\u0161kas ir \u0161iltas pasirinkimas rudens-\u017eiemos sezonui. Ji sukurta moterims, vertinan\u010dioms patogum\u0105, \u0161ilum\u0105 ir nesenstan\u010di\u0105 i\u0161vaizd\u0105. Parka tinka darbui, mokyklai ar laisvalaikiui, kad visada b\u016bt\u0173 \u0161ilta ir apsaugota nuo \u0161al\u010dio.  <\/p>\n<p data-start=\"629\" data-end=\"928\">\u0160i striuk\u0117 pagaminta i\u0161 <strong data-start=\"650\" data-end=\"693\">v\u0117jo ir vandens nepraleid\u017eian\u010dio kv\u0117puojan\u010dio audinio<\/strong> (su u\u017eklijuotomis si\u016bl\u0117mis), kuris neleis i\u0161d\u017ei\u016bti lyjant lietui, sningant ir sningant. Mink\u0161tas <strong data-start=\"830\" data-end=\"865\">avies odos imitacijos pamu\u0161alas<\/strong> nugaros vir\u0161uje ir vidin\u0117je gobtuvo pus\u0117je suteikia papildomos \u0161ilumos ir komforto net \u0161al\u010diausiomis \u017eiemos dienomis. <\/p>\n<h1 data-start=\"930\" data-end=\"950\"><b>Kod\u0117l verta rinktis &#8222;Huppa Vienna&#8221; moteri\u0161k\u0105 \u017eiemin\u0119 striuk\u0119?<\/b><\/h1>\n<ul>\n<li data-start=\"1492\" data-end=\"1521\">Atsparus v\u0117jui ir vandeniui &#8211; atsparus vandeniui iki 10 000 mm<\/li>\n<\/ul>\n<ul data-start=\"951\" data-end=\"1383\">\n<li data-start=\"951\" data-end=\"995\">\n<p data-start=\"953\" data-end=\"995\">Kv\u0117puojantis i\u0161orinis audinys &#8211; kv\u0117pavimas 10 000 g\/m\u00b2\/24h<\/p>\n<\/li>\n<li data-start=\"996\" data-end=\"1029\">\n<p data-start=\"998\" data-end=\"1029\">Vandeniui nelaid\u017eios u\u017eklijuotos si\u016bl\u0117s<\/p>\n<\/li>\n<li data-start=\"1030\" data-end=\"1082\">\n<p data-start=\"1032\" data-end=\"1082\">Dviej\u0173 kryp\u010di\u0173 u\u017eraktas priekyje, u\u017edengtas krautuvo dir\u017eeliu &#8211; papildomas patogumas s\u0117dint<\/p>\n<\/li>\n<li data-start=\"1083\" data-end=\"1143\">\n<p data-start=\"1085\" data-end=\"1143\">Reguliuojamas gobtuvas ir nuimamas <strong>NAT\u016aRALIOS \u017dALIOS spalvos<\/strong> gobtuvas su u\u017etrauktuku<\/p>\n<\/li>\n<li data-start=\"1144\" data-end=\"1218\">\n<p data-start=\"1146\" data-end=\"1218\">I\u0161 vidin\u0117s nugaros pus\u0117s elastiniu rai\u0161teliu reguliuojama juosmens linija &#8211; galite patogiai prisitaikyti striuk\u0119 prie savo fig\u016bros.<\/p>\n<\/li>\n<li data-start=\"1219\" data-end=\"1274\">\n<p data-start=\"1221\" data-end=\"1274\">Rankovi\u0173 rankogaliai su briaunomis, kad \u0161altas oras nepatekt\u0173 \u012f rankoves<\/p>\n<\/li>\n<li data-start=\"1275\" data-end=\"1315\">\n<p data-start=\"1277\" data-end=\"1315\">Spustel\u0117kite reguliuojamus rankovi\u0173 galus<\/p>\n<\/li>\n<li data-start=\"1316\" data-end=\"1383\">\n<p data-start=\"1318\" data-end=\"1383\">Atspindin\u010dios detal\u0117s ant nugaros ir rankovi\u0173, kad b\u016btum\u0117te matomi tamsoje<\/p>\n<\/li>\n<\/ul>\n<h3 data-start=\"1308\" data-end=\"1331\"><strong data-start=\"1312\" data-end=\"1331\">Informacija apie med\u017eiag\u0105<\/strong><\/h3>\n<ul data-start=\"1332\" data-end=\"1456\">\n<li data-start=\"1332\" data-end=\"1366\">\n<p data-start=\"1334\" data-end=\"1366\"><strong data-start=\"1334\" data-end=\"1349\">Vir\u0161utinis sluoksnis:<\/strong> 100% poliesteris<\/p>\n<\/li>\n<li data-start=\"1367\" data-end=\"1408\">\n<p data-start=\"1369\" data-end=\"1408\"><strong data-start=\"1369\" data-end=\"1383\">Izoliacija:<\/strong> 100 % poliesteris (200 g su satinu)<\/p>\n<\/li>\n<li data-start=\"1409\" data-end=\"1456\">\n<p data-start=\"1411\" data-end=\"1456\"><strong data-start=\"1411\" data-end=\"1422\">Pamu\u0161alas:<\/strong> 100 % poliamidas, \u0161ilkinis pavir\u0161ius.<\/p>\n<\/li>\n<li>Rekomenduojama temperat\u016bra nuo 0 \u00b0C iki -20 \u00b0C<\/li>\n<\/ul>\n<p data-start=\"1385\" data-end=\"1691\"><strong>&#8222;Huppa&#8221; moteri\u0161ka \u017eiemin\u0117 striuk\u0117 Vienna &#8211; matmen\u0173 lentel\u0117<\/strong><\/p>\n<table style=\"height: 282px;\" width=\"739\">\n<thead>\n<tr>\n<th align=\"center\">Dydis<\/th>\n<th align=\"center\">Kr\u016btin\u0117s l\u0105stos<\/p>\n<p>apimtis (cm)<\/th>\n<th align=\"center\">Klubo<\/p>\n<p>apimtis (cm)<\/th>\n<th align=\"center\">Atstumas tarp pe\u010di\u0173 (cm)<\/th>\n<th align=\"center\">Rankovi\u0173 ilgis (cm)<\/th>\n<th align=\"center\">Priekin\u0117s dalies ilgis (cm)<\/th>\n<th align=\"center\">Nugaros ilgis (cm)<\/th>\n<\/tr>\n<\/thead>\n<tbody>\n<tr>\n<td align=\"center\"><strong>XS<\/strong><\/td>\n<td align=\"center\">96<\/td>\n<td align=\"center\">107<\/td>\n<td align=\"center\">40.0<\/td>\n<td align=\"center\">63.0<\/td>\n<td align=\"center\">96.5<\/td>\n<td align=\"center\">99.5<\/td>\n<\/tr>\n<tr>\n<td align=\"center\"><strong>S<\/strong><\/td>\n<td align=\"center\">102<\/td>\n<td align=\"center\">113<\/td>\n<td align=\"center\">41.5<\/td>\n<td align=\"center\">64.0<\/td>\n<td align=\"center\">98.0<\/td>\n<td align=\"center\">101<\/td>\n<\/tr>\n<tr>\n<td align=\"center\"><strong>M<\/strong><\/td>\n<td align=\"center\">108<\/td>\n<td align=\"center\">119<\/td>\n<td align=\"center\">43.0<\/td>\n<td align=\"center\">65.0<\/td>\n<td align=\"center\">99.5<\/td>\n<td align=\"center\">102.5<\/td>\n<\/tr>\n<tr>\n<td align=\"center\"><strong>L<\/strong><\/td>\n<td align=\"center\">115<\/td>\n<td align=\"center\">126<\/td>\n<td align=\"center\">44.5<\/td>\n<td align=\"center\">66.0<\/td>\n<td align=\"center\">101<\/td>\n<td align=\"center\">104<\/td>\n<\/tr>\n<tr>\n<td align=\"center\"><strong>XL<\/strong><\/td>\n<td align=\"center\">123<\/td>\n<td align=\"center\">134<\/td>\n<td align=\"center\">46.0<\/td>\n<td align=\"center\">67.0<\/td>\n<td align=\"center\">102.5<\/td>\n<td align=\"center\">105.5<\/td>\n<\/tr>\n<tr>\n<td align=\"center\"><strong>XXL<\/strong><\/td>\n<td align=\"center\">131<\/td>\n<td align=\"center\">142<\/td>\n<td align=\"center\">47.5<\/td>\n<td align=\"center\">68.0<\/td>\n<td align=\"center\">104<\/td>\n<td align=\"center\">107<\/td>\n<\/tr>\n<tr>\n<td align=\"center\"><strong>3XL<\/strong><\/td>\n<td align=\"center\">141<\/td>\n<td align=\"center\">152<\/td>\n<td align=\"center\">49.5<\/td>\n<td align=\"center\">69.0<\/td>\n<td align=\"center\">105<\/td>\n<td align=\"center\">108<\/td>\n<\/tr>\n<\/tbody>\n<\/table>\n<p data-start=\"1693\" data-end=\"1810\"><strong data-start=\"1697\" data-end=\"1735\">\u0160ilta ir eleganti\u0161ka moteri\u0161ka \u017eiemin\u0117 striuk\u0117<\/strong> &#8222;Huppa Vienna&#8221; sujungia visk\u0105, ko reikia &#8211; patogum\u0105, patvarum\u0105 ir gra\u017ei\u0105 i\u0161vaizd\u0105.<\/p>\n<p data-start=\"1812\" data-end=\"1942\"><strong data-start=\"1812\" data-end=\"1825\">Pristatymo laikas:<\/strong> iki 5 darbo dien\u0173<\/p>\n<p data-start=\"1812\" data-end=\"1942\"><strong data-start=\"2294\" data-end=\"2377\">Netinkamas dydis arba spalva? Nesvarbu! Keitimas visada NEMOKAMAS su DPD keitimo kodu.  <\/strong><br data-start=\"2377\" data-end=\"2380\">Galite keisti dyd\u012f, spalv\u0105 ir model\u012f.<\/p>\n<hr data-start=\"1944\" data-end=\"1947\">\n<p data-start=\"1949\" data-end=\"2362\">&#8222;<strong data-start=\"1961\" data-end=\"1995\">Huppa Vienna&#8221; moteri\u0161ka \u017eiemin\u0117 striuk\u0117<\/strong> yra <strong data-start=\"2026\" data-end=\"2057\">\u0161ilta ir patvari \u017eiemin\u0117 striuk\u0117<\/strong>, apsauganti nuo lietaus, v\u0117jo ir sniego. D\u0117l reguliuojam\u0173 rankovi\u0173 ir prakti\u0161k\u0173 detali\u0173 parka yra patogi ir tinka \u012fvairioms k\u016bno formoms. <\/p>\n<h3 data-start=\"58\" data-end=\"92\"><strong data-start=\"62\" data-end=\"90\">&#8222;Esto3&#8221; &#8211; paprastas ir patogus mok\u0117jimas<\/strong><\/h3>\n<p data-start=\"93\" data-end=\"343\">Taip pat galite sumok\u0117ti u\u017e striuk\u0119 <strong data-start=\"119\" data-end=\"160\">trimis lygiomis dalimis be joki\u0173 papildom\u0173 mokes\u010di\u0173<\/strong>. Tiesiog pirkini\u0173 krep\u0161elyje pasirinkite <strong data-start=\"187\" data-end=\"206\">&#8222;Esto3&#8221; mok\u0117jimo b\u016bd\u0105<\/strong> ir suma bus automati\u0161kai paskirstyta trims m\u0117nesiams. Tai patogus b\u016bdas paskirstyti i\u0161laidas mokant lygiai toki\u0105 pa\u010di\u0105 kain\u0105, koki\u0105 mok\u0117tum\u0117te internetu. pirm\u0105j\u0105 \u012fmok\u0105 reikia sumok\u0117ti kito m\u0117nesio 15 d., o prekes gausite i\u0161 karto.  <\/p>\n<h3>&#8222;Huppa Vienna&#8221; moteri\u0161ka striuk\u0117 &#8211; da\u017enai u\u017eduodami klausimai<\/h3>\n<p><strong>Ar &#8222;Huppa Vienna&#8221; moteri\u0161ka \u017eiemin\u0117 striuk\u0117 pakankamai \u0161ilta Estijos \u017eiemai?<\/strong><br \/>\nTaip. Parka skirta d\u0117v\u0117ti Estijos \u017eiemos s\u0105lygomis. <strong>Temperat\u016bros diapazonas nuo 0 \u00b0C iki -20 \u00b0C<\/strong>, v\u0117jo ir vandens nepraleid\u017eiantis i\u0161orinis audinys ir auk\u0161tos kokyb\u0117s izoliacija u\u017etikrina k\u016bno \u0161ilum\u0105 net esant v\u0117juotam ir dr\u0117gnam orui. <\/p>\n<p><strong>Ar \u0161i\u0105 moteri\u0161k\u0105 striuk\u0119 galima d\u0117v\u0117ti su storesniu megztiniu?<\/strong><br \/>\nTai gerai. Striuk\u0117s kirpime yra pakankamai vietos, o viduje esantis reguliuojamas juosmuo leid\u017eia prisitaikyti, kad ji neb\u016bt\u0173 ank\u0161ta ar nepatogi. <\/p>\n<p><strong>Ar kailin\u0117 apdaila ant gaubto yra nuimama?<\/strong><br \/>\nTaip. Nat\u016bralios alpakos gobtuvas nuimamas u\u017etrauktuku, tod\u0117l j\u012f lengva pri\u017ei\u016br\u0117ti ir galite keisti parako i\u0161vaizd\u0105 pagal savo pageidavimus. <\/p>\n<p><strong>Kaip i\u0161sirinkti tinkam\u0105 &#8222;Huppa Vienna parka&#8221; dyd\u012f?<\/strong><br \/>\nJei esate tarp skirting\u0173 dyd\u017ei\u0173, rekomenduojame rinktis didesn\u012f dyd\u012f. Taip \u0161altesniu oru jums bus patogiau d\u0117v\u0117ti park\u0105 su storesniais drabu\u017eiais. <\/p>\n<p><strong>K\u0105 daryti, jei dydis ar spalva netinka?<\/strong><br \/>\nNesijaudinkite &#8211; <strong>pakeitus dyd\u012f, spalv\u0105 ar model\u012f su DPD keitimo kodu keitimas visada NEMOKAMAS<\/strong>.<\/p>\n<p>&nbsp;<\/p>\n<p>&nbsp;<\/p>\n<p>&nbsp;<\/p>\n","protected":false},"excerpt":{"rendered":"<p>&#8222;Huppa&#8221; moteri\u0161ka \u017eiemin\u0117 striuk\u0117 Vienna &#8222;Huppa Vienna&#8221; moteri\u0161ka \u017eiemin\u0117 striuk\u0117 yra stilingas, prakti\u0161kas ir \u0161iltas pasirinkimas rudens-\u017eiemos sezonui. Ji sukurta moterims, vertinan\u010dioms patogum\u0105, \u0161ilum\u0105 ir nesenstan\u010di\u0105 i\u0161vaizd\u0105. Parka tinka darbui, mokyklai ar laisvalaikiui, kad visada b\u016bt\u0173 \u0161ilta ir apsaugota nuo \u0161al\u010dio. \u0160i striuk\u0117 pagaminta i\u0161 v\u0117jo ir vandens nepraleid\u017eian\u010dio kv\u0117puojan\u010dio audinio (su u\u017eklijuotomis si\u016bl\u0117mis), kuris [&hellip;]<\/p>\n","protected":false},"featured_media":264468,"comment_status":"open","ping_status":"closed","template":"","meta":{"_acf_changed":false},"product_brand":[],"product_cat":[301],"product_tag":[],"class_list":{"0":"post-264467","1":"product","2":"type-product","3":"status-publish","4":"has-post-thumbnail","6":"product_cat-zieminiai-paltukai-iki-60","7":"product_shipping_class-tarneaeg-1-4-paeva","9":"first","10":"instock","11":"sale","12":"taxable","13":"shipping-taxable","14":"purchasable","15":"product-type-variable","16":"has-default-attributes","17":"add-to-wishlist-after_add_to_cart"},"acf":[],"_links":{"self":[{"href":"https:\/\/tellimused.stiilne.ee\/lt\/wp-json\/wp\/v2\/product\/264467","targetHints":{"allow":["GET"]}}],"collection":[{"href":"https:\/\/tellimused.stiilne.ee\/lt\/wp-json\/wp\/v2\/product"}],"about":[{"href":"https:\/\/tellimused.stiilne.ee\/lt\/wp-json\/wp\/v2\/types\/product"}],"replies":[{"embeddable":true,"href":"https:\/\/tellimused.stiilne.ee\/lt\/wp-json\/wp\/v2\/comments?post=264467"}],"wp:featuredmedia":[{"embeddable":true,"href":"https:\/\/tellimused.stiilne.ee\/lt\/wp-json\/wp\/v2\/media\/264468"}],"wp:attachment":[{"href":"https:\/\/tellimused.stiilne.ee\/lt\/wp-json\/wp\/v2\/media?parent=264467"}],"wp:term":[{"taxonomy":"product_brand","embeddable":true,"href":"https:\/\/tellimused.stiilne.ee\/lt\/wp-json\/wp\/v2\/product_brand?post=264467"},{"taxonomy":"product_cat","embeddable":true,"href":"https:\/\/tellimused.stiilne.ee\/lt\/wp-json\/wp\/v2\/product_cat?post=264467"},{"taxonomy":"product_tag","embeddable":true,"href":"https:\/\/tellimused.stiilne.ee\/lt\/wp-json\/wp\/v2\/product_tag?post=264467"}],"curies":[{"name":"wp","href":"https:\/\/api.w.org\/{rel}","templated":true}]}}