{"id":264483,"date":"2026-03-12T15:29:33","date_gmt":"2026-03-12T13:29:33","guid":{"rendered":"https:\/\/tellimused.stiilne.ee\/toode\/vero-moda-tumepunane-100-puuvillasest-longast-naiste-dsemper-care-kohe-laos-uudis\/"},"modified":"2026-04-07T11:08:04","modified_gmt":"2026-04-07T08:08:04","slug":"vero-moda-moteriski-tamsiai-raudonos-spalvos-100-vilnos-vilnos-tekstiles-drabuziai-balti-sandelyje-nauji","status":"publish","type":"product","link":"https:\/\/tellimused.stiilne.ee\/lt\/produktas\/vero-moda-moteriski-tamsiai-raudonos-spalvos-100-vilnos-vilnos-tekstiles-drabuziai-balti-sandelyje-nauji\/","title":{"rendered":"VERO MODA moteri\u0161ki tamsiai raudonos spalvos 100 % vilnos vilnos tekstil\u0117s drabu\u017eiai &#8211; balti sand\u0117lyje Nauji"},"content":{"rendered":"<p>&nbsp;<\/p>\n<p>D\u017eemperio med\u017eiaga &#8211; 100 % medviln\u0117, kuri yra odai nekenksminga med\u017eiaga &#8211; oda neskaud\u0117s ir neprakaituos.<\/p>\n<p>D\u0117l stilingo ir paprasto dizaino d\u017eemper\u012f lengva d\u0117v\u0117ti prie sijono ar kelni\u0173.<\/p>\n<p>&#8222;Vero Moda&#8221; d\u017eemperis dabar yra sand\u0117lyje ir gali b\u016bti pristatytas \u012f siunt\u0173 skyri\u0173 vos per kelias dienas.<\/p>\n<p>Geras pasirinkimas rudens-\u017eiemos sezonui &#8211; laisvalaikiui ar darbui.<\/p>\n","protected":false},"excerpt":{"rendered":"<p>&nbsp; D\u017eemperio med\u017eiaga &#8211; 100 % medviln\u0117, kuri yra odai nekenksminga med\u017eiaga &#8211; oda neskaud\u0117s ir neprakaituos. D\u0117l stilingo ir paprasto dizaino d\u017eemper\u012f lengva d\u0117v\u0117ti prie sijono ar kelni\u0173. &#8222;Vero Moda&#8221; d\u017eemperis dabar yra sand\u0117lyje ir gali b\u016bti pristatytas \u012f siunt\u0173 skyri\u0173 vos per kelias dienas. Geras pasirinkimas rudens-\u017eiemos sezonui &#8211; laisvalaikiui ar darbui.<\/p>\n","protected":false},"featured_media":264484,"comment_status":"open","ping_status":"closed","template":"","meta":{"_acf_changed":false},"product_brand":[],"product_cat":[319,295],"product_tag":[],"class_list":{"0":"post-264483","1":"product","2":"type-product","3":"status-publish","4":"has-post-thumbnail","6":"product_cat-dovanos-moterims","7":"product_cat-moteriski-megztiniai-marskineliai","8":"product_shipping_class-tarneaeg-1-4-paeva","10":"first","11":"instock","12":"sale","13":"taxable","14":"shipping-taxable","15":"purchasable","16":"product-type-variable","17":"has-default-attributes","18":"add-to-wishlist-after_add_to_cart"},"acf":[],"_links":{"self":[{"href":"https:\/\/tellimused.stiilne.ee\/lt\/wp-json\/wp\/v2\/product\/264483","targetHints":{"allow":["GET"]}}],"collection":[{"href":"https:\/\/tellimused.stiilne.ee\/lt\/wp-json\/wp\/v2\/product"}],"about":[{"href":"https:\/\/tellimused.stiilne.ee\/lt\/wp-json\/wp\/v2\/types\/product"}],"replies":[{"embeddable":true,"href":"https:\/\/tellimused.stiilne.ee\/lt\/wp-json\/wp\/v2\/comments?post=264483"}],"wp:featuredmedia":[{"embeddable":true,"href":"https:\/\/tellimused.stiilne.ee\/lt\/wp-json\/wp\/v2\/media\/264484"}],"wp:attachment":[{"href":"https:\/\/tellimused.stiilne.ee\/lt\/wp-json\/wp\/v2\/media?parent=264483"}],"wp:term":[{"taxonomy":"product_brand","embeddable":true,"href":"https:\/\/tellimused.stiilne.ee\/lt\/wp-json\/wp\/v2\/product_brand?post=264483"},{"taxonomy":"product_cat","embeddable":true,"href":"https:\/\/tellimused.stiilne.ee\/lt\/wp-json\/wp\/v2\/product_cat?post=264483"},{"taxonomy":"product_tag","embeddable":true,"href":"https:\/\/tellimused.stiilne.ee\/lt\/wp-json\/wp\/v2\/product_tag?post=264483"}],"curies":[{"name":"wp","href":"https:\/\/api.w.org\/{rel}","templated":true}]}}