{"id":264495,"date":"2026-03-12T15:26:14","date_gmt":"2026-03-12T13:26:14","guid":{"rendered":"https:\/\/tellimused.stiilne.ee\/toode\/huppa-meeste-talveparka-david-1-tumesinine-naturaalkarvaga-200-grammi-soojustusega-vihma-ja-tuulekindel-tarneaeg-kuni-5-toopaeva\/"},"modified":"2026-04-07T11:08:03","modified_gmt":"2026-04-07T08:08:03","slug":"huppa-vyriska-ziemine-striuke-david-1-tamsiai-melyna-naturalinis-apsiltinimas-200-g-atspari-lietui-ir-vejui-tinkamumas-iki-5-darbo-dienu","status":"publish","type":"product","link":"https:\/\/tellimused.stiilne.ee\/lt\/produktas\/huppa-vyriska-ziemine-striuke-david-1-tamsiai-melyna-naturalinis-apsiltinimas-200-g-atspari-lietui-ir-vejui-tinkamumas-iki-5-darbo-dienu\/","title":{"rendered":"HUPPA vyri\u0161ka \u017eiemin\u0117 striuk\u0117 David 1 tamsiai m\u0117lyna NAT\u016aRALINIS AP\u0160ILTINIMAS 200 g &#8211; atspari lietui ir v\u0117jui &#8211; TINKAMUMAS iki 5 darbo dien\u0173"},"content":{"rendered":"<h3 data-start=\"78\" data-end=\"113\">&#8222;Huppa&#8221; vyri\u0161ka \u017eiemin\u0117 striuk\u0117 David<\/h3>\n<p data-start=\"115\" data-end=\"385\">&#8222;Huppa&#8221; vyri\u0161ka \u017eiemin\u0117 striuk\u0117 &#8221; <strong data-start=\"139\" data-end=\"148\">David&#8221;<\/strong> yra populiariausias ir geriausiai parduodamas &#8222;Huppa&#8221; vyri\u0161kos \u017eiemin\u0117s striuk\u0117s modelis, kur\u012f klientai m\u0117gsta jau daugel\u012f met\u0173. Stilingo ir tvirto kirpimo, \u0161i \u0161ilta parka puikiai tinka kasdieniam ne\u0161iojimui \u012f darb\u0105 ar laisvalaikiui. <\/p>\n<p data-start=\"387\" data-end=\"638\">\u0160i striuk\u0117 <strong data-start=\"396\" data-end=\"419\">atspari v\u0117jui ir vandeniui<\/strong> (atsparumas vandeniui 10 000 mm, o pralaidumas orui 10 000 g\/m\u00b2\/24 val.), o u\u017eklijuotos si\u016bl\u0117s u\u017etikrina, kad lietus ir sniegas nepatekt\u0173 \u012f vid\u0173. <strong data-start=\"533\" data-end=\"552\">200 g izoliacija<\/strong> su papildoma avies vilna nugaroje u\u017etikrins \u0161ilum\u0105 net \u0161al\u010diausiomis \u017eiemos dienomis.<\/p>\n<p data-start=\"640\" data-end=\"667\"><strong>Huppa David vyri\u0161ka \u017eiemin\u0117 parka Huppa David charakteristikos<\/strong><\/p>\n<ul data-start=\"668\" data-end=\"1052\">\n<li data-start=\"668\" data-end=\"729\">\n<p data-start=\"670\" data-end=\"729\">Kr\u016btin\u0117s ki\u0161en\u0117s su u\u017etrauktukais ir didel\u0117s priekin\u0117s ki\u0161en\u0117s su magnetiniais u\u017etrauktukais<\/p>\n<\/li>\n<li data-start=\"730\" data-end=\"776\">\n<p data-start=\"732\" data-end=\"776\">Kry\u017emin\u0117 ki\u0161en\u0117 su u\u017eraktu raktams arba mobiliajam telefonui<\/p>\n<\/li>\n<li data-start=\"777\" data-end=\"829\">\n<p data-start=\"779\" data-end=\"829\">Dvipusis priekinis u\u017eraktas &#8211; patogu s\u0117d\u0117ti ir va\u017eiuoti automobilyje<\/p>\n<\/li>\n<li data-start=\"830\" data-end=\"890\">\n<p data-start=\"832\" data-end=\"890\">Reguliuojama elastinga nugara ir rankovi\u0173 rankogaliai su u\u017etrauktuku<\/p>\n<\/li>\n<li data-start=\"891\" data-end=\"939\">\n<p data-start=\"893\" data-end=\"939\">&#8222;Sonic&#8221; rankogalis \u0161altam orui sulaikyti<\/p>\n<\/li>\n<li data-start=\"940\" data-end=\"982\">\n<p data-start=\"942\" data-end=\"982\">Nuimamas nat\u016brali\u0173 plauk\u0173 gobtuvas su u\u017etrauktuku<\/p>\n<\/li>\n<li data-start=\"983\" data-end=\"1052\">\n<p data-start=\"985\" data-end=\"1052\">Priekyje, nugaroje ir ant rankovi\u0173 yra \u0161vies\u0105 atspindin\u010dios detal\u0117s, kad b\u016btum\u0117te matomi tamsoje.<\/p>\n<\/li>\n<\/ul>\n<p data-start=\"1054\" data-end=\"1183\">\u0160i <strong data-start=\"1058\" data-end=\"1097\">\u0161ilta ir patvari vyri\u0161ka \u017eiemin\u0117 striuk\u0117<\/strong> sujungia visas geros striuk\u0117s savybes &#8211; prakti\u0161kum\u0105, patogum\u0105 ir stili\u0173.<\/p>\n<p data-start=\"1185\" data-end=\"1315\"><strong data-start=\"1185\" data-end=\"1198\">Pristatymas <\/strong> iki 5 darbo dien\u0173<br data-start=\"1215\" data-end=\"1218\"><strong data-start=\"1218\" data-end=\"1237\">Nemokamas keitimas &#8211;<\/strong> jei dydis ar spalva netinka, galite nemokamai pasikeisti striuk\u0119 su DPD keitimo kodu.<\/p>\n<hr data-start=\"1317\" data-end=\"1320\">\n<p data-start=\"1322\" data-end=\"1916\"><strong data-start=\"1334\" data-end=\"1367\">&#8222;Huppa&#8221; vyri\u0161ka \u017eiemin\u0117 striuk\u0117 David<\/strong> yra <strong data-start=\"1398\" data-end=\"1436\">\u0161ilta ir patvari vyri\u0161ka \u017eiemin\u0117 striuk\u0117<\/strong>, puikiai tinkanti esti\u0161kai \u017eiemai &#8211; v\u0117jo nepraleid\u017eianti, neper\u0161lampama ir kv\u0117puojanti med\u017eiaga u\u017etikrina komfort\u0105 bet kokiomis s\u0105lygomis. Su prakti\u0161komis ki\u0161en\u0117mis, reguliuojamomis detal\u0117mis ir at\u0161vaitais \u0161i <strong data-start=\"1631\" data-end=\"1647\">vyri\u0161ka parka<\/strong> yra ir saugi, ir funkcionali. <strong data-start=\"1685\" data-end=\"1706\">Huppa David parka<\/strong> puikiai tinka kasdieniam ne\u0161iojimui, laisvalaikiui ar \u017eiemos \u017eygiams. Platus dyd\u017ei\u0173 pasirinkimas (XS-3XL) ir puiki kokyb\u0117 bei patogus d\u0117v\u0117jimas yra b\u016btent tai, kod\u0117l <strong data-start=\"1857\" data-end=\"1884\">&#8222;Huppa&#8221; vyri\u0161ka \u017eiemin\u0117 striuk\u0117 &#8222;David&#8221; jau daugel\u012f met\u0173 yra perkamiausia &#8222;Huppa&#8221; vyri\u0161ka striuk\u0117.<\/strong>  <\/p>\n<p>&#8222;Huppa&#8221; vyri\u0161ka \u017eiemin\u0117 striuk\u0117 David &#8211; matmen\u0173 lentel\u0117<\/p>\n<table>\n<thead>\n<tr>\n<th>Dydis<\/th>\n<th>Kr\u016btin\u0117s apimtis (cm)<\/th>\n<th>Pe\u010di\u0173 plotis (cm)<\/th>\n<th>Rankovi\u0173 ilgis (cm)<\/th>\n<th>Striuk\u0117s ilgis priekyje (cm)<\/th>\n<th>Striuk\u0117s ilgis nugaroje (cm)<\/th>\n<\/tr>\n<\/thead>\n<tbody>\n<tr>\n<td>XS<\/td>\n<td>107<\/td>\n<td>44<\/td>\n<td>65<\/td>\n<td>88<\/td>\n<td>93<\/td>\n<\/tr>\n<tr>\n<td>S<\/td>\n<td>113<\/td>\n<td>46<\/td>\n<td>66<\/td>\n<td>89<\/td>\n<td>94<\/td>\n<\/tr>\n<tr>\n<td>M<\/td>\n<td>119<\/td>\n<td>48<\/td>\n<td>67<\/td>\n<td>90<\/td>\n<td>95<\/td>\n<\/tr>\n<tr>\n<td>L<\/td>\n<td>125<\/td>\n<td>50<\/td>\n<td>68<\/td>\n<td>91<\/td>\n<td>96<\/td>\n<\/tr>\n<tr>\n<td>XL<\/td>\n<td>133<\/td>\n<td>52.5<\/td>\n<td>69<\/td>\n<td>92<\/td>\n<td>97<\/td>\n<\/tr>\n<tr>\n<td>XXL<\/td>\n<td>141<\/td>\n<td>55<\/td>\n<td>70<\/td>\n<td>93<\/td>\n<td>98<\/td>\n<\/tr>\n<tr>\n<td>3XL<\/td>\n<td>151<\/td>\n<td>57.5<\/td>\n<td>71<\/td>\n<td>94<\/td>\n<td>99<\/td>\n<\/tr>\n<\/tbody>\n<\/table>\n<p>&nbsp;<\/p>\n<p>&nbsp;<\/p>\n","protected":false},"excerpt":{"rendered":"<p>&#8222;Huppa&#8221; vyri\u0161ka \u017eiemin\u0117 striuk\u0117 David &#8222;Huppa&#8221; vyri\u0161ka \u017eiemin\u0117 striuk\u0117 &#8221; David&#8221; yra populiariausias ir geriausiai parduodamas &#8222;Huppa&#8221; vyri\u0161kos \u017eiemin\u0117s striuk\u0117s modelis, kur\u012f klientai m\u0117gsta jau daugel\u012f met\u0173. Stilingo ir tvirto kirpimo, \u0161i \u0161ilta parka puikiai tinka kasdieniam ne\u0161iojimui \u012f darb\u0105 ar laisvalaikiui. \u0160i striuk\u0117 atspari v\u0117jui ir vandeniui (atsparumas vandeniui 10 000 mm, o pralaidumas [&hellip;]<\/p>\n","protected":false},"featured_media":264496,"comment_status":"open","ping_status":"closed","template":"","meta":{"_acf_changed":false},"product_brand":[],"product_cat":[304],"product_tag":[],"class_list":{"0":"post-264495","1":"product","2":"type-product","3":"status-publish","4":"has-post-thumbnail","6":"product_cat-huppa-vyriski-ir-berniuku-ziemos-striukes","7":"product_shipping_class-tarneaeg-1-4-paeva","9":"first","10":"instock","11":"sale","12":"taxable","13":"shipping-taxable","14":"purchasable","15":"product-type-variable","16":"has-default-attributes","17":"add-to-wishlist-after_add_to_cart"},"acf":[],"_links":{"self":[{"href":"https:\/\/tellimused.stiilne.ee\/lt\/wp-json\/wp\/v2\/product\/264495","targetHints":{"allow":["GET"]}}],"collection":[{"href":"https:\/\/tellimused.stiilne.ee\/lt\/wp-json\/wp\/v2\/product"}],"about":[{"href":"https:\/\/tellimused.stiilne.ee\/lt\/wp-json\/wp\/v2\/types\/product"}],"replies":[{"embeddable":true,"href":"https:\/\/tellimused.stiilne.ee\/lt\/wp-json\/wp\/v2\/comments?post=264495"}],"wp:featuredmedia":[{"embeddable":true,"href":"https:\/\/tellimused.stiilne.ee\/lt\/wp-json\/wp\/v2\/media\/264496"}],"wp:attachment":[{"href":"https:\/\/tellimused.stiilne.ee\/lt\/wp-json\/wp\/v2\/media?parent=264495"}],"wp:term":[{"taxonomy":"product_brand","embeddable":true,"href":"https:\/\/tellimused.stiilne.ee\/lt\/wp-json\/wp\/v2\/product_brand?post=264495"},{"taxonomy":"product_cat","embeddable":true,"href":"https:\/\/tellimused.stiilne.ee\/lt\/wp-json\/wp\/v2\/product_cat?post=264495"},{"taxonomy":"product_tag","embeddable":true,"href":"https:\/\/tellimused.stiilne.ee\/lt\/wp-json\/wp\/v2\/product_tag?post=264495"}],"curies":[{"name":"wp","href":"https:\/\/api.w.org\/{rel}","templated":true}]}}