{"id":264531,"date":"2026-03-12T15:22:59","date_gmt":"2026-03-12T13:22:59","guid":{"rendered":"https:\/\/tellimused.stiilne.ee\/toode\/treats-bag-naturaalnahast-pruun-naiste-kaekott-frigga-uudis-kohe-laos\/"},"modified":"2026-04-07T11:08:02","modified_gmt":"2026-04-07T08:08:02","slug":"treats-bag-naturalios-rudos-odos-moteriska-rankine-frigga-udis-kohe-laos","status":"publish","type":"product","link":"https:\/\/tellimused.stiilne.ee\/lt\/produktas\/treats-bag-naturalios-rudos-odos-moteriska-rankine-frigga-udis-kohe-laos\/","title":{"rendered":"TREATS BAG nat\u016bralios rudos odos moteri\u0161ka rankin\u0117 Frigga-NAUJIENOS-DABAR TURIME"},"content":{"rendered":"<p>&nbsp;<\/p>\n<p>\u0160i klasikinio dizaino nat\u016bralios odos moteri\u0161ka rankin\u0117 yra paprasto dizaino, tod\u0117l lengvai dera prie \u012fvairi\u0173 drabu\u017ei\u0173.<\/p>\n<p>Rankin\u0117s med\u017eiaga &#8211; nat\u016brali oda, ji pagaminta Indijoje.<\/p>\n<p>Krep\u0161ys u\u017esegamas u\u017etrauktuku, viduje yra papildoma u\u017etrauktuku u\u017esegama ki\u0161en\u0117 ir ma\u017eesn\u0117s atviros ki\u0161en\u0117s.<\/p>\n<p>Krep\u0161io matmenys<\/p>\n<p><strong>Auk\u0161tis 38 cm <\/strong><\/p>\n<p><strong>Plotis 34 cm<\/strong><\/p>\n<p><strong>Gylis 10 cm<\/strong><\/p>\n<p>Krep\u0161ys yra talpus &#8211; jame telpa A4 formato knyga, \u017eem\u0117lapis ir net ma\u017eesnis ne\u0161iojamasis kompiuteris.<\/p>\n<p>Ilgas dir\u017eas per pet\u012f yra reguliuojamas &#8211; rankin\u0119 galima ne\u0161ioti su ilgu dir\u017eu per pet\u012f arba su ma\u017eesniais dir\u017eeliais.<\/p>\n<p>Rankin\u0117 yra sand\u0117lyje &#8211; pristatymas per kelias dienas.<\/p>\n<p>U\u017esakymai, pateikti darbo dien\u0105 prie\u0161 v\u0117lavim\u0105, i\u0161siun\u010diami t\u0105 pa\u010di\u0105 dien\u0105, o siuntinys paprastai b\u016bna siunt\u0173 pristatymo ma\u0161inoje iki kitos dienos.<\/p>\n<p>Rankin\u0119 galite ap\u017ei\u016br\u0117ti ir \u012fsigyti m\u016bs\u0173 sand\u0117lyje adresu Kanarbiku tee 15\/3, J\u00e4rvek\u00fcla &#8211; 5 minut\u0117s kelio automobiliu nuo \u00dclemiste centro.<\/p>\n","protected":false},"excerpt":{"rendered":"<p>&nbsp; \u0160i klasikinio dizaino nat\u016bralios odos moteri\u0161ka rankin\u0117 yra paprasto dizaino, tod\u0117l lengvai dera prie \u012fvairi\u0173 drabu\u017ei\u0173. Rankin\u0117s med\u017eiaga &#8211; nat\u016brali oda, ji pagaminta Indijoje. Krep\u0161ys u\u017esegamas u\u017etrauktuku, viduje yra papildoma u\u017etrauktuku u\u017esegama ki\u0161en\u0117 ir ma\u017eesn\u0117s atviros ki\u0161en\u0117s. Krep\u0161io matmenys Auk\u0161tis 38 cm Plotis 34 cm Gylis 10 cm Krep\u0161ys yra talpus &#8211; jame telpa [&hellip;]<\/p>\n","protected":false},"featured_media":264532,"comment_status":"open","ping_status":"closed","template":"","meta":{"_acf_changed":false},"product_brand":[],"product_cat":[322],"product_tag":[],"class_list":{"0":"post-264531","1":"product","2":"type-product","3":"status-publish","4":"has-post-thumbnail","6":"product_cat-didesnes-rankines","7":"product_shipping_class-tarneaeg-1-4-paeva","9":"first","10":"instock","11":"sale","12":"taxable","13":"shipping-taxable","14":"purchasable","15":"product-type-variable","16":"has-default-attributes","17":"add-to-wishlist-after_add_to_cart"},"acf":[],"_links":{"self":[{"href":"https:\/\/tellimused.stiilne.ee\/lt\/wp-json\/wp\/v2\/product\/264531","targetHints":{"allow":["GET"]}}],"collection":[{"href":"https:\/\/tellimused.stiilne.ee\/lt\/wp-json\/wp\/v2\/product"}],"about":[{"href":"https:\/\/tellimused.stiilne.ee\/lt\/wp-json\/wp\/v2\/types\/product"}],"replies":[{"embeddable":true,"href":"https:\/\/tellimused.stiilne.ee\/lt\/wp-json\/wp\/v2\/comments?post=264531"}],"wp:featuredmedia":[{"embeddable":true,"href":"https:\/\/tellimused.stiilne.ee\/lt\/wp-json\/wp\/v2\/media\/264532"}],"wp:attachment":[{"href":"https:\/\/tellimused.stiilne.ee\/lt\/wp-json\/wp\/v2\/media?parent=264531"}],"wp:term":[{"taxonomy":"product_brand","embeddable":true,"href":"https:\/\/tellimused.stiilne.ee\/lt\/wp-json\/wp\/v2\/product_brand?post=264531"},{"taxonomy":"product_cat","embeddable":true,"href":"https:\/\/tellimused.stiilne.ee\/lt\/wp-json\/wp\/v2\/product_cat?post=264531"},{"taxonomy":"product_tag","embeddable":true,"href":"https:\/\/tellimused.stiilne.ee\/lt\/wp-json\/wp\/v2\/product_tag?post=264531"}],"curies":[{"name":"wp","href":"https:\/\/api.w.org\/{rel}","templated":true}]}}