{"id":264534,"date":"2026-03-12T15:22:59","date_gmt":"2026-03-12T13:22:59","guid":{"rendered":"https:\/\/tellimused.stiilne.ee\/toode\/treats-bag-naturaalnahast-must-naiste-uleola-kott-ingrid-uudis-kohe-laos\/"},"modified":"2026-04-07T11:08:02","modified_gmt":"2026-04-07T08:08:02","slug":"treats-bag-juoda-moteriska-rankine-is-naturalios-odos-ingrid-udis-kohe-laos","status":"publish","type":"product","link":"https:\/\/tellimused.stiilne.ee\/lt\/produktas\/treats-bag-juoda-moteriska-rankine-is-naturalios-odos-ingrid-udis-kohe-laos\/","title":{"rendered":"TREATS BAG juoda moteri\u0161ka rankin\u0117 i\u0161 nat\u016bralios odos Ingrid-NAUJIENOS-DABAR TURIME"},"content":{"rendered":"<p>&nbsp;<\/p>\n<p>\u0160i klasikinio dizaino nat\u016bralios odos moteri\u0161ka rankin\u0117 yra paprasto dizaino, tod\u0117l lengvai dera prie \u012fvairi\u0173 drabu\u017ei\u0173.<\/p>\n<p>Rankin\u0117s med\u017eiaga &#8211; nat\u016brali oda, ji pagaminta Indijoje.<\/p>\n<p>Krep\u0161ys u\u017esegamas u\u017etrauktuku ir turi 1 papildom\u0105 ki\u0161en\u0119 su u\u017etrauktuku priekyje.<\/p>\n<p>Krep\u0161io matmenys<\/p>\n<p><strong>Auk\u0161tis 23 cm <\/strong><\/p>\n<p><strong>Plotis 21 cm<\/strong><\/p>\n<p><strong>Gylis 2 cm<\/strong><\/p>\n<p>Rankin\u0117je puikiai telpa pinigin\u0117, mobilusis telefonas, raktai ir smulki kosmetika.<\/p>\n<p>Krep\u0161io viduje yra 1 ma\u017eesn\u0117 papildoma ki\u0161en\u0117, kuri u\u017edaroma u\u017eraktu.<\/p>\n<p>Ilgas reguliuojamas dir\u017eas per pet\u012f<\/p>\n<p>Rankin\u0117 yra sand\u0117lyje &#8211; pristatymas per kelias dienas.<\/p>\n<p>U\u017esakymai, pateikti darbo dien\u0105 prie\u0161 v\u0117lavim\u0105, i\u0161siun\u010diami t\u0105 pa\u010di\u0105 dien\u0105, o siuntinys paprastai b\u016bna siunt\u0173 pristatymo ma\u0161inoje iki kitos dienos.<\/p>\n<p>Rankin\u0119 galite ap\u017ei\u016br\u0117ti ir \u012fsigyti m\u016bs\u0173 sand\u0117lyje adresu Kanarbiku tee 15\/3, J\u00e4rvek\u00fcla &#8211; 5 minut\u0117s kelio automobiliu nuo \u00dclemiste centro.<\/p>\n","protected":false},"excerpt":{"rendered":"<p>&nbsp; \u0160i klasikinio dizaino nat\u016bralios odos moteri\u0161ka rankin\u0117 yra paprasto dizaino, tod\u0117l lengvai dera prie \u012fvairi\u0173 drabu\u017ei\u0173. Rankin\u0117s med\u017eiaga &#8211; nat\u016brali oda, ji pagaminta Indijoje. Krep\u0161ys u\u017esegamas u\u017etrauktuku ir turi 1 papildom\u0105 ki\u0161en\u0119 su u\u017etrauktuku priekyje. Krep\u0161io matmenys Auk\u0161tis 23 cm Plotis 21 cm Gylis 2 cm Rankin\u0117je puikiai telpa pinigin\u0117, mobilusis telefonas, raktai ir [&hellip;]<\/p>\n","protected":false},"featured_media":264535,"comment_status":"open","ping_status":"closed","template":"","meta":{"_acf_changed":false},"product_brand":[],"product_cat":[325],"product_tag":[],"class_list":{"0":"post-264534","1":"product","2":"type-product","3":"status-publish","4":"has-post-thumbnail","6":"product_cat-mazesnes-rankines","7":"product_shipping_class-tarneaeg-1-4-paeva","9":"first","10":"instock","11":"sale","12":"taxable","13":"shipping-taxable","14":"purchasable","15":"product-type-variable","16":"has-default-attributes","17":"add-to-wishlist-after_add_to_cart"},"acf":[],"_links":{"self":[{"href":"https:\/\/tellimused.stiilne.ee\/lt\/wp-json\/wp\/v2\/product\/264534","targetHints":{"allow":["GET"]}}],"collection":[{"href":"https:\/\/tellimused.stiilne.ee\/lt\/wp-json\/wp\/v2\/product"}],"about":[{"href":"https:\/\/tellimused.stiilne.ee\/lt\/wp-json\/wp\/v2\/types\/product"}],"replies":[{"embeddable":true,"href":"https:\/\/tellimused.stiilne.ee\/lt\/wp-json\/wp\/v2\/comments?post=264534"}],"wp:featuredmedia":[{"embeddable":true,"href":"https:\/\/tellimused.stiilne.ee\/lt\/wp-json\/wp\/v2\/media\/264535"}],"wp:attachment":[{"href":"https:\/\/tellimused.stiilne.ee\/lt\/wp-json\/wp\/v2\/media?parent=264534"}],"wp:term":[{"taxonomy":"product_brand","embeddable":true,"href":"https:\/\/tellimused.stiilne.ee\/lt\/wp-json\/wp\/v2\/product_brand?post=264534"},{"taxonomy":"product_cat","embeddable":true,"href":"https:\/\/tellimused.stiilne.ee\/lt\/wp-json\/wp\/v2\/product_cat?post=264534"},{"taxonomy":"product_tag","embeddable":true,"href":"https:\/\/tellimused.stiilne.ee\/lt\/wp-json\/wp\/v2\/product_tag?post=264534"}],"curies":[{"name":"wp","href":"https:\/\/api.w.org\/{rel}","templated":true}]}}