{"id":264537,"date":"2026-03-12T15:22:59","date_gmt":"2026-03-12T13:22:59","guid":{"rendered":"https:\/\/tellimused.stiilne.ee\/toode\/treats-bag-naturaalnahast-vaiksem-must-naiste-kaekott-jasmin-kohe-laos\/"},"modified":"2026-04-07T11:08:03","modified_gmt":"2026-04-07T08:08:03","slug":"treats-bag-mazesne-juoda-moteriska-rankine-jasmin-dabar-naujai","status":"publish","type":"product","link":"https:\/\/tellimused.stiilne.ee\/lt\/produktas\/treats-bag-mazesne-juoda-moteriska-rankine-jasmin-dabar-naujai\/","title":{"rendered":"TREATS BAG Ma\u017eesn\u0117 juoda moteri\u0161ka rankin\u0117 Jasmin &#8211; DABAR NAUJAI"},"content":{"rendered":"<h3 data-start=\"57\" data-end=\"97\">Treats Bag juoda nat\u016bralios odos rankin\u0117 moterims<\/h3>\n<p data-start=\"99\" data-end=\"395\">Klasikinio ir nesenstan\u010dio dizaino <strong data-start=\"131\" data-end=\"169\">juoda nat\u016bralios odos moteri\u0161ka rankin\u0117<\/strong> yra prakti\u0161kas pasirinkimas kasdieniam ne\u0161iojimui, ta\u010diau pakankamai eleganti\u0161ka, kad tikt\u0173 prie aprangos, skirtos teatrui, koncertui ar i\u0161kilmingesniam renginiui. D\u0117l minimalistinio stiliaus j\u0105 lengva derinti prie d\u017eins\u0173 ar suknel\u0117s. <\/p>\n<p data-start=\"397\" data-end=\"424\"><strong data-start=\"397\" data-end=\"422\">Med\u017eiaga ir savyb\u0117s:<\/strong><\/p>\n<ul data-start=\"425\" data-end=\"658\">\n<li data-start=\"425\" data-end=\"492\">\n<p data-start=\"427\" data-end=\"492\">Pagaminta i\u0161 auk\u0161tos kokyb\u0117s nat\u016bralios odos (kilm\u0117s \u0161alis: Indija).<\/p>\n<\/li>\n<li data-start=\"493\" data-end=\"524\">\n<p data-start=\"495\" data-end=\"524\">Vir\u0161uje u\u017edaromas auksiniu u\u017eraktu<\/p>\n<\/li>\n<li data-start=\"525\" data-end=\"608\">\n<p data-start=\"527\" data-end=\"608\">Viduje yra 2 papildomos ki\u0161en\u0117s &#8211; 1 atvira ir 1 u\u017esegama u\u017etrauktuku smulkesniems daiktams laikyti.<\/p>\n<\/li>\n<li data-start=\"609\" data-end=\"658\">\n<p data-start=\"611\" data-end=\"658\">Reguliuojamas ilgas dir\u017eas per pet\u012f, kad b\u016bt\u0173 patogu ne\u0161ioti<\/p>\n<\/li>\n<\/ul>\n<p data-start=\"660\" data-end=\"673\"><strong data-start=\"660\" data-end=\"671\">Matmenys:<\/strong><\/p>\n<ul data-start=\"674\" data-end=\"726\">\n<li data-start=\"674\" data-end=\"691\">\n<p data-start=\"676\" data-end=\"691\">Auk\u0161tis: 14 cm<\/p>\n<\/li>\n<li data-start=\"692\" data-end=\"708\">\n<p data-start=\"694\" data-end=\"708\">Plotis: 21 cm<\/p>\n<\/li>\n<li data-start=\"709\" data-end=\"726\">\n<p data-start=\"711\" data-end=\"726\">Gylis: 6 cm<\/p>\n<\/li>\n<\/ul>\n<p data-start=\"728\" data-end=\"866\">Rankin\u0117je telpa pinigin\u0117, mobilusis telefonas, raktai ir nedidel\u0117 kosmetika &#8211; tai tinkamas dydis kasdieniam naudojimui.<\/p>\n<p data-start=\"868\" data-end=\"898\"><strong data-start=\"868\" data-end=\"896\">Pristatymo informacija<\/strong><\/p>\n<ul data-start=\"899\" data-end=\"1228\">\n<li data-start=\"899\" data-end=\"957\">\n<p data-start=\"901\" data-end=\"957\">Rankin\u0117 yra sand\u0117lyje &#8211; pristatymas vos per kelias dienas.<\/p>\n<\/li>\n<li data-start=\"958\" data-end=\"1026\">\n<p data-start=\"960\" data-end=\"1026\">U\u017esakymai, pateikti darbo dien\u0105 iki 17:00, bus i\u0161si\u0173sti t\u0105 pa\u010di\u0105 dien\u0105.<\/p>\n<\/li>\n<li data-start=\"1027\" data-end=\"1103\">\n<p data-start=\"1029\" data-end=\"1103\">Paprastai siuntinys \u012f siunt\u0173 terminal\u0105 atkeliauja kit\u0105 darbo dien\u0105 arba kit\u0105 dien\u0105 po jos.<\/p>\n<\/li>\n<li data-start=\"1104\" data-end=\"1228\">\n<p data-start=\"1106\" data-end=\"1228\">Rankin\u0119 taip pat galite ap\u017ei\u016br\u0117ti ir \u012fsigyti m\u016bs\u0173 sand\u0117lyje adresu Kanarbiku tee 15\/3, J\u00e4rvek\u00fcla (5 min. kelio automobiliu nuo \u00dclemiste centro).<\/p>\n<\/li>\n<\/ul>\n<p>&nbsp;<\/p>\n","protected":false},"excerpt":{"rendered":"<p>Treats Bag juoda nat\u016bralios odos rankin\u0117 moterims Klasikinio ir nesenstan\u010dio dizaino juoda nat\u016bralios odos moteri\u0161ka rankin\u0117 yra prakti\u0161kas pasirinkimas kasdieniam ne\u0161iojimui, ta\u010diau pakankamai eleganti\u0161ka, kad tikt\u0173 prie aprangos, skirtos teatrui, koncertui ar i\u0161kilmingesniam renginiui. D\u0117l minimalistinio stiliaus j\u0105 lengva derinti prie d\u017eins\u0173 ar suknel\u0117s. Med\u017eiaga ir savyb\u0117s: Pagaminta i\u0161 auk\u0161tos kokyb\u0117s nat\u016bralios odos (kilm\u0117s \u0161alis: [&hellip;]<\/p>\n","protected":false},"featured_media":264538,"comment_status":"open","ping_status":"closed","template":"","meta":{"_acf_changed":false},"product_brand":[],"product_cat":[325],"product_tag":[],"class_list":{"0":"post-264537","1":"product","2":"type-product","3":"status-publish","4":"has-post-thumbnail","6":"product_cat-mazesnes-rankines","7":"product_shipping_class-tarneaeg-1-4-paeva","9":"first","10":"instock","11":"sale","12":"taxable","13":"shipping-taxable","14":"purchasable","15":"product-type-variable","16":"has-default-attributes","17":"add-to-wishlist-after_add_to_cart"},"acf":[],"_links":{"self":[{"href":"https:\/\/tellimused.stiilne.ee\/lt\/wp-json\/wp\/v2\/product\/264537","targetHints":{"allow":["GET"]}}],"collection":[{"href":"https:\/\/tellimused.stiilne.ee\/lt\/wp-json\/wp\/v2\/product"}],"about":[{"href":"https:\/\/tellimused.stiilne.ee\/lt\/wp-json\/wp\/v2\/types\/product"}],"replies":[{"embeddable":true,"href":"https:\/\/tellimused.stiilne.ee\/lt\/wp-json\/wp\/v2\/comments?post=264537"}],"wp:featuredmedia":[{"embeddable":true,"href":"https:\/\/tellimused.stiilne.ee\/lt\/wp-json\/wp\/v2\/media\/264538"}],"wp:attachment":[{"href":"https:\/\/tellimused.stiilne.ee\/lt\/wp-json\/wp\/v2\/media?parent=264537"}],"wp:term":[{"taxonomy":"product_brand","embeddable":true,"href":"https:\/\/tellimused.stiilne.ee\/lt\/wp-json\/wp\/v2\/product_brand?post=264537"},{"taxonomy":"product_cat","embeddable":true,"href":"https:\/\/tellimused.stiilne.ee\/lt\/wp-json\/wp\/v2\/product_cat?post=264537"},{"taxonomy":"product_tag","embeddable":true,"href":"https:\/\/tellimused.stiilne.ee\/lt\/wp-json\/wp\/v2\/product_tag?post=264537"}],"curies":[{"name":"wp","href":"https:\/\/api.w.org\/{rel}","templated":true}]}}