{"id":264543,"date":"2026-03-12T15:22:10","date_gmt":"2026-03-12T13:22:10","guid":{"rendered":"https:\/\/tellimused.stiilne.ee\/toode\/vero-moda-naiste-sulemantel-erica-holly-tumesinine-kohe-laos-viimased\/"},"modified":"2026-04-07T11:08:01","modified_gmt":"2026-04-07T08:08:01","slug":"vero-moda-moteriskas-paltas-erica-holly-tamsiai-melynas-beveik-nebera-sandelyje-paskutini-karta-atnaujinta","status":"publish","type":"product","link":"https:\/\/tellimused.stiilne.ee\/lt\/produktas\/vero-moda-moteriskas-paltas-erica-holly-tamsiai-melynas-beveik-nebera-sandelyje-paskutini-karta-atnaujinta\/","title":{"rendered":"&#8222;Vero Moda&#8221; moteri\u0161kas paltas &#8222;Erica Holly&#8221; tamsiai m\u0117lynas &#8211; beveik neb\u0117ra sand\u0117lyje Paskutin\u012f kart\u0105 atnaujinta"},"content":{"rendered":"<h2 data-start=\"113\" data-end=\"192\"><strong data-start=\"116\" data-end=\"192\">&#8222;Vero Moda Erica Holly&#8221; moteri\u0161kas \u017eieminis paltas &#8211; \u0161iltas, lengvas ir patogus pasirinkimas  <\/strong><\/h2>\n<p data-start=\"194\" data-end=\"354\">Jei ie\u0161kote \u017eieminio palto, kuris b\u016bt\u0173 <strong data-start=\"228\" data-end=\"244\">jaukus ir \u0161iltas<\/strong>, ta\u010diau <strong data-start=\"257\" data-end=\"290\">lengvas ir gero ilgio<\/strong>, &#8222;Erica Holly&#8221; yra puikus pasirinkimas rudens ir \u017eiemos sezonui.<\/p>\n<p data-start=\"356\" data-end=\"435\">To paties palto, kur\u012f pasiuvo klientas, vaizdo \u012fra\u0161\u0105 \u017ei\u016br\u0117kite \u010dia<a href=\"https:\/\/www.facebook.com\/reel\/747283830608846\"> https:\/\/www.facebook.com\/reel\/747283830608846<\/a><\/p>\n<hr data-start=\"437\" data-end=\"440\">\n<h2 data-start=\"442\" data-end=\"512\"><strong data-start=\"445\" data-end=\"512\">Kod\u0117l m\u016bs\u0173 klientams patinka &#8222;Vero Moda Erica Holly&#8221; paltas? \u2764\ufe0f <\/strong><\/h2>\n<ul data-start=\"514\" data-end=\"933\">\n<li data-start=\"514\" data-end=\"570\">\n<p data-start=\"516\" data-end=\"570\"> \ufe0f <strong data-start=\"520\" data-end=\"536\">Lengva nugaroje<\/strong>, bet puikiai i\u0161laiko \u0161ilum\u0105<\/p>\n<\/li>\n<li data-start=\"571\" data-end=\"645\">\n<p data-start=\"573\" data-end=\"645\">  <strong data-start=\"576\" data-end=\"599\">Vandeniui atspari med\u017eiaga<\/strong> &#8211; tinkama lietingoms ir snieguotoms Estijos \u017eiemoms.<\/p>\n<\/li>\n<li data-start=\"646\" data-end=\"688\">\n<p data-start=\"648\" data-end=\"688\"><strong data-start=\"651\" data-end=\"671\">Katilo plok\u0161t\u0117 su u\u017eraktu<\/strong> ir krautuvo mygtukais<\/p>\n<\/li>\n<li data-start=\"689\" data-end=\"723\">\n<p data-start=\"691\" data-end=\"723\"><strong data-start=\"694\" data-end=\"721\">Kapi\u0161onas su rai\u0161teliu<\/strong><\/p>\n<\/li>\n<li data-start=\"724\" data-end=\"782\">\n<p data-start=\"726\" data-end=\"782\"><strong data-start=\"728\" data-end=\"755\">Rankovi\u0173 galai su briaunomis<\/strong>, neleid\u017eian\u010diomis \u0161alti<\/p>\n<\/li>\n<li data-start=\"783\" data-end=\"847\">\n<p data-start=\"785\" data-end=\"847\"><strong data-start=\"788\" data-end=\"813\">Dviej\u0173 kryp\u010di\u0173 u\u017eraktas<\/strong> &#8211; patogu s\u0117dint arba vairuojant automobil\u012f<\/p>\n<\/li>\n<li data-start=\"848\" data-end=\"889\">\n<p data-start=\"850\" data-end=\"889\"><strong data-start=\"853\" data-end=\"887\">\u0160onin\u0117s \u012fsi\u016btos ki\u0161en\u0117s<\/strong><\/p>\n<\/li>\n<li data-start=\"890\" data-end=\"933\">\n<p data-start=\"892\" data-end=\"933\"><strong data-start=\"895\" data-end=\"909\">P\u016bkinis pamu\u0161alas<\/strong> &#8211; \u0161iltas, mink\u0161tas ir lengvas<\/p>\n<\/li>\n<\/ul>\n<hr data-start=\"935\" data-end=\"938\">\n<h2 data-start=\"940\" data-end=\"959\"><strong data-start=\"943\" data-end=\"957\">Med\u017eiagos i\u0161<\/strong><\/h2>\n<ul data-start=\"960\" data-end=\"1067\">\n<li data-start=\"960\" data-end=\"1008\">\n<p data-start=\"962\" data-end=\"1008\">I\u0161orinis audinys: 100% poliesteris (nepraleid\u017eiantis vandens)<\/p>\n<\/li>\n<li data-start=\"1009\" data-end=\"1035\">\n<p data-start=\"1011\" data-end=\"1035\">Pamu\u0161alas: 100% poliesteris<\/p>\n<\/li>\n<li data-start=\"1036\" data-end=\"1067\">\n<p data-start=\"1038\" data-end=\"1067\">U\u017epildas: <strong data-start=\"1046\" data-end=\"1062\">mink\u0161tos plunksnos<\/strong><\/p>\n<\/li>\n<\/ul>\n<hr data-start=\"1069\" data-end=\"1072\">\n<h2 data-start=\"1074\" data-end=\"1098\"><strong data-start=\"1077\" data-end=\"1096\">I\u0161matavimai (XS-XXL)<\/strong><\/h2>\n<p data-start=\"1099\" data-end=\"1258\"><strong data-start=\"1099\" data-end=\"1118\">Kr\u016btin\u0117s apimtis <\/strong> 106, 108, 110, 120, 128, 134 cm<br data-start=\"1150\" data-end=\"1153\"><strong data-start=\"1153\" data-end=\"1170\">Pe\u010di\u0173<\/strong> ilgis 102, 103, 105, 108, 110, 110 cm<br data-start=\"1202\" data-end=\"1205\"> Klub\u0173 apimtis 110, 114, 118, 126, 132, 138 cm<\/p>\n<hr data-start=\"1260\" data-end=\"1263\">\n<h2 data-start=\"1265\" data-end=\"1303\"><strong data-start=\"1268\" data-end=\"1301\">Kaip pasirinkti tinkam\u0105 dyd\u012f?  <\/strong><\/h2>\n<p data-start=\"1304\" data-end=\"1456\">Rekomenduojame rinktis <strong data-start=\"1320\" data-end=\"1357\">savo \u012fprast\u0105 vir\u0161utini\u0173 drabu\u017ei\u0173 dyd\u012f<\/strong> &#8211; modelis puikiai atitinka europieti\u0161kus numerius<br data-start=\"1398\" data-end=\"1401\">Jei dvejojate tarp dviej\u0173 dyd\u017ei\u0173, rinkit\u0117s <strong data-start=\"1444\" data-end=\"1455\">ma\u017eesn\u012f<\/strong>.<\/p>\n<hr data-start=\"1458\" data-end=\"1461\">\n<h2 data-start=\"1463\" data-end=\"1498\"><strong data-start=\"1466\" data-end=\"1496\">Lengvas ir nemokamas keitimas \u2728<\/strong><\/h2>\n<p data-start=\"1499\" data-end=\"1588\">Netinkamas dydis arba spalva? Ne b\u0117da!<br data-start=\"1535\" data-end=\"1538\">Su DPD gr\u0105\u017einimo kodu <strong data-start=\"1561\" data-end=\"1585\">keitimas visada NEMOKAMAS<\/strong>. <\/p>\n<hr data-start=\"1590\" data-end=\"1593\">\n<h2 data-start=\"1595\" data-end=\"1632\"><strong data-start=\"1598\" data-end=\"1630\">Greitas pristatymas  <\/strong><\/h2>\n<ul data-start=\"1633\" data-end=\"1764\">\n<li data-start=\"1633\" data-end=\"1667\">\n<p data-start=\"1635\" data-end=\"1667\">Paltas <strong data-start=\"1645\" data-end=\"1665\">jau yra sand\u0117lyje<\/strong><\/p>\n<\/li>\n<li data-start=\"1668\" data-end=\"1692\">\n<p data-start=\"1670\" data-end=\"1692\">Pristatymo laikas: kelios dienos<\/p>\n<\/li>\n<li data-start=\"1693\" data-end=\"1764\">\n<p data-start=\"1695\" data-end=\"1764\">U\u017esakymai, pateikti darbo dien\u0105 iki 17:00, bus i\u0161si\u0173sti <strong data-start=\"1748\" data-end=\"1764\">t\u0105 pa\u010di\u0105 dien\u0105<\/strong>.<\/p>\n<\/li>\n<\/ul>\n<hr data-start=\"1766\" data-end=\"1769\">\n<h2 data-start=\"1771\" data-end=\"1813\"><strong data-start=\"1774\" data-end=\"1811\">Norite pasimatuoti palt\u0105?  <\/strong><\/h2>\n<p data-start=\"1814\" data-end=\"1914\">Taip pat kvie\u010diame apsilankyti m\u016bs\u0173 sand\u0117lyje<br data-start=\"1840\" data-end=\"1843\"><strong data-start=\"1843\" data-end=\"1876\">Kanarbiku tee 15\/3, J\u00e4rvek\u00fcla<\/strong> (5 min. kelio automobiliu nuo \u00dclemiste centro).<\/p>\n<p data-start=\"1814\" data-end=\"1914\">Prie\u0161 atvykstant \u012f sand\u0117l\u012f, pra\u0161ome paskambinti mums bent prie\u0161 1 valand\u0105 telefonu 51 45 245.<\/p>\n<p>&nbsp;<\/p>\n<div class=\"sc-1886k55-0 gQYEqp\">\n<p>&nbsp;<\/p>\n<\/div>\n<div class=\"sc-1886k55-0 gQYEqp\">\n<p>&nbsp;<\/p>\n<\/div>\n","protected":false},"excerpt":{"rendered":"<p>&#8222;Vero Moda Erica Holly&#8221; moteri\u0161kas \u017eieminis paltas &#8211; \u0161iltas, lengvas ir patogus pasirinkimas Jei ie\u0161kote \u017eieminio palto, kuris b\u016bt\u0173 jaukus ir \u0161iltas, ta\u010diau lengvas ir gero ilgio, &#8222;Erica Holly&#8221; yra puikus pasirinkimas rudens ir \u017eiemos sezonui. To paties palto, kur\u012f pasiuvo klientas, vaizdo \u012fra\u0161\u0105 \u017ei\u016br\u0117kite \u010dia https:\/\/www.facebook.com\/reel\/747283830608846 Kod\u0117l m\u016bs\u0173 klientams patinka &#8222;Vero Moda Erica Holly&#8221; [&hellip;]<\/p>\n","protected":false},"featured_media":264544,"comment_status":"open","ping_status":"closed","template":"","meta":{"_acf_changed":false},"product_brand":[],"product_cat":[300,301],"product_tag":[],"class_list":{"0":"post-264543","1":"product","2":"type-product","3":"status-publish","4":"has-post-thumbnail","6":"product_cat-zieminiai-paltiniai","7":"product_cat-zieminiai-paltukai-iki-60","8":"product_shipping_class-tarneaeg-1-4-paeva","10":"first","11":"instock","12":"sale","13":"taxable","14":"shipping-taxable","15":"purchasable","16":"product-type-variable","17":"has-default-attributes","18":"add-to-wishlist-after_add_to_cart"},"acf":[],"_links":{"self":[{"href":"https:\/\/tellimused.stiilne.ee\/lt\/wp-json\/wp\/v2\/product\/264543","targetHints":{"allow":["GET"]}}],"collection":[{"href":"https:\/\/tellimused.stiilne.ee\/lt\/wp-json\/wp\/v2\/product"}],"about":[{"href":"https:\/\/tellimused.stiilne.ee\/lt\/wp-json\/wp\/v2\/types\/product"}],"replies":[{"embeddable":true,"href":"https:\/\/tellimused.stiilne.ee\/lt\/wp-json\/wp\/v2\/comments?post=264543"}],"wp:featuredmedia":[{"embeddable":true,"href":"https:\/\/tellimused.stiilne.ee\/lt\/wp-json\/wp\/v2\/media\/264544"}],"wp:attachment":[{"href":"https:\/\/tellimused.stiilne.ee\/lt\/wp-json\/wp\/v2\/media?parent=264543"}],"wp:term":[{"taxonomy":"product_brand","embeddable":true,"href":"https:\/\/tellimused.stiilne.ee\/lt\/wp-json\/wp\/v2\/product_brand?post=264543"},{"taxonomy":"product_cat","embeddable":true,"href":"https:\/\/tellimused.stiilne.ee\/lt\/wp-json\/wp\/v2\/product_cat?post=264543"},{"taxonomy":"product_tag","embeddable":true,"href":"https:\/\/tellimused.stiilne.ee\/lt\/wp-json\/wp\/v2\/product_tag?post=264543"}],"curies":[{"name":"wp","href":"https:\/\/api.w.org\/{rel}","templated":true}]}}