{"id":264554,"date":"2026-03-12T15:22:10","date_gmt":"2026-03-12T13:22:10","guid":{"rendered":"https:\/\/tellimused.stiilne.ee\/toode\/treats-bag-naturaalnahast-vaiksem-must-naiste-kaekott-alberte-uudis-kohe-laos\/"},"modified":"2026-04-06T19:48:59","modified_gmt":"2026-04-06T16:48:59","slug":"treats-bag-naturaalnahast-vaiksem-must-naiste-kaekott-alberte-uudis-kohe-laos","status":"publish","type":"product","link":"https:\/\/tellimused.stiilne.ee\/lt\/produktas\/treats-bag-naturaalnahast-vaiksem-must-naiste-kaekott-alberte-uudis-kohe-laos\/","title":{"rendered":"TREATS naturaalnahast must v\u00e4ike naiste k\u00e4ekott Alberte-KOHE LAOS"},"content":{"rendered":"<h1 data-start=\"150\" data-end=\"209\"><strong data-start=\"150\" data-end=\"209\">TREATS naturaalnahast must v\u00e4ike naiste k\u00e4ekott Alberte<\/strong><\/h1>\n<p data-start=\"224\" data-end=\"273\">Ajatu ja elegantne v\u00e4ike k\u00e4ekott igaks olukorraks<\/p>\n<p data-start=\"275\" data-end=\"539\">Klassikalise disainiga <strong data-start=\"298\" data-end=\"332\">naturaalnahast v\u00e4iksem k\u00e4ekott<\/strong> on ideaalne valik naisele, kes hindab lihtsust, kvaliteeti ja stiili. T\u00e4nu oma minimalistlikule v\u00e4limusele sobitub see must naiste k\u00e4ekott kergesti nii igap\u00e4evase riietuse kui ka pidulikuma outfit\u2019i juurde.<\/p>\n<p data-start=\"541\" data-end=\"643\">See <strong data-start=\"545\" data-end=\"566\">kompaktne \u00f5lakott<\/strong> on suurep\u00e4rane kaaslane nii linnas liikumiseks kui ka \u00f5htusteks s\u00fcndmusteks.<\/p>\n<p data-start=\"658\" data-end=\"711\">Ideaalne teatri, kontserdi ja pidulike \u00fcrituste jaoks<\/p>\n<p data-start=\"713\" data-end=\"833\">Kui otsid elegantset ja v\u00e4ikest k\u00e4ekotti, mis t\u00e4iendab sinu v\u00e4limust, siis <strong data-start=\"788\" data-end=\"814\">TREATS Alberte k\u00e4ekott<\/strong> on v\u00e4ga hea valik.<\/p>\n<p data-start=\"835\" data-end=\"856\">See sobib ideaalselt<\/p>\n<ul data-start=\"857\" data-end=\"955\">\n<li data-section-id=\"p1weya\" data-start=\"857\" data-end=\"870\">teatrisse<\/li>\n<li data-section-id=\"aye8uu\" data-start=\"871\" data-end=\"886\">kontserdile<\/li>\n<li data-section-id=\"f9sulk\" data-start=\"887\" data-end=\"910\">peole v\u00f5i \u00fcritusele<\/li>\n<li data-section-id=\"1e9d1ya\" data-start=\"911\" data-end=\"955\">minimalistlikuks igap\u00e4evaseks kasutuseks<\/li>\n<\/ul>\n<p data-start=\"970\" data-end=\"1018\">Kvaliteetne naturaalnahk ja l\u00e4bim\u00f5eldud detailid<\/p>\n<p data-start=\"1020\" data-end=\"1119\">K\u00e4ekott on valmistatud kvaliteetsest <strong data-start=\"1057\" data-end=\"1075\">naturaalnahast<\/strong>, mis tagab vastupidavuse ja ajatu v\u00e4limuse.<\/p>\n<h2 data-start=\"1130\" data-end=\"1150\"><strong>Olulisemad omadused<\/strong><\/h2>\n<ul data-start=\"1151\" data-end=\"1326\">\n<li data-section-id=\"nmjqst\" data-start=\"1151\" data-end=\"1180\">Materjal naturaalne nahk<\/li>\n<li data-section-id=\"1c2yln0\" data-start=\"1181\" data-end=\"1203\">Valmistatud Indias<\/li>\n<li data-section-id=\"shzhd5\" data-start=\"1204\" data-end=\"1235\">Pealt suletav kuldse lukuga<\/li>\n<li data-section-id=\"wip3xi\" data-start=\"1236\" data-end=\"1265\">Reguleeritav pikk \u00f5larihm<\/li>\n<li data-section-id=\"84sc8i\" data-start=\"1266\" data-end=\"1326\">2 sisetaskut:\n<ul data-start=\"1286\" data-end=\"1326\">\n<li data-section-id=\"d94igi\" data-start=\"1286\" data-end=\"1305\">1 lahtine tasku<\/li>\n<li data-section-id=\"hxy4g\" data-start=\"1308\" data-end=\"1326\">1 lukuga tasku<\/li>\n<\/ul>\n<\/li>\n<\/ul>\n<p data-start=\"1341\" data-end=\"1373\">Mahukas ja praktiline v\u00e4ike kott.Kuigi tegemist on v\u00e4iksema k\u00e4ekotiga, mahutab see k\u00f5ik vajaliku<\/p>\n<h2 data-start=\"1450\" data-end=\"1467\"><strong>Mis kotti mahub?<\/strong><\/h2>\n<ul data-start=\"1468\" data-end=\"1540\">\n<li data-section-id=\"qpyxee\" data-start=\"1468\" data-end=\"1480\">rahakott<\/li>\n<li data-section-id=\"3lnayj\" data-start=\"1481\" data-end=\"1498\">mobiiltelefon<\/li>\n<li data-section-id=\"1fm6i1f\" data-start=\"1499\" data-end=\"1509\">v\u00f5tmed<\/li>\n<li data-section-id=\"9m0tai\" data-start=\"1510\" data-end=\"1540\">v\u00e4iksemad kosmeetikatooted<\/li>\n<\/ul>\n<h2 data-start=\"1555\" data-end=\"1569\"><strong>K\u00e4ekoti m\u00f5\u00f5dud<\/strong><\/h2>\n<ul data-start=\"1571\" data-end=\"1623\">\n<li data-section-id=\"lw5rpv\" data-start=\"1571\" data-end=\"1588\">K\u00f5rgus: 13 cm<\/li>\n<li data-section-id=\"10h1qc6\" data-start=\"1589\" data-end=\"1605\">Laius: 19 cm<\/li>\n<li data-section-id=\"cuqzoy\" data-start=\"1606\" data-end=\"1623\">S\u00fcgavus: 7 cm<\/li>\n<\/ul>\n<p data-start=\"1638\" data-end=\"1668\">Kiire tarne \u2013 kohe laos olemas<\/p>\n<p data-start=\"1670\" data-end=\"1746\">K\u00e4ekott on <strong data-start=\"1681\" data-end=\"1701\">kohe laos olemas<\/strong>, mis t\u00e4hendab, et saad selle kiiresti k\u00e4tte.<\/p>\n<ul data-start=\"1768\" data-end=\"1918\">\n<li data-section-id=\"gpqpj0\" data-start=\"1768\" data-end=\"1837\">T\u00f6\u00f6p\u00e4eviti enne kella 17 tehtud tellimused postitame samal p\u00e4eval<\/li>\n<li data-section-id=\"1r5fo7o\" data-start=\"1838\" data-end=\"1918\">Pakk j\u00f5uab tavaliselt pakiautomaati <strong data-start=\"1876\" data-end=\"1916\">j\u00e4rgmiseks v\u00f5i \u00fclej\u00e4rgmiseks p\u00e4evaks<\/strong><\/li>\n<\/ul>\n<p data-start=\"1933\" data-end=\"1965\">V\u00f5imalus tulla kohapeale vaatama<\/p>\n<p data-start=\"1967\" data-end=\"2031\">Soovi korral saad k\u00e4ekotti ka oma silmaga n\u00e4ha ja kohapeal osta<\/p>\n<p data-start=\"2033\" data-end=\"2121\">  Kanarbiku tee 15\/3, J\u00e4rvek\u00fcla<br data-start=\"2065\" data-end=\"2068\" \/>(vaid 10 minuti autos\u00f5idu kaugusel \u00dclemiste Keskusest)<\/p>\n<p data-start=\"2136\" data-end=\"2181\">Miks valida see naturaalnahast v\u00e4ike k\u00e4ekott?<\/p>\n<p data-start=\"2183\" data-end=\"2361\">Kui otsid <strong data-start=\"2193\" data-end=\"2256\">stiilset, kvaliteetset ja praktilist v\u00e4ikest musta k\u00e4ekotti<\/strong>, mis sobib nii igap\u00e4evaseks kandmiseks kui ka pidulikeks hetkedeks, siis TREATS Alberte on kindel valik.<\/p>\n<p>&nbsp;<\/p>\n","protected":false},"excerpt":{"rendered":"<p>TREATS naturaalnahast must v\u00e4ike naiste k\u00e4ekott Alberte Ajatu ja elegantne v\u00e4ike k\u00e4ekott igaks olukorraks Klassikalise disainiga naturaalnahast v\u00e4iksem k\u00e4ekott on ideaalne valik naisele, kes hindab lihtsust, kvaliteeti ja stiili. T\u00e4nu oma minimalistlikule v\u00e4limusele sobitub see must naiste k\u00e4ekott kergesti nii igap\u00e4evase riietuse kui ka pidulikuma outfit\u2019i juurde. See kompaktne \u00f5lakott on suurep\u00e4rane kaaslane nii linnas [&hellip;]<\/p>\n","protected":false},"featured_media":264555,"comment_status":"open","ping_status":"closed","template":"","meta":{"_acf_changed":false},"product_brand":[],"product_cat":[319,325],"product_tag":[],"class_list":{"0":"post-264554","1":"product","2":"type-product","3":"status-publish","4":"has-post-thumbnail","6":"product_cat-dovanos-moterims","7":"product_cat-mazesnes-rankines","8":"product_shipping_class-tarneaeg-1-4-paeva","10":"first","11":"instock","12":"sale","13":"taxable","14":"shipping-taxable","15":"purchasable","16":"product-type-variable","17":"has-default-attributes","18":"add-to-wishlist-after_add_to_cart"},"acf":[],"_links":{"self":[{"href":"https:\/\/tellimused.stiilne.ee\/lt\/wp-json\/wp\/v2\/product\/264554","targetHints":{"allow":["GET"]}}],"collection":[{"href":"https:\/\/tellimused.stiilne.ee\/lt\/wp-json\/wp\/v2\/product"}],"about":[{"href":"https:\/\/tellimused.stiilne.ee\/lt\/wp-json\/wp\/v2\/types\/product"}],"replies":[{"embeddable":true,"href":"https:\/\/tellimused.stiilne.ee\/lt\/wp-json\/wp\/v2\/comments?post=264554"}],"wp:featuredmedia":[{"embeddable":true,"href":"https:\/\/tellimused.stiilne.ee\/lt\/wp-json\/wp\/v2\/media\/264555"}],"wp:attachment":[{"href":"https:\/\/tellimused.stiilne.ee\/lt\/wp-json\/wp\/v2\/media?parent=264554"}],"wp:term":[{"taxonomy":"product_brand","embeddable":true,"href":"https:\/\/tellimused.stiilne.ee\/lt\/wp-json\/wp\/v2\/product_brand?post=264554"},{"taxonomy":"product_cat","embeddable":true,"href":"https:\/\/tellimused.stiilne.ee\/lt\/wp-json\/wp\/v2\/product_cat?post=264554"},{"taxonomy":"product_tag","embeddable":true,"href":"https:\/\/tellimused.stiilne.ee\/lt\/wp-json\/wp\/v2\/product_tag?post=264554"}],"curies":[{"name":"wp","href":"https:\/\/api.w.org\/{rel}","templated":true}]}}