{"id":264557,"date":"2026-03-12T15:22:10","date_gmt":"2026-03-12T13:22:10","guid":{"rendered":"https:\/\/tellimused.stiilne.ee\/toode\/treats-bag-naturaalnahast-must-naiste-uleola-kott-alicia-uudis-kohe-laos\/"},"modified":"2026-04-07T11:08:02","modified_gmt":"2026-04-07T08:08:02","slug":"treats-bag-juoda-moteriska-naturalios-odos-rankine-alicia-udis-kohe-laos","status":"publish","type":"product","link":"https:\/\/tellimused.stiilne.ee\/lt\/produktas\/treats-bag-juoda-moteriska-naturalios-odos-rankine-alicia-udis-kohe-laos\/","title":{"rendered":"TREATS BAG juoda moteri\u0161ka nat\u016bralios odos rankin\u0117 Alicia-NAUJIENOS-DABAR TURIME"},"content":{"rendered":"<h3 data-start=\"77\" data-end=\"142\">Moteri\u0161ka nat\u016bralios odos rankin\u0117 &#8211; klasikinis ir nesenstantis pasirinkimas<\/h3>\n<p data-start=\"144\" data-end=\"385\">Klasikinio dizaino <strong data-start=\"167\" data-end=\"200\">nat\u016bralios odos moteri\u0161ka rankin\u0117<\/strong> puikiai tinka kasdieniam naudojimui. D\u0117l paprastos ir stilingos i\u0161vaizdos \u0161i rankin\u0117 yra universalus aksesuaras darbui, i\u0161vykoms \u012f miest\u0105 ar oficialiai aprangai.<\/p>\n<p data-start=\"387\" data-end=\"626\">Rankin\u0117 pagaminta i\u0161 auk\u0161tos kokyb\u0117s <strong data-start=\"421\" data-end=\"446\">nat\u016bralios odos Indijoje<\/strong>, tod\u0117l yra patvari ir eleganti\u0161ka. Rankin\u0117s vir\u0161us u\u017esegamas u\u017etrauktuku, o priekyje yra dvi patogios papildomos ki\u0161en\u0117s su u\u017etrauktukais, kad b\u016bt\u0173 galima greitai pasiekti b\u016btiniausius daiktus.<\/p>\n<p data-start=\"628\" data-end=\"641\"><strong data-start=\"628\" data-end=\"639\">Matmenys:<\/strong><\/p>\n<ul data-start=\"642\" data-end=\"696\">\n<li data-start=\"642\" data-end=\"659\">\n<p data-start=\"644\" data-end=\"659\">Auk\u0161tis: 24 cm<\/p>\n<\/li>\n<li data-start=\"660\" data-end=\"678\">\n<p data-start=\"662\" data-end=\"678\">Plotis: 20,5 cm<\/p>\n<\/li>\n<li data-start=\"679\" data-end=\"696\">\n<p data-start=\"681\" data-end=\"696\">Gylis: 4 cm<\/p>\n<\/li>\n<\/ul>\n<p data-start=\"698\" data-end=\"957\">Rankin\u0117je telpa pinigin\u0117, mobilusis telefonas, raktai ir smulkesni kosmetiniai daiktai. Taip pat yra atskira u\u017etrauktuku u\u017esegama vidin\u0117 ki\u0161en\u0117. Ilgas dir\u017eas per pet\u012f yra reguliuojamas, tod\u0117l rankin\u0119 galima ne\u0161ioti per pet\u012f arba kry\u017emai, kad b\u016bt\u0173 patogu naudoti kasdien.<\/p>\n<p data-start=\"959\" data-end=\"1188\"><strong data-start=\"959\" data-end=\"981\">Pristatymas ir prieinamumas:<\/strong><br data-start=\"981\" data-end=\"984\" \/>Rankin\u0117 yra sand\u0117lyje ir bus pristatyta greitai &#8211; u\u017esakymai, pateikti darbo dien\u0105 iki 17 val., bus i\u0161si\u0173sti t\u0105 pa\u010di\u0105 dien\u0105. Paprastai siuntinys \u012f siunt\u0173 automat\u0105 atkeliauja kit\u0105 arba dar kit\u0105 dien\u0105.<\/p>\n<p data-start=\"1190\" data-end=\"1349\">Jei pageidaujate, rankin\u0119 taip pat galite ap\u017ei\u016br\u0117ti ir \u012fsigyti tiesiai i\u0161 m\u016bs\u0173 sand\u0117lio, esan\u010dio <strong data-start=\"1259\" data-end=\"1292\">Kanarbiku tee 15\/3, J\u00e4rvek\u00fcla<\/strong> (vos u\u017e 5 minu\u010di\u0173 kelio automobiliu nuo \u00dclemiste centro).<\/p>\n<p>&nbsp;<\/p>\n","protected":false},"excerpt":{"rendered":"<p>Moteri\u0161ka nat\u016bralios odos rankin\u0117 &#8211; klasikinis ir nesenstantis pasirinkimas Klasikinio dizaino nat\u016bralios odos moteri\u0161ka rankin\u0117 puikiai tinka kasdieniam naudojimui. D\u0117l paprastos ir stilingos i\u0161vaizdos \u0161i rankin\u0117 yra universalus aksesuaras darbui, i\u0161vykoms \u012f miest\u0105 ar oficialiai aprangai. Rankin\u0117 pagaminta i\u0161 auk\u0161tos kokyb\u0117s nat\u016bralios odos Indijoje, tod\u0117l yra patvari ir eleganti\u0161ka. Rankin\u0117s vir\u0161us u\u017esegamas u\u017etrauktuku, o priekyje [&hellip;]<\/p>\n","protected":false},"featured_media":264558,"comment_status":"open","ping_status":"closed","template":"","meta":{"_acf_changed":false},"product_brand":[],"product_cat":[325],"product_tag":[],"class_list":{"0":"post-264557","1":"product","2":"type-product","3":"status-publish","4":"has-post-thumbnail","6":"product_cat-mazesnes-rankines","7":"product_shipping_class-tarneaeg-1-4-paeva","9":"first","10":"instock","11":"sale","12":"taxable","13":"shipping-taxable","14":"purchasable","15":"product-type-variable","16":"has-default-attributes","17":"add-to-wishlist-after_add_to_cart"},"acf":[],"_links":{"self":[{"href":"https:\/\/tellimused.stiilne.ee\/lt\/wp-json\/wp\/v2\/product\/264557","targetHints":{"allow":["GET"]}}],"collection":[{"href":"https:\/\/tellimused.stiilne.ee\/lt\/wp-json\/wp\/v2\/product"}],"about":[{"href":"https:\/\/tellimused.stiilne.ee\/lt\/wp-json\/wp\/v2\/types\/product"}],"replies":[{"embeddable":true,"href":"https:\/\/tellimused.stiilne.ee\/lt\/wp-json\/wp\/v2\/comments?post=264557"}],"wp:featuredmedia":[{"embeddable":true,"href":"https:\/\/tellimused.stiilne.ee\/lt\/wp-json\/wp\/v2\/media\/264558"}],"wp:attachment":[{"href":"https:\/\/tellimused.stiilne.ee\/lt\/wp-json\/wp\/v2\/media?parent=264557"}],"wp:term":[{"taxonomy":"product_brand","embeddable":true,"href":"https:\/\/tellimused.stiilne.ee\/lt\/wp-json\/wp\/v2\/product_brand?post=264557"},{"taxonomy":"product_cat","embeddable":true,"href":"https:\/\/tellimused.stiilne.ee\/lt\/wp-json\/wp\/v2\/product_cat?post=264557"},{"taxonomy":"product_tag","embeddable":true,"href":"https:\/\/tellimused.stiilne.ee\/lt\/wp-json\/wp\/v2\/product_tag?post=264557"}],"curies":[{"name":"wp","href":"https:\/\/api.w.org\/{rel}","templated":true}]}}