{"id":264560,"date":"2026-03-12T15:18:22","date_gmt":"2026-03-12T13:18:22","guid":{"rendered":"https:\/\/tellimused.stiilne.ee\/toode\/tamaris-naturaalnahast-korvalt-lukuga-stiilsed-mustad-naiste-tanksaapad-kohe-laos-38-ja-40sobib-ka-numbrile-41-hea-hind\/"},"modified":"2026-04-07T11:07:59","modified_gmt":"2026-04-07T08:07:59","slug":"tamaris-natural-leather-moteriski-stilingi-juodi-batai-su-soniniu-uztrauktuku-isparduoti-38-ir-40-tinka-ir-41-dydziui-gera-kaina","status":"publish","type":"product","link":"https:\/\/tellimused.stiilne.ee\/lt\/produktas\/tamaris-natural-leather-moteriski-stilingi-juodi-batai-su-soniniu-uztrauktuku-isparduoti-38-ir-40-tinka-ir-41-dydziui-gera-kaina\/","title":{"rendered":"TAMARIS NATURAL LEATHER moteri\u0161ki stilingi juodi batai su \u0161oniniu u\u017etrauktuku &#8211; I\u0160PARDUOTI 38 ir 40 (tinka ir 41 dyd\u017eiui) &#8211; GERA KAINA"},"content":{"rendered":"<p>&nbsp;<\/p>\n<p>Stilingai \u0161var\u016bs &#8222;Tamaris&#8221; batai &#8211; tai puik\u016bs batai \u012fvairaus am\u017eiaus moterims rudens ir \u017eiemos sezonui. Batai turi patog\u0173 \u017eem\u0105 kulniuk\u0105, tod\u0117l tinka ir jaunesn\u0117ms, ir vyresnio am\u017eiaus moterims. Viduje yra patogus atidaromas u\u017etrauktukas, kuriuo lengva batus apsiauti. vidus i\u0161klotas ma\u017eo plauko tekstil\u0117s med\u017eiaga, o nuostabus &#8222;Touch It&#8221; pamink\u0161tintas putplas\u010dio vidpadis prisitaiko prie p\u0117dos formos, kad b\u016bt\u0173 maksimaliai patogus. Guminis ir ra\u0161tuotas padas u\u017etikrina ger\u0105 sukibim\u0105 su pavir\u0161iumi net lietingu ir slid\u017eiu oru.   <\/p>\n<p>Stilingi nat\u016bralios odos &#8222;Tamaris&#8221; batai su kulnu &#8211; geriausias pasirinkimas rudens-\u017eiemos sezonui, nes juos lengva av\u0117ti prie d\u017eins\u0173 ar sukneli\u0173, juos lengva derinti prie \u012fvairi\u0173 drabu\u017ei\u0173.Papildomas privalumas &#8211; nat\u016bralios nat\u016bralios odos med\u017eiaga, kuri eidama prisitaiko prie p\u0117dos formos.<\/p>\n<p>&#8222;Tamaris&#8221; batai funkcijos<\/p>\n<ul>\n<li>Med\u017eiaga nat\u016brali oda<\/li>\n<li>Vidin\u0117 bat\u0173 med\u017eiaga tekstil\u0117<\/li>\n<li>U\u017esegamas u\u017eraktu \u0161one ir virvel\u0117mis vir\u0161uje<\/li>\n<li>Tinka d\u0117v\u0117ti ruden\u012f, \u017eiem\u0105 ir pavasar\u012f<\/li>\n<li>Klasikinis dizainas, kur\u012f lengva priderinti prie kelni\u0173 ar sukneli\u0173.<\/li>\n<li>Kojos ilgis su kulnu &#8211; 14,5 cm<\/li>\n<li>3 cm kulno auk\u0161tis &#8211; net ir ilgiau ne\u0161iojant nepavargsta kojos<\/li>\n<\/ul>\n<p>&#8222;Tamaris&#8221; bat\u0173 vidpad\u017ei\u0173 matmenys<\/p>\n<p>38-24 cm<\/p>\n<p>40-26 cm<\/p>\n<p><strong>&#8222;Tamaris&#8221; batai jau yra sand\u0117lyje &#8211; pristatymas per kelias dienas.<\/strong><\/p>\n<p>Jei norite, batus taip pat galite i\u0161bandyti ir nusipirkti tiesiogiai m\u016bs\u0173 sand\u0117lyje Kanarbiku tee 15\/3, J\u00e4rvek\u00fcla, darbo dienomis nuo 12.00 iki 17.00 val.<\/p>\n<p>&nbsp;<\/p>\n","protected":false},"excerpt":{"rendered":"<p>&nbsp; Stilingai \u0161var\u016bs &#8222;Tamaris&#8221; batai &#8211; tai puik\u016bs batai \u012fvairaus am\u017eiaus moterims rudens ir \u017eiemos sezonui. Batai turi patog\u0173 \u017eem\u0105 kulniuk\u0105, tod\u0117l tinka ir jaunesn\u0117ms, ir vyresnio am\u017eiaus moterims. Viduje yra patogus atidaromas u\u017etrauktukas, kuriuo lengva batus apsiauti. vidus i\u0161klotas ma\u017eo plauko tekstil\u0117s med\u017eiaga, o nuostabus &#8222;Touch It&#8221; pamink\u0161tintas putplas\u010dio vidpadis prisitaiko prie p\u0117dos formos, [&hellip;]<\/p>\n","protected":false},"featured_media":264561,"comment_status":"open","ping_status":"closed","template":"","meta":{"_acf_changed":false},"product_brand":[],"product_cat":[321,380,381],"product_tag":[],"class_list":{"0":"post-264560","1":"product","2":"type-product","3":"status-publish","4":"has-post-thumbnail","6":"product_cat-moterims","7":"product_cat-moteriski-batai","8":"product_cat-pusbatai","9":"product_shipping_class-tarneaeg-1-4-paeva","11":"first","12":"instock","13":"sale","14":"taxable","15":"shipping-taxable","16":"purchasable","17":"product-type-variable","18":"has-default-attributes","19":"add-to-wishlist-after_add_to_cart"},"acf":[],"_links":{"self":[{"href":"https:\/\/tellimused.stiilne.ee\/lt\/wp-json\/wp\/v2\/product\/264560","targetHints":{"allow":["GET"]}}],"collection":[{"href":"https:\/\/tellimused.stiilne.ee\/lt\/wp-json\/wp\/v2\/product"}],"about":[{"href":"https:\/\/tellimused.stiilne.ee\/lt\/wp-json\/wp\/v2\/types\/product"}],"replies":[{"embeddable":true,"href":"https:\/\/tellimused.stiilne.ee\/lt\/wp-json\/wp\/v2\/comments?post=264560"}],"wp:featuredmedia":[{"embeddable":true,"href":"https:\/\/tellimused.stiilne.ee\/lt\/wp-json\/wp\/v2\/media\/264561"}],"wp:attachment":[{"href":"https:\/\/tellimused.stiilne.ee\/lt\/wp-json\/wp\/v2\/media?parent=264560"}],"wp:term":[{"taxonomy":"product_brand","embeddable":true,"href":"https:\/\/tellimused.stiilne.ee\/lt\/wp-json\/wp\/v2\/product_brand?post=264560"},{"taxonomy":"product_cat","embeddable":true,"href":"https:\/\/tellimused.stiilne.ee\/lt\/wp-json\/wp\/v2\/product_cat?post=264560"},{"taxonomy":"product_tag","embeddable":true,"href":"https:\/\/tellimused.stiilne.ee\/lt\/wp-json\/wp\/v2\/product_tag?post=264560"}],"curies":[{"name":"wp","href":"https:\/\/api.w.org\/{rel}","templated":true}]}}