{"id":264591,"date":"2026-03-12T15:15:27","date_gmt":"2026-03-12T13:15:27","guid":{"rendered":"https:\/\/tellimused.stiilne.ee\/toode\/madala-kontsaga-korvalt-lukuga-naiste-mustad-poolsaapad-suurusele-39-kohe-laos-viimased\/"},"modified":"2026-04-07T11:07:59","modified_gmt":"2026-04-07T08:07:59","slug":"moteriski-juodi-zemakulniai-batai-su-soniniu-uztrauktuku-39-dydzio-naudojame-sezonu-seven","status":"publish","type":"product","link":"https:\/\/tellimused.stiilne.ee\/lt\/produktas\/moteriski-juodi-zemakulniai-batai-su-soniniu-uztrauktuku-39-dydzio-naudojame-sezonu-seven\/","title":{"rendered":"Moteri\u0161ki juodi \u017eemakulniai batai su \u0161oniniu u\u017etrauktuku 39 dyd\u017eio &#8211; NAUDOJAME SEZON\u0172 SEVEN"},"content":{"rendered":"<p>Bat\u0173 med\u017eiaga: zom\u0161a<\/p>\n<p>Kulno auk\u0161tis geras patogus-5 cm<\/p>\n<p>Bat\u0173 u\u017esegimas u\u017etrauktuku \u0161one ir rai\u0161teliais vir\u0161uje<\/p>\n<p>Tinka rudens-\u017eiemos sezonui.<\/p>\n<p>Batai dabar yra sand\u0117lyje- pristatymo laikas kelios dienos.<\/p>\n","protected":false},"excerpt":{"rendered":"<p>Bat\u0173 med\u017eiaga: zom\u0161a Kulno auk\u0161tis geras patogus-5 cm Bat\u0173 u\u017esegimas u\u017etrauktuku \u0161one ir rai\u0161teliais vir\u0161uje Tinka rudens-\u017eiemos sezonui. Batai dabar yra sand\u0117lyje- pristatymo laikas kelios dienos.<\/p>\n","protected":false},"featured_media":264592,"comment_status":"open","ping_status":"closed","template":"","meta":{"_acf_changed":false},"product_brand":[],"product_cat":[381],"product_tag":[],"class_list":{"0":"post-264591","1":"product","2":"type-product","3":"status-publish","4":"has-post-thumbnail","6":"product_cat-pusbatai","7":"product_shipping_class-tarneaeg-1-4-paeva","9":"first","10":"instock","11":"sale","12":"taxable","13":"shipping-taxable","14":"purchasable","15":"product-type-variable","16":"has-default-attributes","17":"add-to-wishlist-after_add_to_cart"},"acf":[],"_links":{"self":[{"href":"https:\/\/tellimused.stiilne.ee\/lt\/wp-json\/wp\/v2\/product\/264591","targetHints":{"allow":["GET"]}}],"collection":[{"href":"https:\/\/tellimused.stiilne.ee\/lt\/wp-json\/wp\/v2\/product"}],"about":[{"href":"https:\/\/tellimused.stiilne.ee\/lt\/wp-json\/wp\/v2\/types\/product"}],"replies":[{"embeddable":true,"href":"https:\/\/tellimused.stiilne.ee\/lt\/wp-json\/wp\/v2\/comments?post=264591"}],"wp:featuredmedia":[{"embeddable":true,"href":"https:\/\/tellimused.stiilne.ee\/lt\/wp-json\/wp\/v2\/media\/264592"}],"wp:attachment":[{"href":"https:\/\/tellimused.stiilne.ee\/lt\/wp-json\/wp\/v2\/media?parent=264591"}],"wp:term":[{"taxonomy":"product_brand","embeddable":true,"href":"https:\/\/tellimused.stiilne.ee\/lt\/wp-json\/wp\/v2\/product_brand?post=264591"},{"taxonomy":"product_cat","embeddable":true,"href":"https:\/\/tellimused.stiilne.ee\/lt\/wp-json\/wp\/v2\/product_cat?post=264591"},{"taxonomy":"product_tag","embeddable":true,"href":"https:\/\/tellimused.stiilne.ee\/lt\/wp-json\/wp\/v2\/product_tag?post=264591"}],"curies":[{"name":"wp","href":"https:\/\/api.w.org\/{rel}","templated":true}]}}