{"id":264619,"date":"2026-03-12T15:12:00","date_gmt":"2026-03-12T13:12:00","guid":{"rendered":"https:\/\/tellimused.stiilne.ee\/toode\/vero-moda-must-avara-loikega-pikk-kapuutsiga-dresskleit-saija-kohe-laos\/"},"modified":"2026-04-07T11:07:57","modified_gmt":"2026-04-07T08:07:57","slug":"vero-moda-juoda-ilga-megztine-suknele-su-gobtuvu-ir-placiu-kirpimu-saija-kohe-laos","status":"publish","type":"product","link":"https:\/\/tellimused.stiilne.ee\/lt\/produktas\/vero-moda-juoda-ilga-megztine-suknele-su-gobtuvu-ir-placiu-kirpimu-saija-kohe-laos\/","title":{"rendered":"VERO MODA juoda ilga megztin\u0117 suknel\u0117 su gobtuvu ir pla\u010diu kirpimu Saija-DABAR TURIME"},"content":{"rendered":"<p data-start=\"116\" data-end=\"203\"><strong data-start=\"116\" data-end=\"203\">&#8222;Vero Moda Saija&#8221; ilga palaidin\u0117 suknel\u0117 su ki\u0161en\u0117mis &#8211; patogi ir stilinga kasdieniam d\u0117v\u0117jimui<\/strong><\/p>\n<p data-start=\"205\" data-end=\"458\">&#8222;Vero Moda Saija&#8221; ilga palaidin\u0117s suknel\u0117 &#8211; puikus pasirinkimas patogum\u0105, \u0161ilum\u0105 ir am\u017ein\u0105 stili\u0173 vertinan\u010diai moteriai. Didelio dyd\u017eio kirpimo ir laisvo silueto suknel\u0117 puikiai tinka darbui, pramogoms ar namams &#8211; viena suknel\u0117, kelios galimyb\u0117s.<\/p>\n<p data-start=\"460\" data-end=\"759\">Ilgesnis suknel\u0117s kirpimas ir ilgos rankov\u0117s suteikia papildomos \u0161ilumos v\u0117sesn\u0117mis rudens ir \u017eiemos dienomis, o d\u0117l mink\u0161tos medviln\u0117s med\u017eiagos j\u0105 itin patogu d\u0117v\u0117ti vis\u0105 dien\u0105. Gobtuvas ir dvi prakti\u0161kos ki\u0161en\u0117s suteikia suknelei sportinio charakterio ir suteikia kasdienio patogumo.<\/p>\n<p data-start=\"761\" data-end=\"914\">Didelio dyd\u017eio sukirpimas u\u017etikrina laisv\u0105 ir mading\u0105 d\u0117v\u0117jim\u0105. Jei pageidaujate labiau prigludusio prie k\u016bno, rekomenduojame suma\u017einti dyd\u012f.<\/p>\n<p data-start=\"916\" data-end=\"1138\">\u2714 Patogi ilga palaidin\u0117s suknel\u0117 rudens-\u017eiemos sezonui<br data-start=\"963\" data-end=\"966\" \/>\u2714 Tinka d\u0117v\u0117ti darbe, laisvalaikiu ir namuose<br data-start=\"1010\" data-end=\"1013\" \/>\u2714 Kapi\u0161onas ir dvi ki\u0161en\u0117s suteikia papildomo komforto<br data-start=\"1052\" data-end=\"1055\" \/>\u2714 Oversized kirpimas, laisvai krentantis siluetas<br data-start=\"1095\" data-end=\"1098\" \/>\u2714 Med\u017eiaga: 69 % medviln\u0117, 31 % poliesteris<\/p>\n<p data-start=\"1140\" data-end=\"1296\">&#8222;Vero Moda Saija&#8221; suknel\u0117 <strong data-start=\"1170\" data-end=\"1190\">yra sand\u0117lyje<\/strong> ir \u012f j\u016bs\u0173 siunt\u0173 skyri\u0173 atkeliaus per kelias dienas &#8211; prakti\u0161kas ir stilingas pasirinkimas kasdieniam d\u0117v\u0117jimui.<\/p>\n<hr data-start=\"1298\" data-end=\"1301\" \/>\n<p>&nbsp;<\/p>\n","protected":false},"excerpt":{"rendered":"<p>&#8222;Vero Moda Saija&#8221; ilga palaidin\u0117 suknel\u0117 su ki\u0161en\u0117mis &#8211; patogi ir stilinga kasdieniam d\u0117v\u0117jimui &#8222;Vero Moda Saija&#8221; ilga palaidin\u0117s suknel\u0117 &#8211; puikus pasirinkimas patogum\u0105, \u0161ilum\u0105 ir am\u017ein\u0105 stili\u0173 vertinan\u010diai moteriai. Didelio dyd\u017eio kirpimo ir laisvo silueto suknel\u0117 puikiai tinka darbui, pramogoms ar namams &#8211; viena suknel\u0117, kelios galimyb\u0117s. Ilgesnis suknel\u0117s kirpimas ir ilgos rankov\u0117s suteikia [&hellip;]<\/p>\n","protected":false},"featured_media":264620,"comment_status":"open","ping_status":"closed","template":"","meta":{"_acf_changed":false},"product_brand":[],"product_cat":[363,295],"product_tag":[],"class_list":{"0":"post-264619","1":"product","2":"type-product","3":"status-publish","4":"has-post-thumbnail","6":"product_cat-vero-moda-kelnes","7":"product_cat-moteriski-megztiniai-marskineliai","8":"product_shipping_class-tarneaeg-1-4-paeva","10":"first","11":"instock","12":"sale","13":"taxable","14":"shipping-taxable","15":"purchasable","16":"product-type-variable","17":"has-default-attributes","18":"add-to-wishlist-after_add_to_cart"},"acf":[],"_links":{"self":[{"href":"https:\/\/tellimused.stiilne.ee\/lt\/wp-json\/wp\/v2\/product\/264619","targetHints":{"allow":["GET"]}}],"collection":[{"href":"https:\/\/tellimused.stiilne.ee\/lt\/wp-json\/wp\/v2\/product"}],"about":[{"href":"https:\/\/tellimused.stiilne.ee\/lt\/wp-json\/wp\/v2\/types\/product"}],"replies":[{"embeddable":true,"href":"https:\/\/tellimused.stiilne.ee\/lt\/wp-json\/wp\/v2\/comments?post=264619"}],"wp:featuredmedia":[{"embeddable":true,"href":"https:\/\/tellimused.stiilne.ee\/lt\/wp-json\/wp\/v2\/media\/264620"}],"wp:attachment":[{"href":"https:\/\/tellimused.stiilne.ee\/lt\/wp-json\/wp\/v2\/media?parent=264619"}],"wp:term":[{"taxonomy":"product_brand","embeddable":true,"href":"https:\/\/tellimused.stiilne.ee\/lt\/wp-json\/wp\/v2\/product_brand?post=264619"},{"taxonomy":"product_cat","embeddable":true,"href":"https:\/\/tellimused.stiilne.ee\/lt\/wp-json\/wp\/v2\/product_cat?post=264619"},{"taxonomy":"product_tag","embeddable":true,"href":"https:\/\/tellimused.stiilne.ee\/lt\/wp-json\/wp\/v2\/product_tag?post=264619"}],"curies":[{"name":"wp","href":"https:\/\/api.w.org\/{rel}","templated":true}]}}