{"id":264641,"date":"2026-03-12T15:11:23","date_gmt":"2026-03-12T13:11:23","guid":{"rendered":"https:\/\/tellimused.stiilne.ee\/toode\/stiilne-must-taskutega-pusakleit-punane-marmor-kohe-laos-suurus-m-teised-suurused-tellimisel\/"},"modified":"2026-04-07T11:07:58","modified_gmt":"2026-04-07T08:07:58","slug":"stilinga-juoda-palaidinuke-su-kisenemis-red-marble-sandelyje-yra-m-dydzio-kiti-dydziai-uzsakant","status":"publish","type":"product","link":"https:\/\/tellimused.stiilne.ee\/lt\/produktas\/stilinga-juoda-palaidinuke-su-kisenemis-red-marble-sandelyje-yra-m-dydzio-kiti-dydziai-uzsakant\/","title":{"rendered":"Stilinga juoda palaidinuk\u0117 su ki\u0161en\u0117mis Red Marble- Sand\u0117lyje yra M dyd\u017eio- Kiti dyd\u017eiai u\u017esakant"},"content":{"rendered":"<p>&nbsp;<\/p>\n<p>Gra\u017ei megztin\u0117 suknel\u0117 su ki\u0161en\u0117mis i\u0161 odai malonaus audinio tikriausiai yra viena patogiausi\u0173 sukneli\u0173, nes j\u0105 galima d\u0117v\u0117ti ir laisvalaikiu, ir darbe.<\/p>\n<p>Su \u0161ia suknele jausit\u0117s gerai, nes med\u017eiaga pakankamai \u0161ilta, suknel\u0117 yra gero ilgio (daugumai moter\u0173 jos ilgis siekia kelius) ir j\u0105 galima d\u0117v\u0117ti visais keturiais Estijos met\u0173 laikais.\u0160altuoju met\u0173 laiku po suknele tiesiog m\u016bv\u0117kite \u0161iltas p\u0117dkelnes.<\/p>\n<p>Palaidin\u0117s med\u017eiaga &#8211; 95 % medviln\u0117s ir 5 % elastano, tampraus, mink\u0161to megztinio audinio.<\/p>\n<p>Visos &#8222;Yemi Design&#8221; palaidini\u0173 suknel\u0117s ir palaidin\u0117s sukurtos Estijoje ir yra 100 % rank\u0173 darbo.<\/p>\n<p>Sand\u0117lyje esantys dyd\u017eiai \u012f siunt\u0173 ma\u0161in\u0105 bus pristatyti per kelias dienas.<\/p>\n<p>U\u017esakyti dyd\u017eiai pristatomi ne v\u0117liau kaip per 15 dien\u0173 &#8211; dauguma u\u017esakym\u0173 vis tiek pristatomi per savait\u0119.<\/p>\n<p>Sukneles siuvame pagal u\u017esakym\u0105 pagal kliento u\u017esakyt\u0105 dyd\u012f ir audin\u012f.<\/p>\n<p>Jei v\u0117liau paai\u0161k\u0117t\u0173, kad u\u017esakytas dydis yra per ma\u017eas \/ per ma\u017eas, su DPD gr\u0105\u017einimo kodu keitimas visada nemokamas.<\/p>\n","protected":false},"excerpt":{"rendered":"<p>&nbsp; Gra\u017ei megztin\u0117 suknel\u0117 su ki\u0161en\u0117mis i\u0161 odai malonaus audinio tikriausiai yra viena patogiausi\u0173 sukneli\u0173, nes j\u0105 galima d\u0117v\u0117ti ir laisvalaikiu, ir darbe. Su \u0161ia suknele jausit\u0117s gerai, nes med\u017eiaga pakankamai \u0161ilta, suknel\u0117 yra gero ilgio (daugumai moter\u0173 jos ilgis siekia kelius) ir j\u0105 galima d\u0117v\u0117ti visais keturiais Estijos met\u0173 laikais.\u0160altuoju met\u0173 laiku po suknele [&hellip;]<\/p>\n","protected":false},"featured_media":264642,"comment_status":"open","ping_status":"closed","template":"","meta":{"_acf_changed":false},"product_brand":[],"product_cat":[299],"product_tag":[],"class_list":{"0":"post-264641","1":"product","2":"type-product","3":"status-publish","4":"has-post-thumbnail","6":"product_cat-yemi-disain-sukneles","7":"product_shipping_class-tarneaeg-5-15-paeva","9":"first","10":"instock","11":"sale","12":"taxable","13":"shipping-taxable","14":"purchasable","15":"product-type-variable","16":"has-default-attributes","17":"add-to-wishlist-after_add_to_cart"},"acf":[],"_links":{"self":[{"href":"https:\/\/tellimused.stiilne.ee\/lt\/wp-json\/wp\/v2\/product\/264641","targetHints":{"allow":["GET"]}}],"collection":[{"href":"https:\/\/tellimused.stiilne.ee\/lt\/wp-json\/wp\/v2\/product"}],"about":[{"href":"https:\/\/tellimused.stiilne.ee\/lt\/wp-json\/wp\/v2\/types\/product"}],"replies":[{"embeddable":true,"href":"https:\/\/tellimused.stiilne.ee\/lt\/wp-json\/wp\/v2\/comments?post=264641"}],"wp:featuredmedia":[{"embeddable":true,"href":"https:\/\/tellimused.stiilne.ee\/lt\/wp-json\/wp\/v2\/media\/264642"}],"wp:attachment":[{"href":"https:\/\/tellimused.stiilne.ee\/lt\/wp-json\/wp\/v2\/media?parent=264641"}],"wp:term":[{"taxonomy":"product_brand","embeddable":true,"href":"https:\/\/tellimused.stiilne.ee\/lt\/wp-json\/wp\/v2\/product_brand?post=264641"},{"taxonomy":"product_cat","embeddable":true,"href":"https:\/\/tellimused.stiilne.ee\/lt\/wp-json\/wp\/v2\/product_cat?post=264641"},{"taxonomy":"product_tag","embeddable":true,"href":"https:\/\/tellimused.stiilne.ee\/lt\/wp-json\/wp\/v2\/product_tag?post=264641"}],"curies":[{"name":"wp","href":"https:\/\/api.w.org\/{rel}","templated":true}]}}