{"id":264666,"date":"2026-03-12T15:09:29","date_gmt":"2026-03-12T13:09:29","guid":{"rendered":"https:\/\/tellimused.stiilne.ee\/toode\/five-seasons-naiste-talvemantel-leona-must-kohe-laos-viimane-suuruses-44-super-hind\/"},"modified":"2026-04-07T11:07:56","modified_gmt":"2026-04-07T08:07:56","slug":"five-seasons-moteriskas-zieminis-paltas-leona-black-whole-in-stock-viimane-44-dydis-super-kaina","status":"publish","type":"product","link":"https:\/\/tellimused.stiilne.ee\/lt\/produktas\/five-seasons-moteriskas-zieminis-paltas-leona-black-whole-in-stock-viimane-44-dydis-super-kaina\/","title":{"rendered":"FIVE SEASONS moteri\u0161kas \u017eieminis paltas Leona black-WHOLE IN STOCK PRISTATYMAS 44 dydis &#8211; SUPER KAINA"},"content":{"rendered":"<p>&nbsp;<\/p>\n<p>Penki met\u0173 laikai moter\u0173 \u017eieminis paltas Leona (Leona) charakteristikos<\/p>\n<ul>\n<li>Kv\u0117puojantis, v\u0117jui ir vandeniui atsparus audinys<\/li>\n<li>Tiesus pj\u016bvis<\/li>\n<li>Dygsniuotas i\u0161orinis audinys<\/li>\n<li>Dvipusis priekinis u\u017eraktas su apsaugine juostele<\/li>\n<li>Dvi \u0161onin\u0117s ki\u0161en\u0117s su u\u017etrauktukais, viena u\u017etrauktuku u\u017esegama galin\u0117 ki\u0161en\u0117<\/li>\n<li>\u0160onuose esantys krautuvo ply\u0161iai<\/li>\n<li>Med\u017eiaga 100% poliesteris<\/li>\n<li>&#8222;Tech Down&#8221; ir sintetini\u0173 plunksn\u0173 izoliacija<\/li>\n<li>Kv\u0117puojamumas g\/m\u00b2, atsparumas vandeniui mm<\/li>\n<\/ul>\n<p>\u0160vedijos \u012fmon\u0117s &#8222;Five Seasons&#8221; klasikinio kirpimo moteri\u0161kas \u017eieminis paltas &#8222;Leona&#8221; puikiai tinka d\u0117v\u0117ti rudens-\u017eiemos sezonu.Moteri\u0161kas \u017eieminis paltas gerai priglunda prie k\u016bno, o ilgesnis ilgis i\u0161laiko \u0161ilum\u0105 net ir \u0161al\u010diausiu metu. I\u0161orin\u012f audin\u012f puo\u0161ia Q.B TEX TPU membrana, u\u017etikrinanti vandens atst\u016bmim\u0105, atsparum\u0105 v\u0117jui ir pralaidum\u0105 orui. Priekyje u\u017esegamas sagtimis ir u\u017etrauktukais. Rankovi\u0173 rankogaliai turi briaunas, kad nepraleist\u0173 \u0161alto oro. i\u0161oriniuose palto \u0161onuose apatiniame kra\u0161te yra atidaromos klost\u0117s, jei nor\u0117tum\u0117te prid\u0117ti vietos paltui, kad gal\u0117tum\u0117te ilgiau \u017eingsniuoti.<\/p>\n<p><strong>Five Seasons Leona \u017eieminis paltas, kurio dydis XXL(44), yra toks.<\/strong><\/p>\n<p><strong>Kr\u016btin\u0117s apimtis 118(XXL-44) cm<\/strong><\/p>\n<p><strong>Klub\u0173 apimtis po ki\u0161en\u0117mis 126 cm<\/strong><\/p>\n<p>Plotis nuo peties (nuo peties iki peties si\u016bl\u0117s) 44 cm<\/p>\n<p>Bendras palto ilgis, matuojant nuo priekinio peties 118 cm<\/p>\n<p>Rankovi\u0173 ilgis 65 cm<\/p>\n<p>Leonos paltas puikiai atitinka standartinius europieti\u0161kus i\u0161matavimus &#8211; rekomenduojame rinktis savo \u012fprast\u0105 dyd\u012f, t. y. tok\u012f, kok\u012f da\u017eniausiai ne\u0161iojate vilk\u0117dami striukes ir paltus.<\/p>\n<p><strong>PASTABA!Jei numeris nesutampa, visada i\u0161saugote teis\u0119 pakeisti siunt\u0105 &#8211; keitimas su DPD keitimo kodu visada nemokamas.<\/strong><\/p>\n<p>Nuotraukoje pavaizduoto \u0161viesiaplaukio modelio \u016bgis yra 158 cm, jis d\u0117vi S dyd\u017eio drabu\u017eius.<\/p>\n<p>\u0160iltas ir moteri\u0161kas rudens-\u017eiemos sezonui skirtas moteri\u0161ko liemens kirpimo \u017eieminis paltas &#8211; klasikin\u0117s juodos spalvos palt\u0105 lengva derinti prie \u012fvairi\u0173 drabu\u017ei\u0173.<\/p>\n<p>Pristatymo laikas &#8211; 1-2 dienos &#8211; paltas i\u0161 karto yra sand\u0117lyje.<\/p>\n<p>U\u017esakymai, pateikti darbo dien\u0105 prie\u0161 v\u0117lavim\u0105, i\u0161siun\u010diami t\u0105 pa\u010di\u0105 dien\u0105, o siuntinys paprastai jau kit\u0105 dien\u0105 b\u016bna siunt\u0173 pristatymo ma\u0161inoje.<\/p>\n<p>Jei pageidaujate, taip pat galite pabandyti \u012fsigyti palt\u0105 tiesiai i\u0161 m\u016bs\u0173 sand\u0117lio Kanarbiku tee 15\/3, J\u00e4rvek\u00fcla darbo dienomis nuo 12.00 iki 17.00 val.<\/p>\n<p><strong>U\u017esakymus telefonu galima u\u017esisakyti telefonu 51 45 245<\/strong><\/p>\n<p>U\u017e u\u017esakymus telefonu mokama, kai siuntinys pristatomas \u012f siunt\u0173 automat\u0105.<\/p>\n","protected":false},"excerpt":{"rendered":"<p>&nbsp; Penki met\u0173 laikai moter\u0173 \u017eieminis paltas Leona (Leona) charakteristikos Kv\u0117puojantis, v\u0117jui ir vandeniui atsparus audinys Tiesus pj\u016bvis Dygsniuotas i\u0161orinis audinys Dvipusis priekinis u\u017eraktas su apsaugine juostele Dvi \u0161onin\u0117s ki\u0161en\u0117s su u\u017etrauktukais, viena u\u017etrauktuku u\u017esegama galin\u0117 ki\u0161en\u0117 \u0160onuose esantys krautuvo ply\u0161iai Med\u017eiaga 100% poliesteris &#8222;Tech Down&#8221; ir sintetini\u0173 plunksn\u0173 izoliacija Kv\u0117puojamumas g\/m\u00b2, atsparumas vandeniui mm [&hellip;]<\/p>\n","protected":false},"featured_media":264667,"comment_status":"open","ping_status":"closed","template":"","meta":{"_acf_changed":false},"product_brand":[],"product_cat":[300,301],"product_tag":[],"class_list":{"0":"post-264666","1":"product","2":"type-product","3":"status-publish","4":"has-post-thumbnail","6":"product_cat-zieminiai-paltiniai","7":"product_cat-zieminiai-paltukai-iki-60","8":"product_shipping_class-tarneaeg-1-4-paeva","10":"first","11":"instock","12":"sale","13":"taxable","14":"shipping-taxable","15":"purchasable","16":"product-type-variable","17":"has-default-attributes","18":"add-to-wishlist-after_add_to_cart"},"acf":[],"_links":{"self":[{"href":"https:\/\/tellimused.stiilne.ee\/lt\/wp-json\/wp\/v2\/product\/264666","targetHints":{"allow":["GET"]}}],"collection":[{"href":"https:\/\/tellimused.stiilne.ee\/lt\/wp-json\/wp\/v2\/product"}],"about":[{"href":"https:\/\/tellimused.stiilne.ee\/lt\/wp-json\/wp\/v2\/types\/product"}],"replies":[{"embeddable":true,"href":"https:\/\/tellimused.stiilne.ee\/lt\/wp-json\/wp\/v2\/comments?post=264666"}],"wp:featuredmedia":[{"embeddable":true,"href":"https:\/\/tellimused.stiilne.ee\/lt\/wp-json\/wp\/v2\/media\/264667"}],"wp:attachment":[{"href":"https:\/\/tellimused.stiilne.ee\/lt\/wp-json\/wp\/v2\/media?parent=264666"}],"wp:term":[{"taxonomy":"product_brand","embeddable":true,"href":"https:\/\/tellimused.stiilne.ee\/lt\/wp-json\/wp\/v2\/product_brand?post=264666"},{"taxonomy":"product_cat","embeddable":true,"href":"https:\/\/tellimused.stiilne.ee\/lt\/wp-json\/wp\/v2\/product_cat?post=264666"},{"taxonomy":"product_tag","embeddable":true,"href":"https:\/\/tellimused.stiilne.ee\/lt\/wp-json\/wp\/v2\/product_tag?post=264666"}],"curies":[{"name":"wp","href":"https:\/\/api.w.org\/{rel}","templated":true}]}}