{"id":264676,"date":"2026-03-12T15:04:46","date_gmt":"2026-03-12T13:04:46","guid":{"rendered":"https:\/\/tellimused.stiilne.ee\/toode\/vero-moda-pikkade-varrukatega-naiste-sark-roma-must-kohe-laos\/"},"modified":"2026-04-07T11:07:57","modified_gmt":"2026-04-07T08:07:57","slug":"vero-moda-moteriski-marskiniai-ilgomis-rankovemis-roma-black-wholder","status":"publish","type":"product","link":"https:\/\/tellimused.stiilne.ee\/lt\/produktas\/vero-moda-moteriski-marskiniai-ilgomis-rankovemis-roma-black-wholder\/","title":{"rendered":"VERO MODA moteri\u0161ki mar\u0161kiniai ilgomis rankov\u0117mis Roma black-WHOLDER"},"content":{"rendered":"<p>&nbsp;<\/p>\n<p>Mar\u0161kiniai pagaminti i\u0161 52 % liocellio, 43 % viskoz\u0117s ir 5 % elastano &#8211; malon\u016bs \u0161ilti mar\u0161kiniai i\u0161 elastingo audinio<\/p>\n<p>Mar\u0161kinius galima derinti prie kelni\u0173 ar sijono vienus arba kaip papildom\u0105 sluoksn\u012f po kitais drabu\u017eiais<\/p>\n<p>Vienspalvius mar\u0161kinius lengva derinti prie \u012fvairi\u0173 drabu\u017ei\u0173<\/p>\n<p>Mar\u0161kiniai jau sand\u0117lyje &#8211; pristatymas per kelias dienas.<\/p>\n<p>&nbsp;<\/p>\n","protected":false},"excerpt":{"rendered":"<p>&nbsp; Mar\u0161kiniai pagaminti i\u0161 52 % liocellio, 43 % viskoz\u0117s ir 5 % elastano &#8211; malon\u016bs \u0161ilti mar\u0161kiniai i\u0161 elastingo audinio Mar\u0161kinius galima derinti prie kelni\u0173 ar sijono vienus arba kaip papildom\u0105 sluoksn\u012f po kitais drabu\u017eiais Vienspalvius mar\u0161kinius lengva derinti prie \u012fvairi\u0173 drabu\u017ei\u0173 Mar\u0161kiniai jau sand\u0117lyje &#8211; pristatymas per kelias dienas. &nbsp;<\/p>\n","protected":false},"featured_media":264677,"comment_status":"open","ping_status":"closed","template":"","meta":{"_acf_changed":false},"product_brand":[],"product_cat":[295],"product_tag":[],"class_list":{"0":"post-264676","1":"product","2":"type-product","3":"status-publish","4":"has-post-thumbnail","6":"product_cat-moteriski-megztiniai-marskineliai","7":"product_shipping_class-tarneaeg-1-4-paeva","9":"first","10":"instock","11":"sale","12":"taxable","13":"shipping-taxable","14":"purchasable","15":"product-type-variable","16":"has-default-attributes","17":"add-to-wishlist-after_add_to_cart"},"acf":[],"_links":{"self":[{"href":"https:\/\/tellimused.stiilne.ee\/lt\/wp-json\/wp\/v2\/product\/264676","targetHints":{"allow":["GET"]}}],"collection":[{"href":"https:\/\/tellimused.stiilne.ee\/lt\/wp-json\/wp\/v2\/product"}],"about":[{"href":"https:\/\/tellimused.stiilne.ee\/lt\/wp-json\/wp\/v2\/types\/product"}],"replies":[{"embeddable":true,"href":"https:\/\/tellimused.stiilne.ee\/lt\/wp-json\/wp\/v2\/comments?post=264676"}],"wp:featuredmedia":[{"embeddable":true,"href":"https:\/\/tellimused.stiilne.ee\/lt\/wp-json\/wp\/v2\/media\/264677"}],"wp:attachment":[{"href":"https:\/\/tellimused.stiilne.ee\/lt\/wp-json\/wp\/v2\/media?parent=264676"}],"wp:term":[{"taxonomy":"product_brand","embeddable":true,"href":"https:\/\/tellimused.stiilne.ee\/lt\/wp-json\/wp\/v2\/product_brand?post=264676"},{"taxonomy":"product_cat","embeddable":true,"href":"https:\/\/tellimused.stiilne.ee\/lt\/wp-json\/wp\/v2\/product_cat?post=264676"},{"taxonomy":"product_tag","embeddable":true,"href":"https:\/\/tellimused.stiilne.ee\/lt\/wp-json\/wp\/v2\/product_tag?post=264676"}],"curies":[{"name":"wp","href":"https:\/\/api.w.org\/{rel}","templated":true}]}}