{"id":264681,"date":"2026-03-12T15:04:46","date_gmt":"2026-03-12T13:04:46","guid":{"rendered":"https:\/\/tellimused.stiilne.ee\/toode\/vero-moda-venivast-kangast-sinised-naiste-teksapuksid-sophie-uudis-kohe-laos-hea-hind\/"},"modified":"2026-04-06T19:48:44","modified_gmt":"2026-04-06T16:48:44","slug":"vero-moda-venivast-kangast-sinised-naiste-teksapuksid-sophie-uudis-kohe-laos-hea-hind","status":"publish","type":"product","link":"https:\/\/tellimused.stiilne.ee\/lt\/produktas\/vero-moda-venivast-kangast-sinised-naiste-teksapuksid-sophie-uudis-kohe-laos-hea-hind\/","title":{"rendered":"VERO MODA stretch kangast  naiste teksap\u00fcksid Sophie-HEA HIND"},"content":{"rendered":"<p>&nbsp;<\/p>\n<p>Teksap\u00fcksid on venivast stretch kangast- pikkus L32<\/p>\n<p>Teksap\u00fcksid on kohe laos olemas- tarneaeg paar p\u00e4eva<\/p>\n<p>&nbsp;<\/p>\n","protected":false},"excerpt":{"rendered":"<p>&nbsp; Teksap\u00fcksid on venivast stretch kangast- pikkus L32 Teksap\u00fcksid on kohe laos olemas- tarneaeg paar p\u00e4eva &nbsp;<\/p>\n","protected":false},"featured_media":264682,"comment_status":"open","ping_status":"closed","template":"","meta":{"_acf_changed":false},"product_brand":[],"product_cat":[295],"product_tag":[],"class_list":{"0":"post-264681","1":"product","2":"type-product","3":"status-publish","4":"has-post-thumbnail","6":"product_cat-moteriski-megztiniai-marskineliai","7":"product_shipping_class-tarneaeg-1-4-paeva","9":"first","10":"instock","11":"sale","12":"taxable","13":"shipping-taxable","14":"purchasable","15":"product-type-variable","16":"has-default-attributes","17":"add-to-wishlist-after_add_to_cart"},"acf":[],"_links":{"self":[{"href":"https:\/\/tellimused.stiilne.ee\/lt\/wp-json\/wp\/v2\/product\/264681","targetHints":{"allow":["GET"]}}],"collection":[{"href":"https:\/\/tellimused.stiilne.ee\/lt\/wp-json\/wp\/v2\/product"}],"about":[{"href":"https:\/\/tellimused.stiilne.ee\/lt\/wp-json\/wp\/v2\/types\/product"}],"replies":[{"embeddable":true,"href":"https:\/\/tellimused.stiilne.ee\/lt\/wp-json\/wp\/v2\/comments?post=264681"}],"wp:featuredmedia":[{"embeddable":true,"href":"https:\/\/tellimused.stiilne.ee\/lt\/wp-json\/wp\/v2\/media\/264682"}],"wp:attachment":[{"href":"https:\/\/tellimused.stiilne.ee\/lt\/wp-json\/wp\/v2\/media?parent=264681"}],"wp:term":[{"taxonomy":"product_brand","embeddable":true,"href":"https:\/\/tellimused.stiilne.ee\/lt\/wp-json\/wp\/v2\/product_brand?post=264681"},{"taxonomy":"product_cat","embeddable":true,"href":"https:\/\/tellimused.stiilne.ee\/lt\/wp-json\/wp\/v2\/product_cat?post=264681"},{"taxonomy":"product_tag","embeddable":true,"href":"https:\/\/tellimused.stiilne.ee\/lt\/wp-json\/wp\/v2\/product_tag?post=264681"}],"curies":[{"name":"wp","href":"https:\/\/api.w.org\/{rel}","templated":true}]}}