{"id":264686,"date":"2026-03-12T15:04:20","date_gmt":"2026-03-12T13:04:20","guid":{"rendered":"https:\/\/tellimused.stiilne.ee\/toode\/vero-moda-helehall-100-puuvillasest-longast-naiste-dsemper-care-kohe-laos-uudis\/"},"modified":"2026-04-07T11:07:54","modified_gmt":"2026-04-07T08:07:54","slug":"vero-moda-sviesiai-pilka-100-audinys-moteriskas-svarko-drabuzis-care-white-sandelyje-udy","status":"publish","type":"product","link":"https:\/\/tellimused.stiilne.ee\/lt\/produktas\/vero-moda-sviesiai-pilka-100-audinys-moteriskas-svarko-drabuzis-care-white-sandelyje-udy\/","title":{"rendered":"VERO MODA \u0161viesiai pilka 100% audinys Moteri\u0161kas \u0161varko drabu\u017eis CARE-WHITE sand\u0117lyje-NAUJIENOS"},"content":{"rendered":"<p>&nbsp;<\/p>\n<p>D\u017eemperio med\u017eiaga &#8211; 100 % medviln\u0117, kuri yra draugi\u0161ka odai &#8211; nuo jos oda neskaud\u0117s ir neprakaituos.<\/p>\n<p>D\u0117l stilingo ir paprasto dizaino d\u017eemper\u012f lengva d\u0117v\u0117ti prie sijono ar kelni\u0173.<\/p>\n<p>&#8222;Vero Moda&#8221; d\u017eemperis dabar yra sand\u0117lyje ir gali b\u016bti pristatytas per kelias dienas.<\/p>\n<p>Geras pasirinkimas rudens-\u017eiemos sezonui &#8211; laisvalaikiui ar darbui.<\/p>\n","protected":false},"excerpt":{"rendered":"<p>&nbsp; D\u017eemperio med\u017eiaga &#8211; 100 % medviln\u0117, kuri yra draugi\u0161ka odai &#8211; nuo jos oda neskaud\u0117s ir neprakaituos. D\u0117l stilingo ir paprasto dizaino d\u017eemper\u012f lengva d\u0117v\u0117ti prie sijono ar kelni\u0173. &#8222;Vero Moda&#8221; d\u017eemperis dabar yra sand\u0117lyje ir gali b\u016bti pristatytas per kelias dienas. Geras pasirinkimas rudens-\u017eiemos sezonui &#8211; laisvalaikiui ar darbui.<\/p>\n","protected":false},"featured_media":264687,"comment_status":"open","ping_status":"closed","template":"","meta":{"_acf_changed":false},"product_brand":[],"product_cat":[295],"product_tag":[],"class_list":{"0":"post-264686","1":"product","2":"type-product","3":"status-publish","4":"has-post-thumbnail","6":"product_cat-moteriski-megztiniai-marskineliai","7":"product_shipping_class-tarneaeg-1-4-paeva","9":"first","10":"instock","11":"sale","12":"taxable","13":"shipping-taxable","14":"purchasable","15":"product-type-variable","16":"has-default-attributes","17":"add-to-wishlist-after_add_to_cart"},"acf":[],"_links":{"self":[{"href":"https:\/\/tellimused.stiilne.ee\/lt\/wp-json\/wp\/v2\/product\/264686","targetHints":{"allow":["GET"]}}],"collection":[{"href":"https:\/\/tellimused.stiilne.ee\/lt\/wp-json\/wp\/v2\/product"}],"about":[{"href":"https:\/\/tellimused.stiilne.ee\/lt\/wp-json\/wp\/v2\/types\/product"}],"replies":[{"embeddable":true,"href":"https:\/\/tellimused.stiilne.ee\/lt\/wp-json\/wp\/v2\/comments?post=264686"}],"wp:featuredmedia":[{"embeddable":true,"href":"https:\/\/tellimused.stiilne.ee\/lt\/wp-json\/wp\/v2\/media\/264687"}],"wp:attachment":[{"href":"https:\/\/tellimused.stiilne.ee\/lt\/wp-json\/wp\/v2\/media?parent=264686"}],"wp:term":[{"taxonomy":"product_brand","embeddable":true,"href":"https:\/\/tellimused.stiilne.ee\/lt\/wp-json\/wp\/v2\/product_brand?post=264686"},{"taxonomy":"product_cat","embeddable":true,"href":"https:\/\/tellimused.stiilne.ee\/lt\/wp-json\/wp\/v2\/product_cat?post=264686"},{"taxonomy":"product_tag","embeddable":true,"href":"https:\/\/tellimused.stiilne.ee\/lt\/wp-json\/wp\/v2\/product_tag?post=264686"}],"curies":[{"name":"wp","href":"https:\/\/api.w.org\/{rel}","templated":true}]}}