{"id":264707,"date":"2026-03-12T15:03:27","date_gmt":"2026-03-12T13:03:27","guid":{"rendered":"https:\/\/tellimused.stiilne.ee\/toode\/vero-moda-vesti-ja-mantlina-kantav-naiste-talvemantel-margaret-roheline-kohe-laos-viimane-super-hind\/"},"modified":"2026-04-07T11:07:56","modified_gmt":"2026-04-07T08:07:56","slug":"vero-moda-moteriskas-zieminis-paltas-margaret-kohe-naudojimas-viimane-super-hind","status":"publish","type":"product","link":"https:\/\/tellimused.stiilne.ee\/lt\/produktas\/vero-moda-moteriskas-zieminis-paltas-margaret-kohe-naudojimas-viimane-super-hind\/","title":{"rendered":"VERO MODA moteri\u0161kas \u017eieminis paltas Margaret-NAUDOJIMAS-SUPER KAINA"},"content":{"rendered":"<p>Gra\u017eus \u0161iltas \u017eieminis paltas, kurio ilgis tinkamas rudens-\u017eiemos sezonui.<\/p>\n<p>Vero Moda \u017eieminis paltas Vero Moda \u017eieminis paltas charakteristikos<\/p>\n<div class=\"sc-1886k55-0 gQYEqp\">\n<dl class=\"sc-1v7rh20-0 GgsNA\">\n<dd class=\"sc-cfk6jl-0 fQahfA\">\n<ul class=\"sc-1n2xo27-0 czBVYx sc-f9i670-0 hiBpbp\">\n<li>Dygsniuotas paltas<\/li>\n<li>Dang\u010dio juostel\u0117 su i\u0161si\u0161akojan\u010diomis sagomis<\/li>\n<li>Apykakl\u0117s gobtuvas<\/li>\n<li>Virvel\u0117mis susegamas gobtuvas<\/li>\n<li>Rankovi\u0173 rankovi\u0173 rankogaliai su briaunel\u0117mis, kad nepraleist\u0173 \u0161alto oro<\/li>\n<li>Pasl\u0117ptas u\u017etrauktukas su katilo plok\u0161tele<\/li>\n<li>\u012esi\u016btos \u0161onin\u0117s ki\u0161en\u0117s<\/li>\n<li>\u0160iltai i\u0161klota satino lak\u0161tais<\/li>\n<li>Palt\u0105 galima d\u0117v\u0117ti ir kaip liemen\u0119, ir kaip palt\u0105 &#8211; rankov\u0117s u\u017esegamos u\u017etrauktukais.<\/li>\n<\/ul>\n<\/dd>\n<\/dl>\n<dl class=\"sc-1v7rh20-0 GgsNA\">\n<dd class=\"sc-1q8davb-0 dMZEmj\">\n<div class=\"sc-1q8davb-2 iMrrwA\">\n<div>Med\u017eiaga i\u0161<\/div>\n<\/div>\n<\/dd>\n<\/dl>\n<dl class=\"sc-1v7rh20-0 GgsNA\">\n<dd class=\"sc-1mv3mjr-0 jUhhym\">\n<ul class=\"sc-1n2xo27-0 czBVYx sc-kc3pbc-0 blzTsL\">\n<li>I\u0161orin\u0117 med\u017eiaga: 100% poliesteris, nepraleid\u017eiantis vandens.<\/li>\n<li>Pamu\u0161alas ir u\u017epildas: 100 % poliesteris<\/li>\n<\/ul>\n<\/dd>\n<\/dl>\n<p><strong>Vero Moda Margaret \u017eieminis paltas, dydis S (tinka didesniam S, taip pat M dyd\u017eio) <\/strong><\/p>\n<p>Kr\u016btin\u0117s apimtis 104 cm<\/p>\n<p>Palto ilgis &#8211; 99 cm, matuojant nuo priekinio peties.<\/p>\n<p>Klub\u0173 apimtis 106 cm<\/p>\n<p>Paltas yra sand\u0117lyje &#8211; pristatymas per kelias dienas.<\/p>\n<p>U\u017esakymai, pateikti darbo dien\u0105 prie\u0161 nuorod\u0105, bus i\u0161si\u0173sti t\u0105 pa\u010di\u0105 dien\u0105.<\/p>\n<\/div>\n","protected":false},"excerpt":{"rendered":"<p>Gra\u017eus \u0161iltas \u017eieminis paltas, kurio ilgis tinkamas rudens-\u017eiemos sezonui. Vero Moda \u017eieminis paltas Vero Moda \u017eieminis paltas charakteristikos Dygsniuotas paltas Dang\u010dio juostel\u0117 su i\u0161si\u0161akojan\u010diomis sagomis Apykakl\u0117s gobtuvas Virvel\u0117mis susegamas gobtuvas Rankovi\u0173 rankovi\u0173 rankogaliai su briaunel\u0117mis, kad nepraleist\u0173 \u0161alto oro Pasl\u0117ptas u\u017etrauktukas su katilo plok\u0161tele \u012esi\u016btos \u0161onin\u0117s ki\u0161en\u0117s \u0160iltai i\u0161klota satino lak\u0161tais Palt\u0105 galima d\u0117v\u0117ti ir [&hellip;]<\/p>\n","protected":false},"featured_media":264708,"comment_status":"open","ping_status":"closed","template":"","meta":{"_acf_changed":false},"product_brand":[],"product_cat":[300,301],"product_tag":[],"class_list":{"0":"post-264707","1":"product","2":"type-product","3":"status-publish","4":"has-post-thumbnail","6":"product_cat-zieminiai-paltiniai","7":"product_cat-zieminiai-paltukai-iki-60","8":"product_shipping_class-tarneaeg-1-4-paeva","10":"first","11":"instock","12":"sale","13":"taxable","14":"shipping-taxable","15":"purchasable","16":"product-type-variable","17":"has-default-attributes","18":"add-to-wishlist-after_add_to_cart"},"acf":[],"_links":{"self":[{"href":"https:\/\/tellimused.stiilne.ee\/lt\/wp-json\/wp\/v2\/product\/264707","targetHints":{"allow":["GET"]}}],"collection":[{"href":"https:\/\/tellimused.stiilne.ee\/lt\/wp-json\/wp\/v2\/product"}],"about":[{"href":"https:\/\/tellimused.stiilne.ee\/lt\/wp-json\/wp\/v2\/types\/product"}],"replies":[{"embeddable":true,"href":"https:\/\/tellimused.stiilne.ee\/lt\/wp-json\/wp\/v2\/comments?post=264707"}],"wp:featuredmedia":[{"embeddable":true,"href":"https:\/\/tellimused.stiilne.ee\/lt\/wp-json\/wp\/v2\/media\/264708"}],"wp:attachment":[{"href":"https:\/\/tellimused.stiilne.ee\/lt\/wp-json\/wp\/v2\/media?parent=264707"}],"wp:term":[{"taxonomy":"product_brand","embeddable":true,"href":"https:\/\/tellimused.stiilne.ee\/lt\/wp-json\/wp\/v2\/product_brand?post=264707"},{"taxonomy":"product_cat","embeddable":true,"href":"https:\/\/tellimused.stiilne.ee\/lt\/wp-json\/wp\/v2\/product_cat?post=264707"},{"taxonomy":"product_tag","embeddable":true,"href":"https:\/\/tellimused.stiilne.ee\/lt\/wp-json\/wp\/v2\/product_tag?post=264707"}],"curies":[{"name":"wp","href":"https:\/\/api.w.org\/{rel}","templated":true}]}}