{"id":264774,"date":"2026-03-12T15:01:52","date_gmt":"2026-03-12T13:01:52","guid":{"rendered":"https:\/\/tellimused.stiilne.ee\/toode\/stiilne-naturaalsest-nahast-vera-pelle-bordoopunane-naiste-kaekott-uudis-kohe-laos\/"},"modified":"2026-04-07T11:07:48","modified_gmt":"2026-04-07T08:07:48","slug":"stilinga-naturalios-odos-vera-pelle-bordo-spalvos-moteriska-rankine-naujiena","status":"publish","type":"product","link":"https:\/\/tellimused.stiilne.ee\/lt\/produktas\/stilinga-naturalios-odos-vera-pelle-bordo-spalvos-moteriska-rankine-naujiena\/","title":{"rendered":"Stilinga nat\u016bralios odos Vera Pelle bordo spalvos moteri\u0161ka rankin\u0117 &#8211; NAUJIENA"},"content":{"rendered":"<p><strong>Med\u017eiaga:<\/strong> nat\u016brali oda<br \/>\n<strong>Pristatymo laikas: <\/strong>kelios dienos sand\u0117lyje<br \/>\n<strong>I\u0161matavimai:<\/strong><br \/>\nSvoris: 0,39 kg<br \/>\nAuk\u0161tis: 19 cm<br \/>\nPlotis: 23 cm<br \/>\nGylis: 9 cm<\/p>\n<p>Pagaminta Italijoje.<\/p>\n","protected":false},"excerpt":{"rendered":"<p>Med\u017eiaga: nat\u016brali oda Pristatymo laikas: kelios dienos sand\u0117lyje I\u0161matavimai: Svoris: 0,39 kg Auk\u0161tis: 19 cm Plotis: 23 cm Gylis: 9 cm Pagaminta Italijoje.<\/p>\n","protected":false},"featured_media":264775,"comment_status":"closed","ping_status":"closed","template":"","meta":{"_acf_changed":false},"product_brand":[],"product_cat":[322,321,320],"product_tag":[],"class_list":{"0":"post-264774","1":"product","2":"type-product","3":"status-publish","4":"has-post-thumbnail","6":"product_cat-didesnes-rankines","7":"product_cat-moterims","8":"product_cat-moteriskos-rankines","9":"product_shipping_class-tarneaeg-1-4-paeva","11":"first","12":"instock","13":"sale","14":"taxable","15":"shipping-taxable","16":"purchasable","17":"product-type-variable","18":"has-default-attributes","19":"add-to-wishlist-after_add_to_cart"},"acf":[],"_links":{"self":[{"href":"https:\/\/tellimused.stiilne.ee\/lt\/wp-json\/wp\/v2\/product\/264774","targetHints":{"allow":["GET"]}}],"collection":[{"href":"https:\/\/tellimused.stiilne.ee\/lt\/wp-json\/wp\/v2\/product"}],"about":[{"href":"https:\/\/tellimused.stiilne.ee\/lt\/wp-json\/wp\/v2\/types\/product"}],"replies":[{"embeddable":true,"href":"https:\/\/tellimused.stiilne.ee\/lt\/wp-json\/wp\/v2\/comments?post=264774"}],"wp:featuredmedia":[{"embeddable":true,"href":"https:\/\/tellimused.stiilne.ee\/lt\/wp-json\/wp\/v2\/media\/264775"}],"wp:attachment":[{"href":"https:\/\/tellimused.stiilne.ee\/lt\/wp-json\/wp\/v2\/media?parent=264774"}],"wp:term":[{"taxonomy":"product_brand","embeddable":true,"href":"https:\/\/tellimused.stiilne.ee\/lt\/wp-json\/wp\/v2\/product_brand?post=264774"},{"taxonomy":"product_cat","embeddable":true,"href":"https:\/\/tellimused.stiilne.ee\/lt\/wp-json\/wp\/v2\/product_cat?post=264774"},{"taxonomy":"product_tag","embeddable":true,"href":"https:\/\/tellimused.stiilne.ee\/lt\/wp-json\/wp\/v2\/product_tag?post=264774"}],"curies":[{"name":"wp","href":"https:\/\/api.w.org\/{rel}","templated":true}]}}