{"id":264780,"date":"2026-03-12T15:00:26","date_gmt":"2026-03-12T13:00:26","guid":{"rendered":"https:\/\/tellimused.stiilne.ee\/toode\/javer-tennised-mustad-musta-tallaga-kohe-laos-tarne-1-2-toopaeva\/"},"modified":"2026-04-07T11:07:48","modified_gmt":"2026-04-07T08:07:48","slug":"javer-teniso-bateliai-juodi-su-juodu-padu-yra-sandelyje-tik-1-2-darbo-dienos","status":"publish","type":"product","link":"https:\/\/tellimused.stiilne.ee\/lt\/produktas\/javer-teniso-bateliai-juodi-su-juodu-padu-yra-sandelyje-tik-1-2-darbo-dienos\/","title":{"rendered":"&#8222;Javer&#8221; teniso bateliai juodi su juodu padu-Yra sand\u0117lyje-tik 1-2 darbo dienos"},"content":{"rendered":"<p>&nbsp;<\/p>\n<p>Patog\u016bs &#8222;Javer&#8221; \u012fsispiriami teniso bateliai d\u0117l savo patogumo, lengvumo ir geros kainos jau daugel\u012f met\u0173 yra m\u0117gstami est\u0173.<\/p>\n<p><strong>Javer tenisas Javer teniso charakteristikos<\/strong><\/p>\n<ul>\n<li>Medvilninis audinys viduje ir i\u0161or\u0117je<\/li>\n<li>Mink\u0161tas ir lankstus guminis padas<\/li>\n<li>D\u017ei\u016bgauti \u0161viesa<\/li>\n<li>Galima skalbti skalbimo ma\u0161inoje 30C laipsni\u0173 temperat\u016broje<\/li>\n<li>Unisex modelis &#8211; tinka ir moterims, ir vyrams<\/li>\n<li>Odai draugi\u0161ka medviln\u0117 ir kv\u0117puojantis audinys &#8211; kojos neprakaituos taip lengvai, kaip naudojant sintetin\u0119 med\u017eiag\u0105.<\/li>\n<li>Lengva derinti su keln\u0117mis ar suknel\u0117mis<\/li>\n<li>Geri persirengimo batai mokyklai ir darbui<\/li>\n<li>Pagaminta Ispanijoje<\/li>\n<\/ul>\n<p>D\u0116MESIO<strong>!JAVER<\/strong> slip on teniso batelius REKOMENDUOJAME RINKTI T\u0104 TENISO bateli\u0173 dyd\u012f, kur\u012f labiausiai ne\u0161iojate &#8211; numeriai puikiai tilps \u012f \u012fprastus dyd\u017eius.<\/p>\n<p>Jei j\u016bs\u0173 p\u0117da platesn\u0117, rekomenduojame rinktis didesnio dyd\u017eio batus nei nurodyta.<\/p>\n<p>Jei dydis netinka, visada tur\u0117site teis\u0119 \u012f keitim\u0105 &#8211; keitimas visada nemokamas su DPD keitimo kodu.<\/p>\n<p>&#8222;Javer&#8221; sportba\u010diai dabar yra sand\u0117lyje ir greitai pristatomi &#8211; siuntinys pristatomas per por\u0105 dien\u0173.<\/p>\n<p>&nbsp;<\/p>\n<p>&nbsp;<\/p>\n","protected":false},"excerpt":{"rendered":"<p>&nbsp; Patog\u016bs &#8222;Javer&#8221; \u012fsispiriami teniso bateliai d\u0117l savo patogumo, lengvumo ir geros kainos jau daugel\u012f met\u0173 yra m\u0117gstami est\u0173. Javer tenisas Javer teniso charakteristikos Medvilninis audinys viduje ir i\u0161or\u0117je Mink\u0161tas ir lankstus guminis padas D\u017ei\u016bgauti \u0161viesa Galima skalbti skalbimo ma\u0161inoje 30C laipsni\u0173 temperat\u016broje Unisex modelis &#8211; tinka ir moterims, ir vyrams Odai draugi\u0161ka medviln\u0117 ir [&hellip;]<\/p>\n","protected":false},"featured_media":264781,"comment_status":"open","ping_status":"closed","template":"","meta":{"_acf_changed":false},"product_brand":[],"product_cat":[357,380],"product_tag":[],"class_list":{"0":"post-264780","1":"product","2":"type-product","3":"status-publish","4":"has-post-thumbnail","6":"product_cat-laisvalaikio-avalyne","7":"product_cat-moteriski-batai","8":"product_shipping_class-tarneaeg-1-4-paeva","10":"first","11":"instock","12":"taxable","13":"shipping-taxable","14":"purchasable","15":"product-type-variable","16":"has-default-attributes","17":"add-to-wishlist-after_add_to_cart"},"acf":[],"_links":{"self":[{"href":"https:\/\/tellimused.stiilne.ee\/lt\/wp-json\/wp\/v2\/product\/264780","targetHints":{"allow":["GET"]}}],"collection":[{"href":"https:\/\/tellimused.stiilne.ee\/lt\/wp-json\/wp\/v2\/product"}],"about":[{"href":"https:\/\/tellimused.stiilne.ee\/lt\/wp-json\/wp\/v2\/types\/product"}],"replies":[{"embeddable":true,"href":"https:\/\/tellimused.stiilne.ee\/lt\/wp-json\/wp\/v2\/comments?post=264780"}],"wp:featuredmedia":[{"embeddable":true,"href":"https:\/\/tellimused.stiilne.ee\/lt\/wp-json\/wp\/v2\/media\/264781"}],"wp:attachment":[{"href":"https:\/\/tellimused.stiilne.ee\/lt\/wp-json\/wp\/v2\/media?parent=264780"}],"wp:term":[{"taxonomy":"product_brand","embeddable":true,"href":"https:\/\/tellimused.stiilne.ee\/lt\/wp-json\/wp\/v2\/product_brand?post=264780"},{"taxonomy":"product_cat","embeddable":true,"href":"https:\/\/tellimused.stiilne.ee\/lt\/wp-json\/wp\/v2\/product_cat?post=264780"},{"taxonomy":"product_tag","embeddable":true,"href":"https:\/\/tellimused.stiilne.ee\/lt\/wp-json\/wp\/v2\/product_tag?post=264780"}],"curies":[{"name":"wp","href":"https:\/\/api.w.org\/{rel}","templated":true}]}}