{"id":264784,"date":"2026-03-12T15:00:26","date_gmt":"2026-03-12T13:00:26","guid":{"rendered":"https:\/\/tellimused.stiilne.ee\/toode\/mugavad-mustad-korvalt-lukuga-tanksaapad-naistele-uudis-kohe-laos\/"},"modified":"2026-04-07T11:07:47","modified_gmt":"2026-04-07T08:07:47","slug":"patogus-juodi-batai-su-soniniu-uztrauktuku-moterims-naujiena-naudojime","status":"publish","type":"product","link":"https:\/\/tellimused.stiilne.ee\/lt\/produktas\/patogus-juodi-batai-su-soniniu-uztrauktuku-moterims-naujiena-naudojime\/","title":{"rendered":"Patog\u016bs juodi batai su \u0161oniniu u\u017etrauktuku moterims &#8211; NAUJIENA NAUDOJIME"},"content":{"rendered":"<p>&nbsp;<\/p>\n<p>Patog\u016bs dirbtin\u0117s zom\u0161os batai storesniu padu puikiai tinka rudens ir \u017eiemos sezonui.<\/p>\n<p>Vidin\u0117 sagtis leid\u017eia lengvai u\u017esisegti batus.<\/p>\n<p>Klasikinis paprastas tank\u0173 bat\u0173 dizainas leid\u017eia juos lengvai derinti su d\u017einsais ar suknel\u0117mis &#8211; tai universal\u016bs batai, kuriuos lengva priderinti prie \u012fvairios aprangos.<\/p>\n<p>Batai dabar yra sand\u0117lyje &#8211; pristatymas po keli\u0173 dien\u0173<\/p>\n<p>U\u017esakymai, pateikti likus darbo dienai iki termino pabaigos, bus i\u0161si\u0173sti t\u0105 pa\u010di\u0105 dien\u0105.<\/p>\n","protected":false},"excerpt":{"rendered":"<p>&nbsp; Patog\u016bs dirbtin\u0117s zom\u0161os batai storesniu padu puikiai tinka rudens ir \u017eiemos sezonui. Vidin\u0117 sagtis leid\u017eia lengvai u\u017esisegti batus. Klasikinis paprastas tank\u0173 bat\u0173 dizainas leid\u017eia juos lengvai derinti su d\u017einsais ar suknel\u0117mis &#8211; tai universal\u016bs batai, kuriuos lengva priderinti prie \u012fvairios aprangos. Batai dabar yra sand\u0117lyje &#8211; pristatymas po keli\u0173 dien\u0173 U\u017esakymai, pateikti likus darbo [&hellip;]<\/p>\n","protected":false},"featured_media":264785,"comment_status":"open","ping_status":"closed","template":"","meta":{"_acf_changed":false},"product_brand":[],"product_cat":[381],"product_tag":[],"class_list":{"0":"post-264784","1":"product","2":"type-product","3":"status-publish","4":"has-post-thumbnail","6":"product_cat-pusbatai","7":"product_shipping_class-tarneaeg-1-4-paeva","9":"first","10":"instock","11":"sale","12":"taxable","13":"shipping-taxable","14":"purchasable","15":"product-type-variable","16":"has-default-attributes","17":"add-to-wishlist-after_add_to_cart"},"acf":[],"_links":{"self":[{"href":"https:\/\/tellimused.stiilne.ee\/lt\/wp-json\/wp\/v2\/product\/264784","targetHints":{"allow":["GET"]}}],"collection":[{"href":"https:\/\/tellimused.stiilne.ee\/lt\/wp-json\/wp\/v2\/product"}],"about":[{"href":"https:\/\/tellimused.stiilne.ee\/lt\/wp-json\/wp\/v2\/types\/product"}],"replies":[{"embeddable":true,"href":"https:\/\/tellimused.stiilne.ee\/lt\/wp-json\/wp\/v2\/comments?post=264784"}],"wp:featuredmedia":[{"embeddable":true,"href":"https:\/\/tellimused.stiilne.ee\/lt\/wp-json\/wp\/v2\/media\/264785"}],"wp:attachment":[{"href":"https:\/\/tellimused.stiilne.ee\/lt\/wp-json\/wp\/v2\/media?parent=264784"}],"wp:term":[{"taxonomy":"product_brand","embeddable":true,"href":"https:\/\/tellimused.stiilne.ee\/lt\/wp-json\/wp\/v2\/product_brand?post=264784"},{"taxonomy":"product_cat","embeddable":true,"href":"https:\/\/tellimused.stiilne.ee\/lt\/wp-json\/wp\/v2\/product_cat?post=264784"},{"taxonomy":"product_tag","embeddable":true,"href":"https:\/\/tellimused.stiilne.ee\/lt\/wp-json\/wp\/v2\/product_tag?post=264784"}],"curies":[{"name":"wp","href":"https:\/\/api.w.org\/{rel}","templated":true}]}}