{"id":264819,"date":"2026-03-12T14:59:03","date_gmt":"2026-03-12T12:59:03","guid":{"rendered":"https:\/\/tellimused.stiilne.ee\/toode\/naiste-kummikud-punased-lemigo-garden-kergest-eva-materjalist-kohe-laos\/"},"modified":"2026-04-07T11:07:47","modified_gmt":"2026-04-07T08:07:47","slug":"moteriski-raudoni-guminiai-batai-lemigo-garden-lengvi-is-eva-medziagos-yra-sandelyje","status":"publish","type":"product","link":"https:\/\/tellimused.stiilne.ee\/lt\/produktas\/moteriski-raudoni-guminiai-batai-lemigo-garden-lengvi-is-eva-medziagos-yra-sandelyje\/","title":{"rendered":"Moteri\u0161ki raudoni guminiai batai &#8222;Lemigo Garden&#8221;, lengvi, i\u0161 Eva med\u017eiagos, yra sand\u0117lyje"},"content":{"rendered":"<h3 data-start=\"204\" data-end=\"283\"><strong data-start=\"208\" data-end=\"283\">&#8222;Lemigo Garden&#8221; moteri\u0161kos basut\u0117s &#8211; lengvos, \u0161iltos ir patogios d\u0117v\u0117ti kiekvien\u0105 dien\u0105<\/strong><\/h3>\n<p data-start=\"285\" data-end=\"584\">Ie\u0161kote lengv\u0173 ir patogi\u0173 gumini\u0173 bat\u0173 lietingai dienai mieste ar \u017eygiui gamtoje? <strong data-start=\"390\" data-end=\"423\">Lemigo Garden moteri\u0161ki batai<\/strong> yra tai, ko jums reikia! Stilingi ir prakti\u0161ki, jie &#8211; puikus palydovas vaik\u0161tant su \u0161unimi, dirbant sode ar \u017eygiuojant po rudens pelkes. <\/p>\n<p data-start=\"586\" data-end=\"776\">D\u0117l naujovi\u0161kos EVA med\u017eiagos \u0161ie guminiai batai yra <strong data-start=\"638\" data-end=\"661\">tris kartus lengvesni u\u017e<\/strong> \u012fprastus guminius batus, be to, v\u0117sesniu oru jie <strong data-start=\"708\" data-end=\"726\">i\u0161laiko<\/strong> kojas \u0161iltas.<\/p>\n<p data-start=\"586\" data-end=\"776\">&#8222;Lemigo Garden&#8221; moteri\u0161k\u0173 gumini\u0173 bat\u0173 savyb\u0117s:<\/p>\n<p data-start=\"815\" data-end=\"918\"> \ufe0f <strong data-start=\"819\" data-end=\"843\">Atspar\u016bs vandeniui ir lengvi<\/strong> &#8211; pagaminti i\u0161 EVA med\u017eiagos, kuri yra gerokai lengvesn\u0117 u\u017e \u012fprast\u0105 gum\u0105.<\/p>\n<p data-start=\"921\" data-end=\"1008\">\u2744\ufe0f <strong data-start=\"924\" data-end=\"941\">\u0160iltinimas<\/strong> &#8211; EVA med\u017eiaga ir i\u0161imamas mink\u0161tas vidpadis i\u0161laiko kojas \u0161iltas.<\/p>\n<p data-start=\"1011\" data-end=\"1112\">  <strong data-start=\"1014\" data-end=\"1035\">Patogu u\u017es<\/strong> id\u0117ti &#8211; gumos \u0161onuose yra prakti\u0161kos angos, kuriomis lengva u\u017esid\u0117ti.<\/p>\n<p data-start=\"1115\" data-end=\"1195\">  <strong data-start=\"1118\" data-end=\"1135\">Geras sukibimas<\/strong> &#8211; ra\u0161tuotas padas u\u017etikrina geresn\u012f sukibim\u0105 net ant slid\u017ei\u0173 pavir\u0161i\u0173.<\/p>\n<p data-start=\"1198\" data-end=\"1278\">  <strong data-start=\"1201\" data-end=\"1224\">Universalus naudojimas<\/strong> &#8211; tinka miesto gatv\u0117je, mi\u0161ke, sode ar pasivaik\u0161\u010diojimui.<\/p>\n<p>   <strong data-start=\"1288\" data-end=\"1317\">Prek\u0117s yra sand\u0117lyje!<\/strong><br data-start=\"1317\" data-end=\"1320\">U\u017esakymai, pateikti darbo dienomis iki 17:00, bus i\u0161si\u0173sti t\u0105 pa\u010di\u0105 dien\u0105, tod\u0117l siuntinys paprastai bus pristatytas \u012f j\u016bs\u0173 pasirinkt\u0105 siunt\u0173 pristatymo ma\u0161in\u0105 kit\u0105 \/ artimiausi\u0105 darbo dien\u0105!<\/p>\n<p>Norite dar patogesni\u0173 gumini\u0173 bat\u0173 rudeniui ar lietingai dienai? <strong data-start=\"1550\" data-end=\"1576\">&#8222;Lemigo Garden&#8221; aulinukai<\/strong> j\u016bs\u0173 nenuvils &#8211; rinkit\u0117s prakti\u0161kum\u0105, patogum\u0105 ir stili\u0173 kartu!<\/p>\n<p>&nbsp;<\/p>\n","protected":false},"excerpt":{"rendered":"<p>&#8222;Lemigo Garden&#8221; moteri\u0161kos basut\u0117s &#8211; lengvos, \u0161iltos ir patogios d\u0117v\u0117ti kiekvien\u0105 dien\u0105 Ie\u0161kote lengv\u0173 ir patogi\u0173 gumini\u0173 bat\u0173 lietingai dienai mieste ar \u017eygiui gamtoje? Lemigo Garden moteri\u0161ki batai yra tai, ko jums reikia! Stilingi ir prakti\u0161ki, jie &#8211; puikus palydovas vaik\u0161tant su \u0161unimi, dirbant sode ar \u017eygiuojant po rudens pelkes. D\u0117l naujovi\u0161kos EVA med\u017eiagos \u0161ie [&hellip;]<\/p>\n","protected":false},"featured_media":264820,"comment_status":"open","ping_status":"closed","template":"","meta":{"_acf_changed":false},"product_brand":[],"product_cat":[348],"product_tag":[],"class_list":{"0":"post-264819","1":"product","2":"type-product","3":"status-publish","4":"has-post-thumbnail","6":"product_cat-moteriskos-gumines","7":"product_shipping_class-tarneaeg-1-4-paeva","9":"first","10":"instock","11":"sale","12":"taxable","13":"shipping-taxable","14":"purchasable","15":"product-type-variable","16":"has-default-attributes","17":"add-to-wishlist-after_add_to_cart"},"acf":[],"_links":{"self":[{"href":"https:\/\/tellimused.stiilne.ee\/lt\/wp-json\/wp\/v2\/product\/264819","targetHints":{"allow":["GET"]}}],"collection":[{"href":"https:\/\/tellimused.stiilne.ee\/lt\/wp-json\/wp\/v2\/product"}],"about":[{"href":"https:\/\/tellimused.stiilne.ee\/lt\/wp-json\/wp\/v2\/types\/product"}],"replies":[{"embeddable":true,"href":"https:\/\/tellimused.stiilne.ee\/lt\/wp-json\/wp\/v2\/comments?post=264819"}],"wp:featuredmedia":[{"embeddable":true,"href":"https:\/\/tellimused.stiilne.ee\/lt\/wp-json\/wp\/v2\/media\/264820"}],"wp:attachment":[{"href":"https:\/\/tellimused.stiilne.ee\/lt\/wp-json\/wp\/v2\/media?parent=264819"}],"wp:term":[{"taxonomy":"product_brand","embeddable":true,"href":"https:\/\/tellimused.stiilne.ee\/lt\/wp-json\/wp\/v2\/product_brand?post=264819"},{"taxonomy":"product_cat","embeddable":true,"href":"https:\/\/tellimused.stiilne.ee\/lt\/wp-json\/wp\/v2\/product_cat?post=264819"},{"taxonomy":"product_tag","embeddable":true,"href":"https:\/\/tellimused.stiilne.ee\/lt\/wp-json\/wp\/v2\/product_tag?post=264819"}],"curies":[{"name":"wp","href":"https:\/\/api.w.org\/{rel}","templated":true}]}}