{"id":264823,"date":"2026-03-12T14:59:03","date_gmt":"2026-03-12T12:59:03","guid":{"rendered":"https:\/\/tellimused.stiilne.ee\/toode\/mugavad-mustad-naiste-suvesandaalid-kohe-laos-viimased-jaanud\/"},"modified":"2026-04-07T11:07:48","modified_gmt":"2026-04-07T08:07:48","slug":"patogus-juodi-moteriski-vasariniai-sandalai-paskutiniai-like-sandelyje-kohe","status":"publish","type":"product","link":"https:\/\/tellimused.stiilne.ee\/lt\/produktas\/patogus-juodi-moteriski-vasariniai-sandalai-paskutiniai-like-sandelyje-kohe\/","title":{"rendered":"Patog\u016bs juodi moteri\u0161ki vasariniai sandalai &#8211; paskutiniai lik\u0119 sand\u0117lyje-DABAR TURIME"},"content":{"rendered":"<p>&nbsp;<\/p>\n<p>Patog\u016bs moteri\u0161ki vasariniai sandalai su geru pado auk\u0161\u010diu vasaros nuotykiams<\/p>\n<p>Sandal\u0173 med\u017eiaga mink\u0161ta ir kokybi\u0161ka dirbtin\u0117 oda<\/p>\n<p>Pritvirtinimas patogiu \u0161oniniu paspaudimu<\/p>\n<p>P\u0117dos auk\u0161tis 3,5 cm<\/p>\n<p>Sandal\u0173 vidpad\u017eio i\u0161matavimai yra tokie &#8211; modelis puikiai tinka standartiniams Europos dyd\u017eiams.<\/p>\n<p>36-23,5 cm<\/p>\n<p>37-24 cm<\/p>\n<p>38-24,5 cm<\/p>\n<p>39-25 cm<\/p>\n<p>40-26 cm<\/p>\n<p>41-26,5 cm<\/p>\n<p>Sandal\u0173 pristatymo laikas iki 7 darbo dien\u0173<\/p>\n","protected":false},"excerpt":{"rendered":"<p>&nbsp; Patog\u016bs moteri\u0161ki vasariniai sandalai su geru pado auk\u0161\u010diu vasaros nuotykiams Sandal\u0173 med\u017eiaga mink\u0161ta ir kokybi\u0161ka dirbtin\u0117 oda Pritvirtinimas patogiu \u0161oniniu paspaudimu P\u0117dos auk\u0161tis 3,5 cm Sandal\u0173 vidpad\u017eio i\u0161matavimai yra tokie &#8211; modelis puikiai tinka standartiniams Europos dyd\u017eiams. 36-23,5 cm 37-24 cm 38-24,5 cm 39-25 cm 40-26 cm 41-26,5 cm Sandal\u0173 pristatymo laikas iki 7 [&hellip;]<\/p>\n","protected":false},"featured_media":264824,"comment_status":"open","ping_status":"closed","template":"","meta":{"_acf_changed":false},"product_brand":[],"product_cat":[389],"product_tag":[],"class_list":{"0":"post-264823","1":"product","2":"type-product","3":"status-publish","4":"has-post-thumbnail","6":"product_cat-atviruosius-vasarinius-batus","7":"product_shipping_class-tarneaeg-1-4-paeva","9":"first","10":"instock","11":"sale","12":"taxable","13":"shipping-taxable","14":"purchasable","15":"product-type-variable","16":"has-default-attributes","17":"add-to-wishlist-after_add_to_cart"},"acf":[],"_links":{"self":[{"href":"https:\/\/tellimused.stiilne.ee\/lt\/wp-json\/wp\/v2\/product\/264823","targetHints":{"allow":["GET"]}}],"collection":[{"href":"https:\/\/tellimused.stiilne.ee\/lt\/wp-json\/wp\/v2\/product"}],"about":[{"href":"https:\/\/tellimused.stiilne.ee\/lt\/wp-json\/wp\/v2\/types\/product"}],"replies":[{"embeddable":true,"href":"https:\/\/tellimused.stiilne.ee\/lt\/wp-json\/wp\/v2\/comments?post=264823"}],"wp:featuredmedia":[{"embeddable":true,"href":"https:\/\/tellimused.stiilne.ee\/lt\/wp-json\/wp\/v2\/media\/264824"}],"wp:attachment":[{"href":"https:\/\/tellimused.stiilne.ee\/lt\/wp-json\/wp\/v2\/media?parent=264823"}],"wp:term":[{"taxonomy":"product_brand","embeddable":true,"href":"https:\/\/tellimused.stiilne.ee\/lt\/wp-json\/wp\/v2\/product_brand?post=264823"},{"taxonomy":"product_cat","embeddable":true,"href":"https:\/\/tellimused.stiilne.ee\/lt\/wp-json\/wp\/v2\/product_cat?post=264823"},{"taxonomy":"product_tag","embeddable":true,"href":"https:\/\/tellimused.stiilne.ee\/lt\/wp-json\/wp\/v2\/product_tag?post=264823"}],"curies":[{"name":"wp","href":"https:\/\/api.w.org\/{rel}","templated":true}]}}