{"id":264848,"date":"2026-03-12T14:52:20","date_gmt":"2026-03-12T12:52:20","guid":{"rendered":"https:\/\/tellimused.stiilne.ee\/toode\/charm-london-naturaalnahast-mobiilikott-fuksiaroosa-kohe-laos-kiire-tarne\/"},"modified":"2026-04-07T11:07:45","modified_gmt":"2026-04-07T08:07:45","slug":"charm-london-naturalios-odos-rankine-mobiliajam-telefonui-fuksiju-rozines-spalvos-kur-yra-sandelyje-galima-uzsakyti","status":"publish","type":"product","link":"https:\/\/tellimused.stiilne.ee\/lt\/produktas\/charm-london-naturalios-odos-rankine-mobiliajam-telefonui-fuksiju-rozines-spalvos-kur-yra-sandelyje-galima-uzsakyti\/","title":{"rendered":"CHARM LONDON nat\u016bralios odos rankin\u0117 mobiliajam telefonui, fuksij\u0173 ro\u017ein\u0117s spalvos-kur yra sand\u0117lyje-galima u\u017esakyti"},"content":{"rendered":"<p>&nbsp;<\/p>\n<p>Patogi ma\u017eesn\u0117 nat\u016bralios odos moteri\u0161ka rankin\u0117 mobiliajam telefonui yra geras pasirinkimas, jei norite ma\u017eos, paprastesn\u0117s rankin\u0117s mobiliajam telefonui ir smulkiems daiktams laikyti.Geras pasirinkimas vasar\u0105, kai nenorite ne\u0161iotis didel\u0117s rankin\u0117s.<\/p>\n<p>Mobilusis krep\u0161ys pagamintas i\u0161 nat\u016bralios odos viduje ir i\u0161or\u0117je<\/p>\n<p> Krep\u0161ys yra<strong>18 cm auk\u0161\u010dio ir 12 cm plo\u010dio<\/strong><\/p>\n<p>Krep\u0161io vir\u0161us u\u017esegamas magnetu<\/p>\n<p>Ilgasis mobiliojo krep\u0161io dir\u017eelis yra reguliuojamas &#8211; tod\u0117l galite reguliuoti krep\u0161io ilg\u012f tiksliai pagal savo dyd\u012f<\/p>\n<p>Krep\u0161ys viduje padalytas \u012f dvi dalis &#8211; viena skirta mobiliajam telefonui, kita &#8211; banko kortelei ir raktams.<\/p>\n<p>Mobilusis krep\u0161ys dabar yra sand\u0117lyje &#8211; pristatymas u\u017etrunka por\u0105 dien\u0173.<\/p>\n","protected":false},"excerpt":{"rendered":"<p>&nbsp; Patogi ma\u017eesn\u0117 nat\u016bralios odos moteri\u0161ka rankin\u0117 mobiliajam telefonui yra geras pasirinkimas, jei norite ma\u017eos, paprastesn\u0117s rankin\u0117s mobiliajam telefonui ir smulkiems daiktams laikyti.Geras pasirinkimas vasar\u0105, kai nenorite ne\u0161iotis didel\u0117s rankin\u0117s. Mobilusis krep\u0161ys pagamintas i\u0161 nat\u016bralios odos viduje ir i\u0161or\u0117je Krep\u0161ys yra18 cm auk\u0161\u010dio ir 12 cm plo\u010dio Krep\u0161io vir\u0161us u\u017esegamas magnetu Ilgasis mobiliojo krep\u0161io dir\u017eelis [&hellip;]<\/p>\n","protected":false},"featured_media":264850,"comment_status":"open","ping_status":"closed","template":"","meta":{"_acf_changed":false},"product_brand":[],"product_cat":[391],"product_tag":[],"class_list":{"0":"post-264848","1":"product","2":"type-product","3":"status-publish","4":"has-post-thumbnail","6":"product_cat-mobilieji-telefonai-10-nuolaida","7":"product_shipping_class-tarneaeg-1-4-paeva","9":"first","10":"instock","11":"sale","12":"taxable","13":"shipping-taxable","14":"purchasable","15":"product-type-variable","16":"has-default-attributes","17":"add-to-wishlist-after_add_to_cart"},"acf":[],"_links":{"self":[{"href":"https:\/\/tellimused.stiilne.ee\/lt\/wp-json\/wp\/v2\/product\/264848","targetHints":{"allow":["GET"]}}],"collection":[{"href":"https:\/\/tellimused.stiilne.ee\/lt\/wp-json\/wp\/v2\/product"}],"about":[{"href":"https:\/\/tellimused.stiilne.ee\/lt\/wp-json\/wp\/v2\/types\/product"}],"replies":[{"embeddable":true,"href":"https:\/\/tellimused.stiilne.ee\/lt\/wp-json\/wp\/v2\/comments?post=264848"}],"wp:featuredmedia":[{"embeddable":true,"href":"https:\/\/tellimused.stiilne.ee\/lt\/wp-json\/wp\/v2\/media\/264850"}],"wp:attachment":[{"href":"https:\/\/tellimused.stiilne.ee\/lt\/wp-json\/wp\/v2\/media?parent=264848"}],"wp:term":[{"taxonomy":"product_brand","embeddable":true,"href":"https:\/\/tellimused.stiilne.ee\/lt\/wp-json\/wp\/v2\/product_brand?post=264848"},{"taxonomy":"product_cat","embeddable":true,"href":"https:\/\/tellimused.stiilne.ee\/lt\/wp-json\/wp\/v2\/product_cat?post=264848"},{"taxonomy":"product_tag","embeddable":true,"href":"https:\/\/tellimused.stiilne.ee\/lt\/wp-json\/wp\/v2\/product_tag?post=264848"}],"curies":[{"name":"wp","href":"https:\/\/api.w.org\/{rel}","templated":true}]}}