{"id":264852,"date":"2026-03-12T14:52:20","date_gmt":"2026-03-12T12:52:20","guid":{"rendered":"https:\/\/tellimused.stiilne.ee\/toode\/armas-hall-pikem-figuurisobralik-taskutega-kleit-nelli-aasalilled-tellimisel\/"},"modified":"2026-04-07T11:07:45","modified_gmt":"2026-04-07T08:07:45","slug":"miela-pilka-ilga-figura-isryskinanti-suknele-su-kisenemis-nelli-auskarai-pagal-uzsakyma","status":"publish","type":"product","link":"https:\/\/tellimused.stiilne.ee\/lt\/produktas\/miela-pilka-ilga-figura-isryskinanti-suknele-su-kisenemis-nelli-auskarai-pagal-uzsakyma\/","title":{"rendered":"Miela pilka ilga fig\u016br\u0105 i\u0161ry\u0161kinanti suknel\u0117 su ki\u0161en\u0117mis Nelli Auskarai &#8211; pagal u\u017esakym\u0105"},"content":{"rendered":"<p>&nbsp;<\/p>\n<p>Puiki suknel\u0117 \u0161iek tiek v\u0117juotam ir \u0161altesniam orui Estijoje &#8211; d\u0117v\u0117kite j\u0105 laisvalaikiu, darbe ar kavin\u0117je su draugais &#8211; &#8222;Nelli&#8221; suknel\u0119 Estijoje galima d\u0117v\u0117ti i\u0161tisus metus.<\/p>\n<p>Suknel\u0117s rankovi\u0173 dalis po kr\u016btine yra auk\u0161tesn\u0117, tod\u0117l d\u0117l suknel\u0117s kirpimo moteris vizualiai atrodo ilgesn\u0117 ir lieknesn\u0117 &#8211; tai malonus papildomas privalumas.<\/p>\n<p>Fig\u016br\u0105 formuojanti suknel\u0117 su mink\u0161tomis ki\u0161en\u0117mis sukurta ir rank\u0173 darbo Estijoje.<\/p>\n<p>Suknel\u0117s med\u017eiaga yra 95 % medviln\u0117s ir 5 % elastano &#8211; mink\u0161ta ir jauki prie odos<\/p>\n<p>Suknel\u0117 siuvama pagal kliento u\u017esakym\u0105, o jos laukimo laikas yra iki 15 dien\u0173 &#8211; paprastai prek\u0117 pristatoma per savait\u0119<\/p>\n<p>D\u0116MESIO! Suknel\u0117s audinys yra i\u0161 elastin\u0117s med\u017eiagos &#8211; suknel\u0117 \u0161iek tiek i\u0161sitempia u\u017esid\u0117jus ant nugaros<\/p>\n<p>Tikslius i\u0161matavimus rasite lentel\u0117je po papildomomis nuotraukomis.<\/p>\n<p>&nbsp;<\/p>\n","protected":false},"excerpt":{"rendered":"<p>&nbsp; Puiki suknel\u0117 \u0161iek tiek v\u0117juotam ir \u0161altesniam orui Estijoje &#8211; d\u0117v\u0117kite j\u0105 laisvalaikiu, darbe ar kavin\u0117je su draugais &#8211; &#8222;Nelli&#8221; suknel\u0119 Estijoje galima d\u0117v\u0117ti i\u0161tisus metus. Suknel\u0117s rankovi\u0173 dalis po kr\u016btine yra auk\u0161tesn\u0117, tod\u0117l d\u0117l suknel\u0117s kirpimo moteris vizualiai atrodo ilgesn\u0117 ir lieknesn\u0117 &#8211; tai malonus papildomas privalumas. Fig\u016br\u0105 formuojanti suknel\u0117 su mink\u0161tomis ki\u0161en\u0117mis [&hellip;]<\/p>\n","protected":false},"featured_media":264853,"comment_status":"open","ping_status":"closed","template":"","meta":{"_acf_changed":false},"product_brand":[],"product_cat":[299],"product_tag":[],"class_list":{"0":"post-264852","1":"product","2":"type-product","3":"status-publish","4":"has-post-thumbnail","6":"product_cat-yemi-disain-sukneles","7":"product_shipping_class-tarneaeg-5-15-paeva","9":"first","10":"instock","11":"sale","12":"taxable","13":"shipping-taxable","14":"purchasable","15":"product-type-variable","16":"has-default-attributes","17":"add-to-wishlist-after_add_to_cart"},"acf":[],"_links":{"self":[{"href":"https:\/\/tellimused.stiilne.ee\/lt\/wp-json\/wp\/v2\/product\/264852","targetHints":{"allow":["GET"]}}],"collection":[{"href":"https:\/\/tellimused.stiilne.ee\/lt\/wp-json\/wp\/v2\/product"}],"about":[{"href":"https:\/\/tellimused.stiilne.ee\/lt\/wp-json\/wp\/v2\/types\/product"}],"replies":[{"embeddable":true,"href":"https:\/\/tellimused.stiilne.ee\/lt\/wp-json\/wp\/v2\/comments?post=264852"}],"wp:featuredmedia":[{"embeddable":true,"href":"https:\/\/tellimused.stiilne.ee\/lt\/wp-json\/wp\/v2\/media\/264853"}],"wp:attachment":[{"href":"https:\/\/tellimused.stiilne.ee\/lt\/wp-json\/wp\/v2\/media?parent=264852"}],"wp:term":[{"taxonomy":"product_brand","embeddable":true,"href":"https:\/\/tellimused.stiilne.ee\/lt\/wp-json\/wp\/v2\/product_brand?post=264852"},{"taxonomy":"product_cat","embeddable":true,"href":"https:\/\/tellimused.stiilne.ee\/lt\/wp-json\/wp\/v2\/product_cat?post=264852"},{"taxonomy":"product_tag","embeddable":true,"href":"https:\/\/tellimused.stiilne.ee\/lt\/wp-json\/wp\/v2\/product_tag?post=264852"}],"curies":[{"name":"wp","href":"https:\/\/api.w.org\/{rel}","templated":true}]}}