{"id":264873,"date":"2026-03-12T14:50:55","date_gmt":"2026-03-12T12:50:55","guid":{"rendered":"https:\/\/tellimused.stiilne.ee\/toode\/naiste-kummikud-taevasinised-lemigo-garden-kergest-eva-materjalist-kohe-laos\/"},"modified":"2026-03-12T14:50:55","modified_gmt":"2026-03-12T12:50:55","slug":"naiste-kummikud-taevasinised-lemigo-garden-kergest-eva-materjalist-kohe-laos","status":"publish","type":"product","link":"https:\/\/tellimused.stiilne.ee\/lt\/produktas\/naiste-kummikud-taevasinised-lemigo-garden-kergest-eva-materjalist-kohe-laos\/","title":{"rendered":"Naiste kummikud taevasinised Lemigo Garden-kergest Eva materjalist-KOHE LAOS"},"content":{"rendered":"<h3 data-start=\"204\" data-end=\"283\"><strong data-start=\"208\" data-end=\"283\">Lemigo Garden naiste kummikud \u2013 kerged, soojad ja mugavad igaks p\u00e4evaks<\/strong><\/h3>\n<p data-start=\"285\" data-end=\"584\">Otsid kergeid ja mugavaid kummikuid, mis sobivad nii vihmaseks linnap\u00e4evaks kui ka looduses matkamiseks? <strong data-start=\"390\" data-end=\"423\">Lemigo Garden naiste kummikud<\/strong> on just need, mida vajad! Need stiilsed ja praktilised kummikud on suurep\u00e4rased kaaslased nii koeraga jalutades, aiat\u00f6id tehes, kui ka s\u00fcgiseses rabas uitamiseks.<\/p>\n<p data-start=\"586\" data-end=\"776\">T\u00e4nu uuenduslikule EVA materjalile on need kummikud <strong data-start=\"638\" data-end=\"661\">kolm korda kergemad,<\/strong> kui tavalised kummist kummikud ning lisaks ka <strong data-start=\"708\" data-end=\"726\">soojapidavamad<\/strong>, hoides jalad m\u00f5nusalt soojas ka jahedama ilmaga.<\/p>\n<p data-start=\"586\" data-end=\"776\">Lemigo Garden naiste kummikute omadused:<\/p>\n<p data-start=\"815\" data-end=\"918\">\ud83c\udf27\ufe0f <strong data-start=\"819\" data-end=\"843\">Veekindlad ja kerged<\/strong> \u2013 valmistatud EVA materjalist, mis on oluliselt kergem kui tavaline kumm<\/p>\n<p data-start=\"921\" data-end=\"1008\">\u2744\ufe0f <strong data-start=\"924\" data-end=\"941\">Soojuspidavad<\/strong> \u2013 EVA materjal ja eemaldatav pehme sisetald hoiavad jalad soojas<\/p>\n<p data-start=\"1011\" data-end=\"1112\">\ud83d\udc5f <strong data-start=\"1014\" data-end=\"1035\">Mugav jalga panna<\/strong> \u2013 kummiku k\u00fclgedel on praktilised avad, mis teevad jalga panemise lihtsaks<\/p>\n<p data-start=\"1115\" data-end=\"1195\">\ud83e\udd7e <strong data-start=\"1118\" data-end=\"1135\">Hea haarduvus<\/strong> \u2013 mustriga tald tagab parema pidamise ka libedamal pinnal<\/p>\n<p data-start=\"1198\" data-end=\"1278\">\ud83c\udf3f <strong data-start=\"1201\" data-end=\"1224\">Mitmek\u00fclgne kasutus<\/strong> \u2013 sobib linnat\u00e4navale, metsa, aeda v\u00f5i jalutusk\u00e4igule<\/p>\n<p>\ud83c\udf81 <strong data-start=\"1288\" data-end=\"1317\">Kaup on kohe laos olemas!<\/strong><br data-start=\"1317\" data-end=\"1320\" \/>Tellimused, mis on tehtud t\u00f6\u00f6p\u00e4eviti enne kella 17:00, postitame samal p\u00e4eval \u2013 nii j\u00f5uab pakk tavaliselt juba j\u00e4rgmisel\/\u00fclej\u00e4rgmisel t\u00f6\u00f6p\u00e4eval sinu valitud pakiautomaati!<\/p>\n<p>Soovid veelgi mugavamamaid kummikuid s\u00fcgiseks v\u00f5i vihmaseks p\u00e4evaks? <strong data-start=\"1550\" data-end=\"1576\">Lemigo Garden kummikud<\/strong> ei vea sind alt \u2013 vali praktilisus, mugavus ja stiil \u00fcheskoos!<\/p>\n","protected":false},"excerpt":{"rendered":"<p>Lemigo Garden naiste kummikud \u2013 kerged, soojad ja mugavad igaks p\u00e4evaks Otsid kergeid ja mugavaid kummikuid, mis sobivad nii vihmaseks linnap\u00e4evaks kui ka looduses matkamiseks? Lemigo Garden naiste kummikud on just need, mida vajad! Need stiilsed ja praktilised kummikud on suurep\u00e4rased kaaslased nii koeraga jalutades, aiat\u00f6id tehes, kui ka s\u00fcgiseses rabas uitamiseks. T\u00e4nu uuenduslikule EVA [&hellip;]<\/p>\n","protected":false},"featured_media":264874,"comment_status":"open","ping_status":"closed","template":"","meta":{"_acf_changed":false},"product_brand":[],"product_cat":[348],"product_tag":[],"class_list":{"0":"post-264873","1":"product","2":"type-product","3":"status-publish","4":"has-post-thumbnail","6":"product_cat-moteriskos-gumines","7":"product_shipping_class-tarneaeg-1-4-paeva","9":"first","10":"instock","11":"sale","12":"taxable","13":"shipping-taxable","14":"purchasable","15":"product-type-variable","16":"has-default-attributes","17":"add-to-wishlist-after_add_to_cart"},"acf":[],"_links":{"self":[{"href":"https:\/\/tellimused.stiilne.ee\/lt\/wp-json\/wp\/v2\/product\/264873","targetHints":{"allow":["GET"]}}],"collection":[{"href":"https:\/\/tellimused.stiilne.ee\/lt\/wp-json\/wp\/v2\/product"}],"about":[{"href":"https:\/\/tellimused.stiilne.ee\/lt\/wp-json\/wp\/v2\/types\/product"}],"replies":[{"embeddable":true,"href":"https:\/\/tellimused.stiilne.ee\/lt\/wp-json\/wp\/v2\/comments?post=264873"}],"wp:featuredmedia":[{"embeddable":true,"href":"https:\/\/tellimused.stiilne.ee\/lt\/wp-json\/wp\/v2\/media\/264874"}],"wp:attachment":[{"href":"https:\/\/tellimused.stiilne.ee\/lt\/wp-json\/wp\/v2\/media?parent=264873"}],"wp:term":[{"taxonomy":"product_brand","embeddable":true,"href":"https:\/\/tellimused.stiilne.ee\/lt\/wp-json\/wp\/v2\/product_brand?post=264873"},{"taxonomy":"product_cat","embeddable":true,"href":"https:\/\/tellimused.stiilne.ee\/lt\/wp-json\/wp\/v2\/product_cat?post=264873"},{"taxonomy":"product_tag","embeddable":true,"href":"https:\/\/tellimused.stiilne.ee\/lt\/wp-json\/wp\/v2\/product_tag?post=264873"}],"curies":[{"name":"wp","href":"https:\/\/api.w.org\/{rel}","templated":true}]}}