{"id":264877,"date":"2026-03-12T14:50:34","date_gmt":"2026-03-12T12:50:34","guid":{"rendered":"https:\/\/tellimused.stiilne.ee\/toode\/puhv-varrukatega-tumelilla-taskutega-kleit-pille-abstrakt-kohe-loas-suurus-s36-38viimane\/"},"modified":"2026-04-07T11:07:53","modified_gmt":"2026-04-07T08:07:53","slug":"pukine-suknele-su-tamsiai-violetinemis-kisenemis-pille-abstrakt-kohe-loas-dydis-s36-38viimane","status":"publish","type":"product","link":"https:\/\/tellimused.stiilne.ee\/lt\/produktas\/pukine-suknele-su-tamsiai-violetinemis-kisenemis-pille-abstrakt-kohe-loas-dydis-s36-38viimane\/","title":{"rendered":"P\u016bkin\u0117 suknel\u0117 su tamsiai violetin\u0117mis ki\u0161en\u0117mis Pille Abstrakt-DABAR TURIME dydis S(36-38)PRISTATYMAS"},"content":{"rendered":"<p>Puiki suknel\u0117 \u0161iek tiek v\u0117juotam ir v\u0117sesniam vasaros orui Estijoje &#8211; d\u0117v\u0117kite j\u0105 laisvalaikiu, darbe, eidami \u012f kavin\u0119 su draug\u0117mis ar tiesiog m\u0117gaudamiesi vasaros oru.<\/p>\n<p>D\u0116MESIO!Suknel\u0117 yra platesn\u0117 ir platesnio kirpimo nei \u012fprastai &#8211; jei abejojate tarp dviej\u0173 dyd\u017ei\u0173, rinkit\u0117s vienu dyd\u017eiu ma\u017eesn\u0119 suknel\u0119.<\/p>\n<p>\u0160i fig\u016br\u0105 primenanti suknel\u0117 su mink\u0161tomis ki\u0161en\u0117mis sukurta ir pagaminta Estijoje.<\/p>\n<p>Suknel\u0117 pasi\u016bta i\u0161 95 % odai draugi\u0161kos medviln\u0117s ir 5 % elastano &#8211; mink\u0161ta ir jauki prie odos.<\/p>\n<p><strong>Suknel\u0117 gaminama pagal u\u017esakym\u0105, o laukimo laikas paprastai trunka savait\u0119.<\/strong><\/p>\n<p>Nuotraukoje pavaizduoto modelio \u016bgis yra 158 cm &#8211; daugumos moter\u0173 suknel\u0117s yra vir\u0161 keli\u0173.<\/p>\n<p><strong>Blossom suknel\u0117s matavimo lentel\u0117<\/strong><\/p>\n<table>\n<thead>\n<tr>\n<th><strong>Dydis<\/strong><\/th>\n<th><strong>A Rinna<\/strong><\/p>\n<p><strong>apimtis<\/strong><\/th>\n<th><strong>Dir\u017eas<\/strong><\/p>\n<p><strong>perimetras<\/strong><\/th>\n<th><strong>C klubas<\/strong><\/p>\n<p><strong>apimtis<\/strong><\/th>\n<th><strong>E suknel\u0117 <\/strong><\/p>\n<p><strong>Ilgis<\/strong><\/th>\n<th><strong>F Varruka<\/strong><\/p>\n<p><strong> Ilgis<\/strong><\/th>\n<th><strong>G Alyvos \u0161iaudelis <\/strong><\/p>\n<p><strong>plotis<\/strong><\/th>\n<th><strong>H Varruka <\/strong><\/p>\n<p><strong>Pabaiga<\/strong><\/th>\n<\/tr>\n<\/thead>\n<tbody>\n<tr>\n<td><strong>S<\/strong><\/td>\n<td>102 cm<\/td>\n<td>104 cm<\/td>\n<td>114 cm<\/td>\n<td>97 cm<\/td>\n<td>39,7 cm<\/td>\n<td>26 cm<\/td>\n<td>15,5 cm<\/td>\n<\/tr>\n<tr>\n<td><strong>M<\/strong><\/td>\n<td>108 cm<\/td>\n<td>110 cm<\/td>\n<td>120 cm<\/td>\n<td>98 cm<\/td>\n<td>41 cm<\/td>\n<td>27 cm<\/td>\n<td>16,5 cm<\/td>\n<\/tr>\n<tr>\n<td><strong>L<\/strong><\/td>\n<td>114 cm<\/td>\n<td>116 cm<\/td>\n<td>126 cm<\/td>\n<td>99 cm<\/td>\n<td>42,3 cm<\/td>\n<td>28 cm<\/td>\n<td>17,5 cm<\/td>\n<\/tr>\n<tr>\n<td><strong>XL<\/strong><\/td>\n<td>120 cm<\/td>\n<td>122 cm<\/td>\n<td>132 cm<\/td>\n<td>100 cm<\/td>\n<td>43,6 cm<\/td>\n<td>29 cm<\/td>\n<td>18,5 cm<\/td>\n<\/tr>\n<tr>\n<td><strong>XXL<\/strong><\/td>\n<td>126 cm<\/td>\n<td>128 cm<\/td>\n<td>138 cm<\/td>\n<td>101 cm<\/td>\n<td>44,9 cm<\/td>\n<td>30 cm<\/td>\n<td>19,5 cm<\/td>\n<\/tr>\n<\/tbody>\n<\/table>\n<p>&nbsp;<\/p>\n<p>&nbsp;<\/p>\n<p>&nbsp;<\/p>\n","protected":false},"excerpt":{"rendered":"<p>Puiki suknel\u0117 \u0161iek tiek v\u0117juotam ir v\u0117sesniam vasaros orui Estijoje &#8211; d\u0117v\u0117kite j\u0105 laisvalaikiu, darbe, eidami \u012f kavin\u0119 su draug\u0117mis ar tiesiog m\u0117gaudamiesi vasaros oru. D\u0116MESIO!Suknel\u0117 yra platesn\u0117 ir platesnio kirpimo nei \u012fprastai &#8211; jei abejojate tarp dviej\u0173 dyd\u017ei\u0173, rinkit\u0117s vienu dyd\u017eiu ma\u017eesn\u0119 suknel\u0119. \u0160i fig\u016br\u0105 primenanti suknel\u0117 su mink\u0161tomis ki\u0161en\u0117mis sukurta ir pagaminta Estijoje. [&hellip;]<\/p>\n","protected":false},"featured_media":264878,"comment_status":"open","ping_status":"closed","template":"","meta":{"_acf_changed":false},"product_brand":[],"product_cat":[299],"product_tag":[],"class_list":{"0":"post-264877","1":"product","2":"type-product","3":"status-publish","4":"has-post-thumbnail","6":"product_cat-yemi-disain-sukneles","7":"product_shipping_class-tarneaeg-5-15-paeva","9":"first","10":"instock","11":"sale","12":"taxable","13":"shipping-taxable","14":"purchasable","15":"product-type-variable","16":"has-default-attributes","17":"add-to-wishlist-after_add_to_cart"},"acf":[],"_links":{"self":[{"href":"https:\/\/tellimused.stiilne.ee\/lt\/wp-json\/wp\/v2\/product\/264877","targetHints":{"allow":["GET"]}}],"collection":[{"href":"https:\/\/tellimused.stiilne.ee\/lt\/wp-json\/wp\/v2\/product"}],"about":[{"href":"https:\/\/tellimused.stiilne.ee\/lt\/wp-json\/wp\/v2\/types\/product"}],"replies":[{"embeddable":true,"href":"https:\/\/tellimused.stiilne.ee\/lt\/wp-json\/wp\/v2\/comments?post=264877"}],"wp:featuredmedia":[{"embeddable":true,"href":"https:\/\/tellimused.stiilne.ee\/lt\/wp-json\/wp\/v2\/media\/264878"}],"wp:attachment":[{"href":"https:\/\/tellimused.stiilne.ee\/lt\/wp-json\/wp\/v2\/media?parent=264877"}],"wp:term":[{"taxonomy":"product_brand","embeddable":true,"href":"https:\/\/tellimused.stiilne.ee\/lt\/wp-json\/wp\/v2\/product_brand?post=264877"},{"taxonomy":"product_cat","embeddable":true,"href":"https:\/\/tellimused.stiilne.ee\/lt\/wp-json\/wp\/v2\/product_cat?post=264877"},{"taxonomy":"product_tag","embeddable":true,"href":"https:\/\/tellimused.stiilne.ee\/lt\/wp-json\/wp\/v2\/product_tag?post=264877"}],"curies":[{"name":"wp","href":"https:\/\/api.w.org\/{rel}","templated":true}]}}