{"id":264902,"date":"2026-03-12T14:50:11","date_gmt":"2026-03-12T12:50:11","guid":{"rendered":"https:\/\/tellimused.stiilne.ee\/toode\/meeste-kummikud-mustad-lemigo-garden-kergest-eva-materjalist-kohe-laos-uudis\/"},"modified":"2026-04-07T11:07:54","modified_gmt":"2026-04-07T08:07:54","slug":"vyriski-juodi-guminiai-batai-lemigo-garden-lengva-eva-medziaga-naujai","status":"publish","type":"product","link":"https:\/\/tellimused.stiilne.ee\/lt\/produktas\/vyriski-juodi-guminiai-batai-lemigo-garden-lengva-eva-medziaga-naujai\/","title":{"rendered":"Vyri\u0161ki juodi guminiai batai Lemigo Garden &#8211; lengva Eva med\u017eiaga &#8211; NAUJAI"},"content":{"rendered":"<p>&nbsp;<\/p>\n<p>&#8222;Lemigo&#8221; vyri\u0161ki guminiai batai &#8222;Garden&#8221; yra patog\u016bs ir lengvi.<\/p>\n<p>Jie lengvi, nes pagaminti i\u0161 &#8222;Eva&#8221; med\u017eiagos, kuri yra 3 kartus lengvesn\u0117 u\u017e \u012fprast\u0105 gum\u0105, i\u0161 kurios jie gaminami.Be to, &#8222;Eva&#8221; med\u017eiaga daug geriau praleid\u017eia or\u0105, tod\u0117l \u0161altu oru kojos ne taip greitai su\u0161alt\u0173.Mink\u0161tas ir patogus i\u0161imamas vidpadis gumos viduje taip pat suteikia papildomos \u0161ilumos.<\/p>\n<p>&#8222;Lemigo Garden&#8221; vyri\u0161ki guminiai batai apsaugo nuo lietaus ir purvo, yra lengvi ir saugo kojas nuo \u0161al\u010dio.<\/p>\n<p>Guminiai batai turi ra\u0161tuot\u0105 pad\u0105, tod\u0117l, jei pageidaujate, juos galima av\u0117ti ir \u017eiem\u0105.<\/p>\n<p>Jie lengvi, lengvai u\u017esimauna d\u0117l skylu\u010di\u0173 \u0161onuose ir turi ra\u0161tuot\u0105 pad\u0105 &#8211; viskas, ko tikit\u0117s i\u0161 ger\u0173 bat\u0173.<\/p>\n<p>Ideal\u016bs vyri\u0161ki \u0161lepet\u0117s lieting\u0105 dien\u0105 mieste, \u017eygiui pelk\u0117je, pasivaik\u0161\u010diojimui su \u0161unimi ar sodininkystei.<\/p>\n<p>&nbsp;<\/p>\n<p>Stebul\u0117s jau sand\u0117lyje &#8211; pristatymas per kelias dienas.<\/p>\n<p>U\u017esakymai, pateikti darbo dien\u0105 prie\u0161 termin\u0105, i\u0161siun\u010diami t\u0105 pa\u010di\u0105 dien\u0105, o siuntinys paprastai jau kit\u0105 darbo dien\u0105 b\u016bna siunt\u0173 automate.<\/p>\n<p>Jei pageidaujate, guminius batus taip pat galite \u012fsigyti tiesiai i\u0161 m\u016bs\u0173 sand\u0117lio, esan\u010dio Kanarbiku tee 15\/3, J\u00e4rvek\u00fcla &#8211; 5 minut\u0117s kelio automobiliu nuo \u00dclemiste centro.<\/p>\n","protected":false},"excerpt":{"rendered":"<p>&nbsp; &#8222;Lemigo&#8221; vyri\u0161ki guminiai batai &#8222;Garden&#8221; yra patog\u016bs ir lengvi. Jie lengvi, nes pagaminti i\u0161 &#8222;Eva&#8221; med\u017eiagos, kuri yra 3 kartus lengvesn\u0117 u\u017e \u012fprast\u0105 gum\u0105, i\u0161 kurios jie gaminami.Be to, &#8222;Eva&#8221; med\u017eiaga daug geriau praleid\u017eia or\u0105, tod\u0117l \u0161altu oru kojos ne taip greitai su\u0161alt\u0173.Mink\u0161tas ir patogus i\u0161imamas vidpadis gumos viduje taip pat suteikia papildomos \u0161ilumos. [&hellip;]<\/p>\n","protected":false},"featured_media":264903,"comment_status":"open","ping_status":"closed","template":"","meta":{"_acf_changed":false},"product_brand":[],"product_cat":[348],"product_tag":[],"class_list":{"0":"post-264902","1":"product","2":"type-product","3":"status-publish","4":"has-post-thumbnail","6":"product_cat-moteriskos-gumines","7":"product_shipping_class-tarneaeg-1-4-paeva","9":"first","10":"instock","11":"taxable","12":"shipping-taxable","13":"purchasable","14":"product-type-variable","15":"has-default-attributes","16":"add-to-wishlist-after_add_to_cart"},"acf":[],"_links":{"self":[{"href":"https:\/\/tellimused.stiilne.ee\/lt\/wp-json\/wp\/v2\/product\/264902","targetHints":{"allow":["GET"]}}],"collection":[{"href":"https:\/\/tellimused.stiilne.ee\/lt\/wp-json\/wp\/v2\/product"}],"about":[{"href":"https:\/\/tellimused.stiilne.ee\/lt\/wp-json\/wp\/v2\/types\/product"}],"replies":[{"embeddable":true,"href":"https:\/\/tellimused.stiilne.ee\/lt\/wp-json\/wp\/v2\/comments?post=264902"}],"wp:featuredmedia":[{"embeddable":true,"href":"https:\/\/tellimused.stiilne.ee\/lt\/wp-json\/wp\/v2\/media\/264903"}],"wp:attachment":[{"href":"https:\/\/tellimused.stiilne.ee\/lt\/wp-json\/wp\/v2\/media?parent=264902"}],"wp:term":[{"taxonomy":"product_brand","embeddable":true,"href":"https:\/\/tellimused.stiilne.ee\/lt\/wp-json\/wp\/v2\/product_brand?post=264902"},{"taxonomy":"product_cat","embeddable":true,"href":"https:\/\/tellimused.stiilne.ee\/lt\/wp-json\/wp\/v2\/product_cat?post=264902"},{"taxonomy":"product_tag","embeddable":true,"href":"https:\/\/tellimused.stiilne.ee\/lt\/wp-json\/wp\/v2\/product_tag?post=264902"}],"curies":[{"name":"wp","href":"https:\/\/api.w.org\/{rel}","templated":true}]}}