{"id":264907,"date":"2026-03-12T14:48:23","date_gmt":"2026-03-12T12:48:23","guid":{"rendered":"https:\/\/tellimused.stiilne.ee\/toode\/armas-puhv-varrukatega-tumesinine-taskutega-kleit-pille-kohe-loas-suurus-s36-38-sobib-ka-m-suuruse-kandjale-viimane\/"},"modified":"2026-04-07T11:07:54","modified_gmt":"2026-04-07T08:07:54","slug":"miela-tamsiai-melyna-suknele-su-kisenemis-pille-su-bufetinemis-rankovemis-s-dydzio-36-38-tinka-ir-m-dydziui-svariausia","status":"publish","type":"product","link":"https:\/\/tellimused.stiilne.ee\/lt\/produktas\/miela-tamsiai-melyna-suknele-su-kisenemis-pille-su-bufetinemis-rankovemis-s-dydzio-36-38-tinka-ir-m-dydziui-svariausia\/","title":{"rendered":"Miela tamsiai m\u0117lyna suknel\u0117 su ki\u0161en\u0117mis Pille su bufetin\u0117mis rankov\u0117mis, S dyd\u017eio (36-38) &#8211; tinka ir M dyd\u017eiui &#8211; \u0160VARIAUSIA"},"content":{"rendered":"<p>Puiki suknel\u0117 \u0161iek tiek v\u0117juotam ir v\u0117sesniam vasaros orui Estijoje &#8211; d\u0117v\u0117kite j\u0105 laisvalaikiu, darbe, eidamos \u012f kavin\u0119 su draug\u0117mis ar tiesiog m\u0117gaudamosi vasari\u0161ku oru.<\/p>\n<p>D\u0117mesio!Suknel\u0117s kirpimas platesnis nei \u012fprastai &#8211; jei abejojate tarp dviej\u0173 dyd\u017ei\u0173, rinkit\u0117s ma\u017eesn\u012f dyd\u012f.<\/p>\n<p>Suknel\u0117 pagaminta i\u0161 95 % odai draugi\u0161kos medviln\u0117s ir 5 % elastano &#8211; mink\u0161ta ir jauki prie odos.<\/p>\n<p> Suknel\u0117<strong>yra sand\u0117lyje dabar &#8211; pristatymas per kelias dienas<\/strong><\/p>\n<p>Nuotraukoje pavaizduoto modelio \u016bgis yra 158 cm &#8211; daugumos moter\u0173 suknel\u0117s yra vir\u0161 keli\u0173.<\/p>\n<p>Med\u017eiaga yra 95 % odai draugi\u0161kos medviln\u0117s ir 5 % elastano &#8211; mink\u0161ta ir jauki prie odos. Suknel\u0117<strong>yra sand\u0117lyje dabar &#8211; pristatymas per kelias dienas<\/strong> Nuotraukoje pavaizduoto modelio \u016bgis yra 158 cm &#8211; daugumos moter\u0173 suknel\u0117s yra vir\u0161 keli\u0173.<\/p>\n","protected":false},"excerpt":{"rendered":"<p>Puiki suknel\u0117 \u0161iek tiek v\u0117juotam ir v\u0117sesniam vasaros orui Estijoje &#8211; d\u0117v\u0117kite j\u0105 laisvalaikiu, darbe, eidamos \u012f kavin\u0119 su draug\u0117mis ar tiesiog m\u0117gaudamosi vasari\u0161ku oru. D\u0117mesio!Suknel\u0117s kirpimas platesnis nei \u012fprastai &#8211; jei abejojate tarp dviej\u0173 dyd\u017ei\u0173, rinkit\u0117s ma\u017eesn\u012f dyd\u012f. Suknel\u0117 pagaminta i\u0161 95 % odai draugi\u0161kos medviln\u0117s ir 5 % elastano &#8211; mink\u0161ta ir jauki [&hellip;]<\/p>\n","protected":false},"featured_media":264908,"comment_status":"open","ping_status":"closed","template":"","meta":{"_acf_changed":false},"product_brand":[],"product_cat":[299],"product_tag":[],"class_list":{"0":"post-264907","1":"product","2":"type-product","3":"status-publish","4":"has-post-thumbnail","6":"product_cat-yemi-disain-sukneles","7":"product_shipping_class-tarneaeg-5-15-paeva","9":"first","10":"instock","11":"sale","12":"taxable","13":"shipping-taxable","14":"purchasable","15":"product-type-variable","16":"has-default-attributes","17":"add-to-wishlist-after_add_to_cart"},"acf":[],"_links":{"self":[{"href":"https:\/\/tellimused.stiilne.ee\/lt\/wp-json\/wp\/v2\/product\/264907","targetHints":{"allow":["GET"]}}],"collection":[{"href":"https:\/\/tellimused.stiilne.ee\/lt\/wp-json\/wp\/v2\/product"}],"about":[{"href":"https:\/\/tellimused.stiilne.ee\/lt\/wp-json\/wp\/v2\/types\/product"}],"replies":[{"embeddable":true,"href":"https:\/\/tellimused.stiilne.ee\/lt\/wp-json\/wp\/v2\/comments?post=264907"}],"wp:featuredmedia":[{"embeddable":true,"href":"https:\/\/tellimused.stiilne.ee\/lt\/wp-json\/wp\/v2\/media\/264908"}],"wp:attachment":[{"href":"https:\/\/tellimused.stiilne.ee\/lt\/wp-json\/wp\/v2\/media?parent=264907"}],"wp:term":[{"taxonomy":"product_brand","embeddable":true,"href":"https:\/\/tellimused.stiilne.ee\/lt\/wp-json\/wp\/v2\/product_brand?post=264907"},{"taxonomy":"product_cat","embeddable":true,"href":"https:\/\/tellimused.stiilne.ee\/lt\/wp-json\/wp\/v2\/product_cat?post=264907"},{"taxonomy":"product_tag","embeddable":true,"href":"https:\/\/tellimused.stiilne.ee\/lt\/wp-json\/wp\/v2\/product_tag?post=264907"}],"curies":[{"name":"wp","href":"https:\/\/api.w.org\/{rel}","templated":true}]}}