{"id":264928,"date":"2026-03-12T14:46:56","date_gmt":"2026-03-12T12:46:56","guid":{"rendered":"https:\/\/tellimused.stiilne.ee\/toode\/stiilne-puuvillasest-kangast-bomberjakk-kirjud-suled-tellimisel\/"},"modified":"2026-04-07T11:07:49","modified_gmt":"2026-04-07T08:07:49","slug":"stilinga-medvilninio-audinio-striuke-bomber-laiskai-pagal-uzsakyma-is-feathers","status":"publish","type":"product","link":"https:\/\/tellimused.stiilne.ee\/lt\/produktas\/stilinga-medvilninio-audinio-striuke-bomber-laiskai-pagal-uzsakyma-is-feathers\/","title":{"rendered":"Stilinga medvilninio audinio striuk\u0117 &#8222;bomber&#8221; Lai\u0161kai pagal u\u017esakym\u0105 i\u0161 &#8222;Feathers"},"content":{"rendered":"<p>&nbsp;<\/p>\n<p>Patogi mink\u0161to medvilninio audinio striuk\u0117 &#8222;bomber&#8221; puikiai tinka d\u0117v\u0117ti vasar\u0105 &#8211; vilk\u0117kite j\u0105 su keln\u0117mis ar vasarin\u0117mis suknel\u0117mis, kai vasaros oras v\u0117juotas arba saul\u0117 u\u017ekliuvo u\u017e debes\u0173.Maloniai su\u0161ildys net v\u0117sesn\u0117mis vasaros naktimis.<\/p>\n<p>Bomber striuk\u0117 pasi\u016bta i\u0161 mink\u0161to ir odai malonaus audinio, 95 % medviln\u0117s ir 5 % elastano<\/p>\n<p>Bomber striuk\u0117 ra\u0161tuota tik priekyje &#8211; rankov\u0117s ir nugara yra juodos spalvos<\/p>\n<p>Dyd\u017eiai sand\u0117lyje per kelias dienas<\/p>\n<p>Dyd\u017eiai, kuri\u0173 n\u0117ra sand\u0117lyje, pristatymo laikas iki 15 darbo dien\u0173 &#8211; dauguma u\u017esakym\u0173 bus pristatyti per savait\u0119<\/p>\n<p>Bomberio striuk\u0117s dyd\u017ei\u0173 lentel\u0119 rasite po papildomomis nuotraukomis<\/p>\n<p>Visi &#8222;Yemi Design&#8221; gaminiai gaminami rankomis Estijoje.<\/p>\n<p>&nbsp;<\/p>\n","protected":false},"excerpt":{"rendered":"<p>&nbsp; Patogi mink\u0161to medvilninio audinio striuk\u0117 &#8222;bomber&#8221; puikiai tinka d\u0117v\u0117ti vasar\u0105 &#8211; vilk\u0117kite j\u0105 su keln\u0117mis ar vasarin\u0117mis suknel\u0117mis, kai vasaros oras v\u0117juotas arba saul\u0117 u\u017ekliuvo u\u017e debes\u0173.Maloniai su\u0161ildys net v\u0117sesn\u0117mis vasaros naktimis. Bomber striuk\u0117 pasi\u016bta i\u0161 mink\u0161to ir odai malonaus audinio, 95 % medviln\u0117s ir 5 % elastano Bomber striuk\u0117 ra\u0161tuota tik priekyje &#8211; [&hellip;]<\/p>\n","protected":false},"featured_media":264929,"comment_status":"open","ping_status":"closed","template":"","meta":{"_acf_changed":false},"product_brand":[],"product_cat":[396],"product_tag":[],"class_list":{"0":"post-264928","1":"product","2":"type-product","3":"status-publish","4":"has-post-thumbnail","6":"product_cat-yemi-striukes","7":"product_shipping_class-tarneaeg-1-4-paeva","9":"first","10":"instock","11":"sale","12":"taxable","13":"shipping-taxable","14":"purchasable","15":"product-type-variable","16":"has-default-attributes","17":"add-to-wishlist-after_add_to_cart"},"acf":[],"_links":{"self":[{"href":"https:\/\/tellimused.stiilne.ee\/lt\/wp-json\/wp\/v2\/product\/264928","targetHints":{"allow":["GET"]}}],"collection":[{"href":"https:\/\/tellimused.stiilne.ee\/lt\/wp-json\/wp\/v2\/product"}],"about":[{"href":"https:\/\/tellimused.stiilne.ee\/lt\/wp-json\/wp\/v2\/types\/product"}],"replies":[{"embeddable":true,"href":"https:\/\/tellimused.stiilne.ee\/lt\/wp-json\/wp\/v2\/comments?post=264928"}],"wp:featuredmedia":[{"embeddable":true,"href":"https:\/\/tellimused.stiilne.ee\/lt\/wp-json\/wp\/v2\/media\/264929"}],"wp:attachment":[{"href":"https:\/\/tellimused.stiilne.ee\/lt\/wp-json\/wp\/v2\/media?parent=264928"}],"wp:term":[{"taxonomy":"product_brand","embeddable":true,"href":"https:\/\/tellimused.stiilne.ee\/lt\/wp-json\/wp\/v2\/product_brand?post=264928"},{"taxonomy":"product_cat","embeddable":true,"href":"https:\/\/tellimused.stiilne.ee\/lt\/wp-json\/wp\/v2\/product_cat?post=264928"},{"taxonomy":"product_tag","embeddable":true,"href":"https:\/\/tellimused.stiilne.ee\/lt\/wp-json\/wp\/v2\/product_tag?post=264928"}],"curies":[{"name":"wp","href":"https:\/\/api.w.org\/{rel}","templated":true}]}}