{"id":264941,"date":"2026-03-12T14:46:56","date_gmt":"2026-03-12T12:46:56","guid":{"rendered":"https:\/\/tellimused.stiilne.ee\/toode\/efektne-taskutega-kleit-pille-varvide-mang-kohe-laos-viimane-s36-38\/"},"modified":"2026-04-07T11:07:51","modified_gmt":"2026-04-07T08:07:51","slug":"efektyvi-suknele-su-kisenemis-pille-colours-game-in-stock-last-s36-38","status":"publish","type":"product","link":"https:\/\/tellimused.stiilne.ee\/lt\/produktas\/efektyvi-suknele-su-kisenemis-pille-colours-game-in-stock-last-s36-38\/","title":{"rendered":"Efektyvi suknel\u0117 su ki\u0161en\u0117mis Pille Colours Game-in-stock last S(36-38)"},"content":{"rendered":"<p>&nbsp;<\/p>\n<p>Puiki suknel\u0117 \u0161iek tiek v\u0117juotam ir v\u0117sesniam vasaros orui Estijoje &#8211; d\u0117v\u0117kite j\u0105 laisvalaikiu, darbe, eidami \u012f kavin\u0119 su draug\u0117mis ar tiesiog m\u0117gaudamiesi vasaros oru.<\/p>\n<p>\u0160i fig\u016br\u0105 formuojanti suknel\u0117 su mink\u0161tomis ki\u0161en\u0117mis sukurta ir pagaminta Estijoje &#8211; Estijos moterims ir Estijos klimatui.Ilgesnis ilgis vir\u0161 keli\u0173 patogus aktyvesnei veiklai, o esant v\u0117juotam orui nereik\u0117s jaudintis, kad suknel\u0117s apa\u010dia pakils.Su \u0161ia suknele visada jausit\u0117s patogiai.<\/p>\n<p>D\u0116MESIO!Suknel\u0117 yra platesn\u0117 ir platesnio kirpimo nei \u012fprastai &#8211; jei abejojate tarp dviej\u0173 dyd\u017ei\u0173, rinkit\u0117s vienu dyd\u017eiu ma\u017eesn\u0119 suknel\u0119.<\/p>\n<p>Suknel\u0117 pasi\u016bta i\u0161 95 % odai draugi\u0161kos medviln\u0117s ir 5 % elastano &#8211; mink\u0161ta ir jauki prie odos.<\/p>\n<p>Suknel\u0117 siuvama pagal kliento u\u017esakym\u0105, o jos laukti reikia iki 15 dien\u0173 &#8211; paprastai suknel\u0117 gali b\u016bti pristatyta per savait\u0119.<\/p>\n<p>Nuotraukoje pavaizduoto modelio \u016bgis yra 158 cm &#8211; daugumos moter\u0173 suknel\u0117s yra vir\u0161 keli\u0173.<\/p>\n<p>&nbsp;<\/p>\n","protected":false},"excerpt":{"rendered":"<p>&nbsp; Puiki suknel\u0117 \u0161iek tiek v\u0117juotam ir v\u0117sesniam vasaros orui Estijoje &#8211; d\u0117v\u0117kite j\u0105 laisvalaikiu, darbe, eidami \u012f kavin\u0119 su draug\u0117mis ar tiesiog m\u0117gaudamiesi vasaros oru. \u0160i fig\u016br\u0105 formuojanti suknel\u0117 su mink\u0161tomis ki\u0161en\u0117mis sukurta ir pagaminta Estijoje &#8211; Estijos moterims ir Estijos klimatui.Ilgesnis ilgis vir\u0161 keli\u0173 patogus aktyvesnei veiklai, o esant v\u0117juotam orui nereik\u0117s jaudintis, [&hellip;]<\/p>\n","protected":false},"featured_media":264942,"comment_status":"open","ping_status":"closed","template":"","meta":{"_acf_changed":false},"product_brand":[],"product_cat":[299],"product_tag":[],"class_list":{"0":"post-264941","1":"product","2":"type-product","3":"status-publish","4":"has-post-thumbnail","6":"product_cat-yemi-disain-sukneles","7":"product_shipping_class-tarneaeg-5-15-paeva","9":"first","10":"instock","11":"sale","12":"taxable","13":"shipping-taxable","14":"purchasable","15":"product-type-variable","16":"has-default-attributes","17":"add-to-wishlist-after_add_to_cart"},"acf":[],"_links":{"self":[{"href":"https:\/\/tellimused.stiilne.ee\/lt\/wp-json\/wp\/v2\/product\/264941","targetHints":{"allow":["GET"]}}],"collection":[{"href":"https:\/\/tellimused.stiilne.ee\/lt\/wp-json\/wp\/v2\/product"}],"about":[{"href":"https:\/\/tellimused.stiilne.ee\/lt\/wp-json\/wp\/v2\/types\/product"}],"replies":[{"embeddable":true,"href":"https:\/\/tellimused.stiilne.ee\/lt\/wp-json\/wp\/v2\/comments?post=264941"}],"wp:featuredmedia":[{"embeddable":true,"href":"https:\/\/tellimused.stiilne.ee\/lt\/wp-json\/wp\/v2\/media\/264942"}],"wp:attachment":[{"href":"https:\/\/tellimused.stiilne.ee\/lt\/wp-json\/wp\/v2\/media?parent=264941"}],"wp:term":[{"taxonomy":"product_brand","embeddable":true,"href":"https:\/\/tellimused.stiilne.ee\/lt\/wp-json\/wp\/v2\/product_brand?post=264941"},{"taxonomy":"product_cat","embeddable":true,"href":"https:\/\/tellimused.stiilne.ee\/lt\/wp-json\/wp\/v2\/product_cat?post=264941"},{"taxonomy":"product_tag","embeddable":true,"href":"https:\/\/tellimused.stiilne.ee\/lt\/wp-json\/wp\/v2\/product_tag?post=264941"}],"curies":[{"name":"wp","href":"https:\/\/api.w.org\/{rel}","templated":true}]}}